{"id":591,"date":"2018-05-03T10:11:46","date_gmt":"2018-05-03T13:11:46","guid":{"rendered":"http:\/\/uspt.edu.ar\/web\/?page_id=591"},"modified":"2020-12-31T09:59:05","modified_gmt":"2020-12-31T12:59:05","slug":"ciencia-y-tecnologia-de-los-alimentos","status":"publish","type":"page","link":"https:\/\/uspt.edu.ar\/web\/institucional\/institutos\/instituto-de-desarrollo-e-innovacion-tecnologica-para-la-competitividad-territorial\/ciencia-y-tecnologia-de-los-alimentos\/","title":{"rendered":"Ciencia y Tecnolog\u00eda de los Alimentos"},"content":{"rendered":"<p>[vc_row full_width=\u00bbstretch_row_content_no_spaces\u00bb css=\u00bb.vc_custom_1533056969682{margin-top: 0px !important;margin-bottom: 0px !important;padding-top: 0px !important;padding-bottom: 0px !important;}\u00bb][vc_column][vc_single_image image=\u00bb3193&#8243; img_size=\u00bbfull\u00bb alignment=\u00bbcenter\u00bb css=\u00bb.vc_custom_1603465277956{margin-top: 0px !important;margin-bottom: 0px !important;padding-top: 0px !important;padding-bottom: 0px !important;}\u00bb][\/vc_column][\/vc_row][vc_row full_width=\u00bbstretch_row\u00bb css=\u00bb.vc_custom_1525438432684{background-color: #eeeeee !important;}\u00bb][vc_column][vc_column_text]<strong>Denominaci\u00f3n:<\/strong>\u00a0Licenciatura en Ciencia y Tecnolog\u00eda de los Alimentos<br \/>\n<strong>Instituci\u00f3n:<\/strong>\u00a0Universidad de San Pablo-Tucum\u00e1n<br \/>\n<strong>Ubicaci\u00f3n en la estructura:<\/strong>\u00a0: Instituto de Desarrollo e Innovaci\u00f3n Tecnol\u00f3gica para la Competitividad Territorial<br \/>\n<strong>Modalidad:<\/strong>\u00a0Presencial[\/vc_column_text][\/vc_column][\/vc_row][vc_row][vc_column][vc_column_text]<\/p>\n<h2>Perfil del Egresado<\/h2>\n<p>El perfil que esta universidad se propone otorgar a la carrera persigue la formaci\u00f3n de un profesional que adquiera capacidad para responder a las necesidades del mercado de alimentos. Trabajar\u00e1 en el dise\u00f1o y ejecuci\u00f3n de procesos que brinden valor agregado a productos vegetales y animales, en especial los de la regi\u00f3n. Poseer\u00e1 s\u00f3lida formaci\u00f3n para la investigaci\u00f3n en su \u00e1rea, as\u00ed como para realizar asesor\u00edas, en un contexto de alta exigencia de calidad para la exportaci\u00f3n.<\/p>\n<h2>Condiciones de Ingreso<\/h2>\n<p>Para ingresar a la carrera el postulante deber\u00e1:<\/p>\n<ul>\n<li>Poseer t\u00edtulo de nivel medio o polimodal en cualquiera de sus modalidades otorgado por instituciones de gesti\u00f3n oficial y\/o privada reconocidas.<\/li>\n<li>Excepcionalmente, los mayores de 25 a\u00f1os que no re\u00fanan las condiciones previas, podr\u00e1n ingresar siempre que demuestren, mediante evaluaci\u00f3n a realizar por la Universidad, que tienen preparaci\u00f3n y\/o experiencia laboral acorde con los estudios que se proponen iniciar, as\u00ed como aptitudes y conocimientos suficientes para cursarlos satisfactoriamente.<\/li>\n<li>Fotocopias del DNI.<\/li>\n<li>2 fotos carnet.<\/li>\n<li>Certificado anal\u00edtico del Nivel Secundario.<\/li>\n<li>Certificado M\u00e9dico de Aptitud F\u00edsica.<\/li>\n<li>Pago de Cuota Matr\u00edcula.<\/li>\n<\/ul>\n<h2>Condiciones de Egreso<\/h2>\n<ul>\n<li>Aprobar la totalidad de las asignaturas y dem\u00e1s obligaciones acad\u00e9micas que conforman el plan de estudios de la carrera.<\/li>\n<li>Realizar la pasant\u00eda establecida en el plan de estudio, cumpliendo con los requisitos de asistencia y presentaci\u00f3n de informe que el cuerpo acad\u00e9mico establezca.<\/li>\n<li>Haber cumplido con las normas acad\u00e9micas, arancelarias, \u00e9ticas, disciplinarias y otras que regulen las actividades en esta universidad.<\/li>\n<\/ul>\n<h2>Plan de Estudios<\/h2>\n<p>[\/vc_column_text][vc_btn title=\u00bbClick aqu\u00ed para ver el Plan de Estudios completo\u00bb style=\u00bbcustom\u00bb custom_background=\u00bb#3f306a\u00bb custom_text=\u00bb#ffffff\u00bb shape=\u00bbsquare\u00bb size=\u00bblg\u00bb align=\u00bbcenter\u00bb button_block=\u00bbtrue\u00bb link=\u00bburl:http%3A%2F%2Fuspt.edu.ar%2Fweb%2Fwp-content%2Fuploads%2F2018%2F05%2Falimentos.pdf||target:%20_blank|\u00bb][vc_btn title=\u00bbPre &#8211; Inscripci\u00f3n 2021&#8243; style=\u00bbcustom\u00bb custom_background=\u00bb#3f306a\u00bb custom_text=\u00bb#ffffff\u00bb shape=\u00bbsquare\u00bb size=\u00bblg\u00bb align=\u00bbcenter\u00bb button_block=\u00bbtrue\u00bb link=\u00bburl:https%3A%2F%2Fuspt.edu.ar%2F2021%2Fcourse-single.php%3Fcarrera%3DALI||target:%20_blank|\u00bb][\/vc_column][\/vc_row][vc_row full_width=\u00bbstretch_row\u00bb css=\u00bb.vc_custom_1525438937145{background-color: #d8c9e2 !important;}\u00bb][vc_column][vc_column_text]<\/p>\n<p style=\"font-size: 20px;\"><i class=\"far fa-hand-point-right\" style=\"font-size: 22px; margin-right: 5px;\"><\/i>Inscripciones en 24 de Septiembre 476.<\/p>\n<p style=\"font-size: 20px;\"><i class=\"fas fa-phone\" style=\"font-size: 22px; margin-right: 5px;\"><\/i>Consultas al 4530630.<\/p>\n<p style=\"font-size: 20px;\"><i class=\"fab fa-whatsapp\" style=\"font-size: 22px; margin-right: 5px;\"><\/i>Whatsapp al 0381 6266870.<\/p>\n<p>[\/vc_column_text][\/vc_column][\/vc_row]<\/p>\n","protected":false},"excerpt":{"rendered":"<p>[vc_row full_width=\u00bbstretch_row_content_no_spaces\u00bb css=\u00bb.vc_custom_1533056969682{margin-top: 0px !important;margin-bottom: 0px !important;padding-top: 0px !important;padding-bottom: 0px !important;}\u00bb][vc_column][vc_single_image image=\u00bb3193&#8243; img_size=\u00bbfull\u00bb alignment=\u00bbcenter\u00bb css=\u00bb.vc_custom_1603465277956{margin-top: 0px !important;margin-bottom: 0px !important;padding-top: 0px !important;padding-bottom: 0px !important;}\u00bb][\/vc_column][\/vc_row][vc_row full_width=\u00bbstretch_row\u00bb css=\u00bb.vc_custom_1525438432684{background-color: #eeeeee !important;}\u00bb][vc_column][vc_column_text]Denominaci\u00f3n:\u00a0Licenciatura en Ciencia y Tecnolog\u00eda de los Alimentos Instituci\u00f3n:\u00a0Universidad de San Pablo-Tucum\u00e1n Ubicaci\u00f3n en la estructura:\u00a0: Instituto de Desarrollo e Innovaci\u00f3n Tecnol\u00f3gica para la Competitividad Territorial Modalidad:\u00a0Presencial[\/vc_column_text][\/vc_column][\/vc_row][vc_row][vc_column][vc_column_text] Perfil del &hellip; <\/p>\n<p class=\"link-more\"><a href=\"https:\/\/uspt.edu.ar\/web\/institucional\/institutos\/instituto-de-desarrollo-e-innovacion-tecnologica-para-la-competitividad-territorial\/ciencia-y-tecnologia-de-los-alimentos\/\" class=\"more-link\">Continuar leyendo<span class=\"screen-reader-text\"> \u00abCiencia y Tecnolog\u00eda de los Alimentos\u00bb<\/span><\/a><\/p>\n","protected":false},"author":2,"featured_media":0,"parent":477,"menu_order":0,"comment_status":"closed","ping_status":"closed","template":"","meta":{"_acf_changed":false,"footnotes":""},"class_list":["post-591","page","type-page","status-publish","hentry"],"acf":[],"jetpack_sharing_enabled":true,"jetpack_shortlink":"https:\/\/wp.me\/P9JBoE-9x","jetpack-related-posts":[],"_links":{"self":[{"href":"https:\/\/uspt.edu.ar\/web\/wp-json\/wp\/v2\/pages\/591","targetHints":{"allow":["GET"]}}],"collection":[{"href":"https:\/\/uspt.edu.ar\/web\/wp-json\/wp\/v2\/pages"}],"about":[{"href":"https:\/\/uspt.edu.ar\/web\/wp-json\/wp\/v2\/types\/page"}],"author":[{"embeddable":true,"href":"https:\/\/uspt.edu.ar\/web\/wp-json\/wp\/v2\/users\/2"}],"replies":[{"embeddable":true,"href":"https:\/\/uspt.edu.ar\/web\/wp-json\/wp\/v2\/comments?post=591"}],"version-history":[{"count":6,"href":"https:\/\/uspt.edu.ar\/web\/wp-json\/wp\/v2\/pages\/591\/revisions"}],"predecessor-version":[{"id":3320,"href":"https:\/\/uspt.edu.ar\/web\/wp-json\/wp\/v2\/pages\/591\/revisions\/3320"}],"up":[{"embeddable":true,"href":"https:\/\/uspt.edu.ar\/web\/wp-json\/wp\/v2\/pages\/477"}],"wp:attachment":[{"href":"https:\/\/uspt.edu.ar\/web\/wp-json\/wp\/v2\/media?parent=591"}],"curies":[{"name":"wp","href":"https:\/\/api.w.org\/{rel}","templated":true}]}}