{"id":578,"date":"2018-05-03T10:09:49","date_gmt":"2018-05-03T13:09:49","guid":{"rendered":"http:\/\/uspt.edu.ar\/web\/?page_id=578"},"modified":"2020-11-10T14:50:05","modified_gmt":"2020-11-10T17:50:05","slug":"licenciatura-en-periodismo","status":"publish","type":"page","link":"https:\/\/uspt.edu.ar\/web\/institucional\/institutos\/instituto-de-estudios-sociales-politica-y-cultura\/licenciatura-en-periodismo\/","title":{"rendered":"Licenciatura en Periodismo"},"content":{"rendered":"<p>[vc_row full_width=\u00bbstretch_row_content_no_spaces\u00bb css=\u00bb.vc_custom_1533057309080{margin-top: 0px !important;margin-bottom: 0px !important;padding-top: 0px !important;padding-bottom: 0px !important;}\u00bb][vc_column][vc_single_image image=\u00bb3198&#8243; img_size=\u00bbfull\u00bb alignment=\u00bbcenter\u00bb css=\u00bb.vc_custom_1603465660600{margin-top: 0px !important;margin-bottom: 0px !important;padding-top: 0px !important;padding-bottom: 0px !important;}\u00bb][\/vc_column][\/vc_row][vc_row full_width=\u00bbstretch_row\u00bb css=\u00bb.vc_custom_1525438432684{background-color: #eeeeee !important;}\u00bb][vc_column][vc_column_text]<strong>Denominaci\u00f3n:<\/strong>\u00a0Licenciatura en Periodismo<br \/>\n<strong>T\u00edtulo:<\/strong>\u00a0Licenciado en Periodismo<br \/>\n<strong>Instituci\u00f3n:<\/strong>\u00a0Universidad de San Pablo -Tucum\u00e1n<br \/>\n<strong>Ubicaci\u00f3n en la estructura:<\/strong>\u00a0Instituto de Estudios Sociales, Pol\u00edtica y Cultura<\/p>\n<p><strong>Modalidad:<\/strong> Presencial y a Distancia[\/vc_column_text][\/vc_column][\/vc_row][vc_row][vc_column][vc_column_text]<\/p>\n<h2>Alcances del T\u00edtulo<\/h2>\n<ul>\n<li>Desarrollar herramientas cr\u00edticas de an\u00e1lisis de la realidad social, local, nacional e internacional.<\/li>\n<li>Informar con objetividad los eventos relevantes de la vida social, pol\u00edtica, cultural y natural en la actividad que le toque desempe\u00f1ar.<\/li>\n<li>Manejar las herramientas propias de la teor\u00eda de la comunicaci\u00f3n social en lo que a su profesi\u00f3n se refiere.<\/li>\n<li>Tener un adecuado manejo de las lenguas extranjeras m\u00e1s importantes para poder ejercer labores de corresponsal\u00eda.<\/li>\n<li>Poseer una cultura general muy amplia que le permitan obtener una compresi\u00f3n acertada de la complejidad de las pr\u00e1cticas cient\u00edficas, culturales, sociales y los fen\u00f3menos naturales.<\/li>\n<li>Desarrollar capacidades de investigaci\u00f3n en la disciplina objeto de su profesi\u00f3n.<\/li>\n<li>Manejar nociones b\u00e1sicas de las disciplinas jur\u00eddicas y contables aplicadas a las empresas de medios masivos de comunicaci\u00f3n.<\/li>\n<\/ul>\n<h2>Plan de Estudios<\/h2>\n<p>[\/vc_column_text][vc_column_text]<\/p>\n<h2>Alcances del T\u00edtulo<\/h2>\n<ul>\n<li>Desarrollar herramientas cr\u00edticas de an\u00e1lisis de la realidad social, local, nacional e internacional.<\/li>\n<li>Informar con objetividad los eventos relevantes de la vida social, pol\u00edtica, cultural y natural en la actividad que le toque desempe\u00f1ar.<\/li>\n<li>Manejar las herramientas propias de la teor\u00eda de la comunicaci\u00f3n social en lo que a su profesi\u00f3n se refiere.<\/li>\n<li>Tener un adecuado manejo de las lenguas extranjeras m\u00e1s importantes para poder ejercer labores de corresponsal\u00eda.<\/li>\n<li>Poseer una cultura general muy amplia que le permitan obtener una compresi\u00f3n acertada de la complejidad de las pr\u00e1cticas cient\u00edficas, culturales, sociales y los fen\u00f3menos naturales.<\/li>\n<li>Desarrollar capacidades de investigaci\u00f3n en la disciplina objeto de su profesi\u00f3n.<\/li>\n<li>Manejar nociones b\u00e1sicas de las disciplinas jur\u00eddicas y contables aplicadas a las empresas de medios masivos de comunicaci\u00f3n.<\/li>\n<\/ul>\n<h2>Plan de Estudios<\/h2>\n<p>[\/vc_column_text][vc_btn title=\u00bbClick aqu\u00ed para ver el Plan de Estudios completo\u00bb style=\u00bbcustom\u00bb custom_background=\u00bb#3f306a\u00bb custom_text=\u00bb#ffffff\u00bb shape=\u00bbsquare\u00bb size=\u00bblg\u00bb align=\u00bbcenter\u00bb button_block=\u00bbtrue\u00bb link=\u00bburl:http%3A%2F%2Fuspt.edu.ar%2Fweb%2Fwp-content%2Fuploads%2F2018%2F05%2Fperiodismo.pdf||target:%20_blank|\u00bb][vc_btn title=\u00bbPre &#8211; Inscripci\u00f3n 2021&#8243; style=\u00bbcustom\u00bb custom_background=\u00bb#3f306a\u00bb custom_text=\u00bb#ffffff\u00bb shape=\u00bbsquare\u00bb size=\u00bblg\u00bb align=\u00bbcenter\u00bb button_block=\u00bbtrue\u00bb link=\u00bburl:https%3A%2F%2Fuspt.edu.ar%2F2021%2Fcourse-single.php%3Fcarrera%3DPER||target:%20_blank|\u00bb][\/vc_column][\/vc_row][vc_row full_width=\u00bbstretch_row\u00bb css=\u00bb.vc_custom_1525438937145{background-color: #d8c9e2 !important;}\u00bb][vc_column][vc_column_text]<\/p>\n<p style=\"font-size: 20px;\"><i class=\"far fa-hand-point-right\" style=\"font-size: 22px; margin-right: 5px;\"><\/i>Inscripciones en 24 de Septiembre 476.<\/p>\n<p style=\"font-size: 20px;\"><i class=\"fas fa-phone\" style=\"font-size: 22px; margin-right: 5px;\"><\/i>Consultas al 4530630.<\/p>\n<p style=\"font-size: 20px;\"><i class=\"fab fa-whatsapp\" style=\"font-size: 22px; margin-right: 5px;\"><\/i>Whatsapp al 0381 6266870.<\/p>\n<p>[\/vc_column_text][\/vc_column][\/vc_row]<\/p>\n","protected":false},"excerpt":{"rendered":"<p>[vc_row full_width=\u00bbstretch_row_content_no_spaces\u00bb css=\u00bb.vc_custom_1533057309080{margin-top: 0px !important;margin-bottom: 0px !important;padding-top: 0px !important;padding-bottom: 0px !important;}\u00bb][vc_column][vc_single_image image=\u00bb3198&#8243; img_size=\u00bbfull\u00bb alignment=\u00bbcenter\u00bb css=\u00bb.vc_custom_1603465660600{margin-top: 0px !important;margin-bottom: 0px !important;padding-top: 0px !important;padding-bottom: 0px !important;}\u00bb][\/vc_column][\/vc_row][vc_row full_width=\u00bbstretch_row\u00bb css=\u00bb.vc_custom_1525438432684{background-color: #eeeeee !important;}\u00bb][vc_column][vc_column_text]Denominaci\u00f3n:\u00a0Licenciatura en Periodismo T\u00edtulo:\u00a0Licenciado en Periodismo Instituci\u00f3n:\u00a0Universidad de San Pablo -Tucum\u00e1n Ubicaci\u00f3n en la estructura:\u00a0Instituto de Estudios Sociales, Pol\u00edtica y Cultura Modalidad: Presencial y a Distancia[\/vc_column_text][\/vc_column][\/vc_row][vc_row][vc_column][vc_column_text] Alcances del T\u00edtulo &hellip; <\/p>\n<p class=\"link-more\"><a href=\"https:\/\/uspt.edu.ar\/web\/institucional\/institutos\/instituto-de-estudios-sociales-politica-y-cultura\/licenciatura-en-periodismo\/\" class=\"more-link\">Continuar leyendo<span class=\"screen-reader-text\"> \u00abLicenciatura en Periodismo\u00bb<\/span><\/a><\/p>\n","protected":false},"author":2,"featured_media":0,"parent":478,"menu_order":0,"comment_status":"closed","ping_status":"closed","template":"","meta":{"_acf_changed":false,"footnotes":""},"class_list":["post-578","page","type-page","status-publish","hentry"],"acf":[],"jetpack_sharing_enabled":true,"jetpack_shortlink":"https:\/\/wp.me\/P9JBoE-9k","jetpack-related-posts":[],"_links":{"self":[{"href":"https:\/\/uspt.edu.ar\/web\/wp-json\/wp\/v2\/pages\/578","targetHints":{"allow":["GET"]}}],"collection":[{"href":"https:\/\/uspt.edu.ar\/web\/wp-json\/wp\/v2\/pages"}],"about":[{"href":"https:\/\/uspt.edu.ar\/web\/wp-json\/wp\/v2\/types\/page"}],"author":[{"embeddable":true,"href":"https:\/\/uspt.edu.ar\/web\/wp-json\/wp\/v2\/users\/2"}],"replies":[{"embeddable":true,"href":"https:\/\/uspt.edu.ar\/web\/wp-json\/wp\/v2\/comments?post=578"}],"version-history":[{"count":4,"href":"https:\/\/uspt.edu.ar\/web\/wp-json\/wp\/v2\/pages\/578\/revisions"}],"predecessor-version":[{"id":3269,"href":"https:\/\/uspt.edu.ar\/web\/wp-json\/wp\/v2\/pages\/578\/revisions\/3269"}],"up":[{"embeddable":true,"href":"https:\/\/uspt.edu.ar\/web\/wp-json\/wp\/v2\/pages\/478"}],"wp:attachment":[{"href":"https:\/\/uspt.edu.ar\/web\/wp-json\/wp\/v2\/media?parent=578"}],"curies":[{"name":"wp","href":"https:\/\/api.w.org\/{rel}","templated":true}]}}