{"id":575,"date":"2018-05-03T10:09:06","date_gmt":"2018-05-03T13:09:06","guid":{"rendered":"http:\/\/uspt.edu.ar\/web\/?page_id=575"},"modified":"2020-10-23T11:46:33","modified_gmt":"2020-10-23T14:46:33","slug":"abogacia","status":"publish","type":"page","link":"https:\/\/uspt.edu.ar\/web\/institucional\/institutos\/instituto-de-estudios-sociales-politica-y-cultura\/abogacia\/","title":{"rendered":"Abogac\u00eda"},"content":{"rendered":"<p>[vc_row full_width=\u00bbstretch_row_content_no_spaces\u00bb css=\u00bb.vc_custom_1533057473282{margin-top: 0px !important;margin-bottom: 0px !important;padding-top: 0px !important;padding-bottom: 0px !important;}\u00bb][vc_column][vc_single_image image=\u00bb3186&#8243; img_size=\u00bbfull\u00bb alignment=\u00bbcenter\u00bb css=\u00bb.vc_custom_1603464343709{margin-top: 0px !important;margin-bottom: 0px !important;padding-top: 0px !important;padding-bottom: 0px !important;}\u00bb][\/vc_column][\/vc_row][vc_row full_width=\u00bbstretch_row\u00bb css=\u00bb.vc_custom_1525361190719{background-color: #eeeeee !important;}\u00bb][vc_column][vc_column_text]<strong>Denominaci\u00f3n:<\/strong>\u00a0Abogado<br \/>\n<strong>T\u00edtulo intermedio:<\/strong>\u00a0T\u00e9cnico Jur\u00eddico de Empresas (Orient. Empresas)<br \/>\n<strong>Instituci\u00f3n:<\/strong>\u00a0Universidad de San Pablo -Tucum\u00e1n<br \/>\n<strong>Ubicaci\u00f3n en la estructura:<\/strong>\u00a0Instituto de Estudios Sociales, Pol\u00edtica y Cultura<br \/>\n<strong>Modalidad:<\/strong>\u00a0Presencial[\/vc_column_text][\/vc_column][\/vc_row][vc_row][vc_column][vc_column_text]<\/p>\n<h2>Perfil del Egresado<\/h2>\n<p>Los abogados de la USP-T contar\u00e1n con una s\u00f3lida formaci\u00f3n jur\u00eddica, lo que les permitir\u00e1 desempe\u00f1arse eficazmente en defensa de intereses tanto p\u00fablicos como privados.<\/p>\n<p>La impronta educativa de la Universidad, asentada en valores, el trabajo com prom etido de sus docentes, el com prom iso con lo social y la preparaci\u00f3n para afrontar las m\u00e1s modernas tendencias del derecho sin descuidar las fuentes cl\u00e1sicas, nos permite la formaci\u00f3n de abogados capacitados para el desarrollo de m\u00faltiples y diversas funciones, com o las de investigaci\u00f3n y docencia, desempe\u00f1arse eficazmente en la dirigencia pol\u00edtica y social, practicar el ejercicio libre de la profesi\u00f3n, as\u00ed como el formar parte de los cuadros de la Administraci\u00f3n P\u00fablica y tam bi\u00e9n com o funcionarios en el Poder Judicial. Su formaci\u00f3n, los habilita para realizar tareas de asesoramiento y consultor\u00eda de empresas, entidades financieras, organismos no gubernamentales, tanto nacionales como internacionales.<\/p>\n<h2>Condiciones de Ingreso<\/h2>\n<ul>\n<li>Poseer t\u00edtulo de nivel medio o polimodal en cualquiera de sus modalidades otorgado por instituciones de gesti\u00f3n oficial y\/o privada reconocidas.<\/li>\n<li>Excepcionalmente, los mayores de 25 a\u00f1os que no re\u00fanan las condiciones previas, podr\u00e1n ingresar siempre que demuestren, mediante evaluaci\u00f3n a realizar por la Universidad, que tienen preparaci\u00f3n y\/o experiencia laboral acorde con los estudios que se proponen iniciar, as\u00ed com o aptitudes y conocimientos suficientes para cursarlos satisfactoriamente.<\/li>\n<li>Fotocopias del DNI.<\/li>\n<li>2 fotos carnet.<\/li>\n<li>Certificado anal\u00edtico del Nivel Secundario.<\/li>\n<li>Certificado M\u00e9dico de Aptitud F\u00edsica.<\/li>\n<li>Pago de Cuota Matr\u00edcula.<\/li>\n<\/ul>\n<h2>Condiciones de Egreso (Tecnicatura)<\/h2>\n<p>Se exigir\u00e1 que el estudiante curse y apruebe la totalidad de las asignaturas de primer a tercer a\u00f1o y adicionalmente presente un trabajo individual basado en una pasant\u00eda que realice en empresas privadas y que defender\u00e1 ante un tribunal de docentes elegidos por la Direcci\u00f3n de la Carrera.<\/p>\n<h2>Condiciones de Egreso (Abogac\u00eda)<\/h2>\n<ul>\n<li>Aprobar la totalidad de las asignaturas y dem\u00e1s obligaciones acad\u00e9micas que conforman el plan de estudios de la carrera.<\/li>\n<li>Realizar la pasant\u00eda establecida en el plan de estudio, cumpliendo con los requisitos de asistencia y presentaci\u00f3n de informe que el cuerpo acad\u00e9mico establezca.<\/li>\n<li>Haber cumplido con las normas acad\u00e9micas, arancelarias, \u00e9ticas, disciplinarias y otras que regulen las actividades en esta universidad.<\/li>\n<li>Elaborar y defender el trabajo de investigaci\u00f3n de acuerdo con los requisitos acad\u00e9micos establecidos.<\/li>\n<\/ul>\n<h2>Plan de Estudios<\/h2>\n<p>CH: Carga horaria (horas reloj)<br \/>\nR: R\u00e9gim en (C.1: 1er cuatrimestre, C.2: 2do cuatrimestre, A: anual)<br \/>\nH\/S: Horas semanales.<\/p>\n\n<table id=\"tablepress-23\" class=\"tablepress tablepress-id-23\">\n<thead>\n<tr class=\"row-1\">\n\t<th class=\"column-1\">1er A\u00f1o<\/th><td class=\"column-2\"><\/td><td class=\"column-3\"><\/td><td class=\"column-4\"><\/td><td class=\"column-5\"><\/td>\n<\/tr>\n<\/thead>\n<tbody class=\"row-striping row-hover\">\n<tr class=\"row-2\">\n\t<td class=\"column-1\"><\/td><td class=\"column-2\">CH<\/td><td class=\"column-3\">R<\/td><td class=\"column-4\">H\/S<\/td><td class=\"column-5\">Correlativas<\/td>\n<\/tr>\n<tr class=\"row-3\">\n\t<td class=\"column-1\">Introducci\u00f3n a los Sistemas Jur\u00eddicos<\/td><td class=\"column-2\">60<\/td><td class=\"column-3\">C.1<\/td><td class=\"column-4\">4<\/td><td class=\"column-5\"><\/td>\n<\/tr>\n<tr class=\"row-4\">\n\t<td class=\"column-1\">Introducci\u00f3n al Derecho de la Empresa<\/td><td class=\"column-2\">60<\/td><td class=\"column-3\">C.2<\/td><td class=\"column-4\">4<\/td><td class=\"column-5\"><\/td>\n<\/tr>\n<tr class=\"row-5\">\n\t<td class=\"column-1\">Derecho Privado I (Civil y Comercial)<\/td><td class=\"column-2\">120<\/td><td class=\"column-3\">A<\/td><td class=\"column-4\">4<\/td><td class=\"column-5\"><\/td>\n<\/tr>\n<tr class=\"row-6\">\n\t<td class=\"column-1\">Derecho P\u00fablico I (Constitucional)<\/td><td class=\"column-2\">60<\/td><td class=\"column-3\">C.1<\/td><td class=\"column-4\">4<\/td><td class=\"column-5\"><\/td>\n<\/tr>\n<tr class=\"row-7\">\n\t<td class=\"column-1\">Derecho P\u00fablico II (Administrativo)<\/td><td class=\"column-2\">60<\/td><td class=\"column-3\">C.2<\/td><td class=\"column-4\">4<\/td><td class=\"column-5\">Derecho P\u00fablico I<\/td>\n<\/tr>\n<tr class=\"row-8\">\n\t<td class=\"column-1\">Taller de An\u00e1lisis Contempor\u00e1neo I<\/td><td class=\"column-2\">60<\/td><td class=\"column-3\">C.2<\/td><td class=\"column-4\">2<\/td><td class=\"column-5\"><\/td>\n<\/tr>\n<tr class=\"row-9\">\n\t<td class=\"column-1\">Estad\u00edstica I<\/td><td class=\"column-2\">75<\/td><td class=\"column-3\">C.1<\/td><td class=\"column-4\">5<\/td><td class=\"column-5\"><\/td>\n<\/tr>\n<tr class=\"row-10\">\n\t<td class=\"column-1\">Inform\u00e1tica Jur\u00eddica<\/td><td class=\"column-2\">90<\/td><td class=\"column-3\">A<\/td><td class=\"column-4\">3<\/td><td class=\"column-5\"><\/td>\n<\/tr>\n<tr class=\"row-11\">\n\t<td class=\"column-1\">Ingl\u00e9s I<\/td><td class=\"column-2\">45<\/td><td class=\"column-3\">C.1<\/td><td class=\"column-4\">3<\/td><td class=\"column-5\"><\/td>\n<\/tr>\n<tr class=\"row-12\">\n\t<td class=\"column-1\">Ingl\u00e9s II<\/td><td class=\"column-2\">45<\/td><td class=\"column-3\">C.2<\/td><td class=\"column-4\">3<\/td><td class=\"column-5\">Ingl\u00e9s I<\/td>\n<\/tr>\n<tr class=\"row-13\">\n\t<td class=\"column-1\">Filosof\u00eda<\/td><td class=\"column-2\">60<\/td><td class=\"column-3\">C.2<\/td><td class=\"column-4\">4<\/td><td class=\"column-5\"><\/td>\n<\/tr>\n<tr class=\"row-14\">\n\t<td class=\"column-1\">Carga Horaria Total para el 1er A\u00f1o (horas reloj)<\/td><td class=\"column-2\"><\/td><td class=\"column-3\"><\/td><td class=\"column-4\"><\/td><td class=\"column-5\">735<\/td>\n<\/tr>\n<\/tbody>\n<\/table>\n<!-- #tablepress-23 from cache -->\n\n<table id=\"tablepress-24\" class=\"tablepress tablepress-id-24\">\n<thead>\n<tr class=\"row-1\">\n\t<th class=\"column-1\">2do A\u00f1o<\/th><td class=\"column-2\"><\/td><td class=\"column-3\"><\/td><td class=\"column-4\"><\/td><td class=\"column-5\"><\/td>\n<\/tr>\n<\/thead>\n<tbody class=\"row-striping row-hover\">\n<tr class=\"row-2\">\n\t<td class=\"column-1\"><\/td><td class=\"column-2\">CH<\/td><td class=\"column-3\">R<\/td><td class=\"column-4\">H\/S<\/td><td class=\"column-5\">Correlativas<\/td>\n<\/tr>\n<tr class=\"row-3\">\n\t<td class=\"column-1\">Derecho Privado II (Obligaciones Civiles y Comerciales)<\/td><td class=\"column-2\">120<\/td><td class=\"column-3\">A<\/td><td class=\"column-4\">4<\/td><td class=\"column-5\">Derecho Privado I<\/td>\n<\/tr>\n<tr class=\"row-4\">\n\t<td class=\"column-1\">Derecho Privado III (Contratos Civiles y Comerciales) <\/td><td class=\"column-2\">120<\/td><td class=\"column-3\">A<\/td><td class=\"column-4\">4<\/td><td class=\"column-5\">Derecho Privado I<\/td>\n<\/tr>\n<tr class=\"row-5\">\n\t<td class=\"column-1\">Derecho P\u00fablico III (Agrario, Minero, Ambiental y Patrimonial)<\/td><td class=\"column-2\">60<\/td><td class=\"column-3\">C.1<\/td><td class=\"column-4\">4<\/td><td class=\"column-5\">Introducci\u00f3n al Derecho de la Empresa<\/td>\n<\/tr>\n<tr class=\"row-6\">\n\t<td class=\"column-1\">Derecho P\u00fablico IV (Tributario)<\/td><td class=\"column-2\">60<\/td><td class=\"column-3\">C.2<\/td><td class=\"column-4\">4<\/td><td class=\"column-5\">Derecho P\u00fablico III<\/td>\n<\/tr>\n<tr class=\"row-7\">\n\t<td class=\"column-1\">Derecho del Consumidor y Usuario<\/td><td class=\"column-2\">60<\/td><td class=\"column-3\">C.2<\/td><td class=\"column-4\">4<\/td><td class=\"column-5\">Derecho P\u00fablico II<\/td>\n<\/tr>\n<tr class=\"row-8\">\n\t<td class=\"column-1\">Taller de An\u00e1lisis Contempor\u00e1neo II<\/td><td class=\"column-2\">60<\/td><td class=\"column-3\">C.1<\/td><td class=\"column-4\">4<\/td><td class=\"column-5\"><\/td>\n<\/tr>\n<tr class=\"row-9\">\n\t<td class=\"column-1\">(A) Orientaci\u00f3n: Pol\u00edtica Regional e Internacional<\/td><td class=\"column-2\"><\/td><td class=\"column-3\"><\/td><td class=\"column-4\"><\/td><td class=\"column-5\"><\/td>\n<\/tr>\n<tr class=\"row-10\">\n\t<td class=\"column-1\">Teor\u00eda de las Relaciones Internacionales I <\/td><td class=\"column-2\">60<\/td><td class=\"column-3\">C.1<\/td><td class=\"column-4\">4<\/td><td class=\"column-5\"><\/td>\n<\/tr>\n<tr class=\"row-11\">\n\t<td class=\"column-1\">Teor\u00eda de las Relaciones Internacionales II<\/td><td class=\"column-2\">60<\/td><td class=\"column-3\">C.2<\/td><td class=\"column-4\">4<\/td><td class=\"column-5\">Teor\u00eda de las Relaciones Internacionales I<\/td>\n<\/tr>\n<tr class=\"row-12\">\n\t<td class=\"column-1\">Fen\u00f3meno Pol\u00edtico<\/td><td class=\"column-2\">60<\/td><td class=\"column-3\">C.1<\/td><td class=\"column-4\">4<\/td><td class=\"column-5\"><\/td>\n<\/tr>\n<tr class=\"row-13\">\n\t<td class=\"column-1\">Carga Horaria Total para el 2do A\u00f1o (horas reloj) \u2013 Orientaci\u00f3n A<\/td><td class=\"column-2\"><\/td><td class=\"column-3\"><\/td><td class=\"column-4\"><\/td><td class=\"column-5\">660<\/td>\n<\/tr>\n<tr class=\"row-14\">\n\t<td class=\"column-1\">(B) Orientaci\u00f3n: Empresas<\/td><td class=\"column-2\"><\/td><td class=\"column-3\"><\/td><td class=\"column-4\"><\/td><td class=\"column-5\"><\/td>\n<\/tr>\n<tr class=\"row-15\">\n\t<td class=\"column-1\">Principios de Contabilidad Financiera<\/td><td class=\"column-2\">75<\/td><td class=\"column-3\">C.1<\/td><td class=\"column-4\">5<\/td><td class=\"column-5\"><\/td>\n<\/tr>\n<tr class=\"row-16\">\n\t<td class=\"column-1\">Derecho de la Empresa I<\/td><td class=\"column-2\">60<\/td><td class=\"column-3\">C.1<\/td><td class=\"column-4\">4<\/td><td class=\"column-5\"><\/td>\n<\/tr>\n<tr class=\"row-17\">\n\t<td class=\"column-1\">Derecho de la Empresa II<\/td><td class=\"column-2\">60<\/td><td class=\"column-3\">C.2<\/td><td class=\"column-4\">4<\/td><td class=\"column-5\">Derecho de la Empresa I<\/td>\n<\/tr>\n<tr class=\"row-18\">\n\t<td class=\"column-1\">Carga Horaria Total para el 2do A\u00f1o (horas reloj) \u2013 Orientaci\u00f3n B<\/td><td class=\"column-2\"><\/td><td class=\"column-3\"><\/td><td class=\"column-4\"><\/td><td class=\"column-5\">675<\/td>\n<\/tr>\n<\/tbody>\n<\/table>\n<!-- #tablepress-24 from cache -->\n\n<table id=\"tablepress-25\" class=\"tablepress tablepress-id-25\">\n<thead>\n<tr class=\"row-1\">\n\t<th class=\"column-1\">3er A\u00f1o<\/th><td class=\"column-2\"><\/td><td class=\"column-3\"><\/td><td class=\"column-4\"><\/td><td class=\"column-5\"><\/td>\n<\/tr>\n<\/thead>\n<tbody class=\"row-striping row-hover\">\n<tr class=\"row-2\">\n\t<td class=\"column-1\"><\/td><td class=\"column-2\">CH<\/td><td class=\"column-3\">R<\/td><td class=\"column-4\">H\/S<\/td><td class=\"column-5\">Correlativas<\/td>\n<\/tr>\n<tr class=\"row-3\">\n\t<td class=\"column-1\">Derecho Privado IV (D. Real, Prop. Intelectual, Marcas y Patentes)<\/td><td class=\"column-2\">120<\/td><td class=\"column-3\">A<\/td><td class=\"column-4\">4<\/td><td class=\"column-5\">Derecho Privado II, Derecho Privado III<\/td>\n<\/tr>\n<tr class=\"row-4\">\n\t<td class=\"column-1\">Derecho Privado V (Familia y Sucesiones)<\/td><td class=\"column-2\">60<\/td><td class=\"column-3\">C.1<\/td><td class=\"column-4\">4<\/td><td class=\"column-5\">Derecho Privado III<\/td>\n<\/tr>\n<tr class=\"row-5\">\n\t<td class=\"column-1\">Derecho Privado VI (Laboral y Provisional)<\/td><td class=\"column-2\">60<\/td><td class=\"column-3\">C.1<\/td><td class=\"column-4\">4<\/td><td class=\"column-5\">Derecho Privado II, Derecho de la Empresa II<\/td>\n<\/tr>\n<tr class=\"row-6\">\n\t<td class=\"column-1\">Derecho P\u00fablico V (Penal)<\/td><td class=\"column-2\">60<\/td><td class=\"column-3\">C.1<\/td><td class=\"column-4\">4<\/td><td class=\"column-5\">Derecho P\u00fablico IV<\/td>\n<\/tr>\n<tr class=\"row-7\">\n\t<td class=\"column-1\">Derecho P\u00fablico VI (Penal Econ\u00f3mico) <\/td><td class=\"column-2\">60<\/td><td class=\"column-3\">C.2<\/td><td class=\"column-4\">4<\/td><td class=\"column-5\">Derecho P\u00fablico V<\/td>\n<\/tr>\n<tr class=\"row-8\">\n\t<td class=\"column-1\">Negociaci\u00f3n de Conflictos<\/td><td class=\"column-2\">60<\/td><td class=\"column-3\">C.2<\/td><td class=\"column-4\">4<\/td><td class=\"column-5\">Derecho P\u00fablico IV, Derecho Privado II<\/td>\n<\/tr>\n<tr class=\"row-9\">\n\t<td class=\"column-1\">Taller de An\u00e1lisis Contempor\u00e1neo III<\/td><td class=\"column-2\">60<\/td><td class=\"column-3\">C.2<\/td><td class=\"column-4\">4<\/td><td class=\"column-5\"><\/td>\n<\/tr>\n<tr class=\"row-10\">\n\t<td class=\"column-1\">2 seminarios dentro de un bloque de<br \/>\norientaci\u00f3n preestablecido<\/td><td class=\"column-2\">60<\/td><td class=\"column-3\">C.1<\/td><td class=\"column-4\">4<\/td><td class=\"column-5\"><\/td>\n<\/tr>\n<tr class=\"row-11\">\n\t<td class=\"column-1\">(A) Orientaci\u00f3n: Pol\u00edtica Regional e Internacional<\/td><td class=\"column-2\"><\/td><td class=\"column-3\"><\/td><td class=\"column-4\"><\/td><td class=\"column-5\"><\/td>\n<\/tr>\n<tr class=\"row-12\">\n\t<td class=\"column-1\">Historia del Pensamiento Pol\u00edtico<\/td><td class=\"column-2\">60<\/td><td class=\"column-3\">C.2<\/td><td class=\"column-4\">4<\/td><td class=\"column-5\">Fen\u00f3meno Pol\u00edtico<\/td>\n<\/tr>\n<tr class=\"row-13\">\n\t<td class=\"column-1\">Pr\u00e1ctica Profesional en Organismos<br \/>\nP\u00fablicos<\/td><td class=\"column-2\">60<\/td><td class=\"column-3\">C.2<\/td><td class=\"column-4\">4<\/td><td class=\"column-5\"><\/td>\n<\/tr>\n<tr class=\"row-14\">\n\t<td class=\"column-1\">Carga Horaria Total para el 3er A\u00f1o (horas reloj) -<br \/>\nOrientaci\u00f3n A<\/td><td class=\"column-2\"><\/td><td class=\"column-3\"><\/td><td class=\"column-4\"><\/td><td class=\"column-5\">660<\/td>\n<\/tr>\n<tr class=\"row-15\">\n\t<td class=\"column-1\">(B) Orientaci\u00f3n: Empresas<\/td><td class=\"column-2\"><\/td><td class=\"column-3\"><\/td><td class=\"column-4\"><\/td><td class=\"column-5\"><\/td>\n<\/tr>\n<tr class=\"row-16\">\n\t<td class=\"column-1\">Concursos y Quiebras<\/td><td class=\"column-2\">60<\/td><td class=\"column-3\">C.2<\/td><td class=\"column-4\">4<\/td><td class=\"column-5\">Derecho Privado VI<\/td>\n<\/tr>\n<tr class=\"row-17\">\n\t<td class=\"column-1\">Pr\u00e1ctica Profesional en Empresas<\/td><td class=\"column-2\">60<\/td><td class=\"column-3\">C.2<\/td><td class=\"column-4\">4<\/td><td class=\"column-5\"><\/td>\n<\/tr>\n<tr class=\"row-18\">\n\t<td class=\"column-1\">Carga Horaria Total para el 3er A\u00f1o (horas reloj) \u2013 Orientaci\u00f3n B<\/td><td class=\"column-2\"><\/td><td class=\"column-3\"><\/td><td class=\"column-4\"><\/td><td class=\"column-5\">660<\/td>\n<\/tr>\n<\/tbody>\n<\/table>\n<!-- #tablepress-25 from cache -->\n\n<table id=\"tablepress-26\" class=\"tablepress tablepress-id-26\">\n<thead>\n<tr class=\"row-1\">\n\t<th class=\"column-1\">4to A\u00f1o<\/th><td class=\"column-2\"><\/td><td class=\"column-3\"><\/td><td class=\"column-4\"><\/td><td class=\"column-5\"><\/td>\n<\/tr>\n<\/thead>\n<tbody class=\"row-striping row-hover\">\n<tr class=\"row-2\">\n\t<td class=\"column-1\"><\/td><td class=\"column-2\">CH<\/td><td class=\"column-3\">R<\/td><td class=\"column-4\">H\/S<\/td><td class=\"column-5\">Correlativas<\/td>\n<\/tr>\n<tr class=\"row-3\">\n\t<td class=\"column-1\">Derecho Internacional Privado<\/td><td class=\"column-2\">60<\/td><td class=\"column-3\">C.1<\/td><td class=\"column-4\">4<\/td><td class=\"column-5\">Derecho Privado VI<\/td>\n<\/tr>\n<tr class=\"row-4\">\n\t<td class=\"column-1\">Derecho Internacional P\u00fablico<\/td><td class=\"column-2\">60<\/td><td class=\"column-3\">C.1<\/td><td class=\"column-4\">4<\/td><td class=\"column-5\">Derecho P\u00fablico V<\/td>\n<\/tr>\n<tr class=\"row-5\">\n\t<td class=\"column-1\">Optativa<\/td><td class=\"column-2\">60<\/td><td class=\"column-3\">C.1<\/td><td class=\"column-4\">4<\/td><td class=\"column-5\"><\/td>\n<\/tr>\n<tr class=\"row-6\">\n\t<td class=\"column-1\">Optativa<\/td><td class=\"column-2\">60<\/td><td class=\"column-3\">C.2<\/td><td class=\"column-4\">4<\/td><td class=\"column-5\"><\/td>\n<\/tr>\n<tr class=\"row-7\">\n\t<td class=\"column-1\">Optativa<\/td><td class=\"column-2\">60<\/td><td class=\"column-3\">C.2<\/td><td class=\"column-4\">4<\/td><td class=\"column-5\"><\/td>\n<\/tr>\n<tr class=\"row-8\">\n\t<td class=\"column-1\">Optativa<\/td><td class=\"column-2\">60<\/td><td class=\"column-3\">C.2<\/td><td class=\"column-4\">4<\/td><td class=\"column-5\"><\/td>\n<\/tr>\n<tr class=\"row-9\">\n\t<td class=\"column-1\">Metodolog\u00eda de la Investigaci\u00f3n<\/td><td class=\"column-2\">45<\/td><td class=\"column-3\">C.1<\/td><td class=\"column-4\">3<\/td><td class=\"column-5\"><\/td>\n<\/tr>\n<tr class=\"row-10\">\n\t<td class=\"column-1\">Metodolog\u00eda de la Planificaci\u00f3n<\/td><td class=\"column-2\">45<\/td><td class=\"column-3\">C.1<\/td><td class=\"column-4\">3<\/td><td class=\"column-5\"><\/td>\n<\/tr>\n<tr class=\"row-11\">\n\t<td class=\"column-1\">Protocolo<\/td><td class=\"column-2\">30<\/td><td class=\"column-3\">C.1<\/td><td class=\"column-4\">2<\/td><td class=\"column-5\"><\/td>\n<\/tr>\n<tr class=\"row-12\">\n\t<td class=\"column-1\">Historia del Arte<\/td><td class=\"column-2\">30<\/td><td class=\"column-3\">C.1<\/td><td class=\"column-4\">2<\/td><td class=\"column-5\"><\/td>\n<\/tr>\n<tr class=\"row-13\">\n\t<td class=\"column-1\">Ecolog\u00eda<\/td><td class=\"column-2\">45<\/td><td class=\"column-3\">C.1<\/td><td class=\"column-4\">3<\/td><td class=\"column-5\"><\/td>\n<\/tr>\n<tr class=\"row-14\">\n\t<td class=\"column-1\">Ingl\u00e9s III<\/td><td class=\"column-2\">45<\/td><td class=\"column-3\">C.1<\/td><td class=\"column-4\">3<\/td><td class=\"column-5\"><\/td>\n<\/tr>\n<tr class=\"row-15\">\n\t<td class=\"column-1\">L\u00f3gica<\/td><td class=\"column-2\">45<\/td><td class=\"column-3\">C.1<\/td><td class=\"column-4\">3<\/td><td class=\"column-5\"><\/td>\n<\/tr>\n<tr class=\"row-16\">\n\t<td class=\"column-1\">Carga Horaria Total para el 4to A\u00f1o (horas reloj)<\/td><td class=\"column-2\"><\/td><td class=\"column-3\"><\/td><td class=\"column-4\"><\/td><td class=\"column-5\">645<\/td>\n<\/tr>\n<\/tbody>\n<\/table>\n<!-- #tablepress-26 from cache -->\n\n<table id=\"tablepress-27\" class=\"tablepress tablepress-id-27\">\n<thead>\n<tr class=\"row-1\">\n\t<th class=\"column-1\">5to A\u00f1o<\/th><td class=\"column-2\"><\/td><td class=\"column-3\"><\/td><td class=\"column-4\"><\/td><td class=\"column-5\"><\/td>\n<\/tr>\n<\/thead>\n<tbody class=\"row-striping row-hover\">\n<tr class=\"row-2\">\n\t<td class=\"column-1\"><\/td><td class=\"column-2\">CH<\/td><td class=\"column-3\">R<\/td><td class=\"column-4\">H\/S<\/td><td class=\"column-5\">Correlativas<\/td>\n<\/tr>\n<tr class=\"row-3\">\n\t<td class=\"column-1\">Derecho Procesal Civil y Comercial<\/td><td class=\"column-2\">120<\/td><td class=\"column-3\">A<\/td><td class=\"column-4\">4<\/td><td class=\"column-5\">Derecho P\u00fablico V, Derecho Privado VI<\/td>\n<\/tr>\n<tr class=\"row-4\">\n\t<td class=\"column-1\">Derecho Procesal Penal y Constitucional<\/td><td class=\"column-2\">120<\/td><td class=\"column-3\">A<\/td><td class=\"column-4\">4<\/td><td class=\"column-5\">Derecho P\u00fablico V, Derecho Privado VI<\/td>\n<\/tr>\n<tr class=\"row-5\">\n\t<td class=\"column-1\">Derecho Notarial y Registral<\/td><td class=\"column-2\">60<\/td><td class=\"column-3\">C.1<\/td><td class=\"column-4\">4<\/td><td class=\"column-5\">Derecho P\u00fablico V, Derecho Privado VI<\/td>\n<\/tr>\n<tr class=\"row-6\">\n\t<td class=\"column-1\">Pasant\u00eda<\/td><td class=\"column-2\">120<\/td><td class=\"column-3\">A<\/td><td class=\"column-4\">4<\/td><td class=\"column-5\">4to a\u00f1o aprobado<\/td>\n<\/tr>\n<tr class=\"row-7\">\n\t<td class=\"column-1\">Taller de Tesis<\/td><td class=\"column-2\">60<\/td><td class=\"column-3\">A<\/td><td class=\"column-4\">2<\/td><td class=\"column-5\">4to a\u00f1o aprobado<\/td>\n<\/tr>\n<tr class=\"row-8\">\n\t<td class=\"column-1\">Optativa<\/td><td class=\"column-2\">60<\/td><td class=\"column-3\">C.2<\/td><td class=\"column-4\">4<\/td><td class=\"column-5\"><\/td>\n<\/tr>\n<tr class=\"row-9\">\n\t<td class=\"column-1\">Optativa<\/td><td class=\"column-2\">60<\/td><td class=\"column-3\">C.2<\/td><td class=\"column-4\">4<\/td><td class=\"column-5\"><\/td>\n<\/tr>\n<tr class=\"row-10\">\n\t<td class=\"column-1\">Optativa<\/td><td class=\"column-2\">60<\/td><td class=\"column-3\">C.2<\/td><td class=\"column-4\">4<\/td><td class=\"column-5\"><\/td>\n<\/tr>\n<tr class=\"row-11\">\n\t<td class=\"column-1\">Investigaci\u00f3n<\/td><td class=\"column-2\">120<\/td><td class=\"column-3\">A<\/td><td class=\"column-4\">4<\/td><td class=\"column-5\">4to a\u00f1o aprobado<\/td>\n<\/tr>\n<tr class=\"row-12\">\n\t<td class=\"column-1\">Carga Horaria Total para el 5to A\u00f1o (horas reloj)<\/td><td class=\"column-2\"><\/td><td class=\"column-3\"><\/td><td class=\"column-4\"><\/td><td class=\"column-5\">780<\/td>\n<\/tr>\n<\/tbody>\n<\/table>\n<!-- #tablepress-27 from cache -->\n<p>Carga horaria total de la carrera de grado \u2013 Orientaci\u00f3n A: 3.480 horas reloj.<br \/>\nCarga horaria total de la carrera de grado \u2013 Orientaci\u00f3n B: 3.495 horas reloj.<br \/>\nCarga horaria total del t\u00edtulo intermedio: 2.070 horas reloj.[\/vc_column_text][vc_btn title=\u00bbPre &#8211; Inscripci\u00f3n 2021&#8243; style=\u00bbcustom\u00bb custom_background=\u00bb#3f306a\u00bb custom_text=\u00bb#ffffff\u00bb shape=\u00bbsquare\u00bb size=\u00bblg\u00bb align=\u00bbcenter\u00bb button_block=\u00bbtrue\u00bb link=\u00bburl:https%3A%2F%2Fuspt.edu.ar%2F2021%2Fcourse-single.php%3Fcarrera%3DABO||target:%20_blank|\u00bb][\/vc_column][\/vc_row][vc_row full_width=\u00bbstretch_row\u00bb css=\u00bb.vc_custom_1525438941052{background-color: #d8c9e2 !important;}\u00bb][vc_column][vc_column_text]<\/p>\n<p style=\"font-size: 20px;\"><i class=\"far fa-hand-point-right\" style=\"font-size: 22px; margin-right: 5px;\"><\/i>Inscripciones en 24 de Septiembre 476.<\/p>\n<p style=\"font-size: 20px;\"><i class=\"fas fa-phone\" style=\"font-size: 22px; margin-right: 5px;\"><\/i>Consultas al 4530630.<\/p>\n<p style=\"font-size: 20px;\"><i class=\"fab fa-whatsapp\" style=\"font-size: 22px; margin-right: 5px;\"><\/i>Whatsapp al 0381 6266870.<\/p>\n<p>[\/vc_column_text][\/vc_column][\/vc_row]<\/p>\n","protected":false},"excerpt":{"rendered":"<p>[vc_row full_width=\u00bbstretch_row_content_no_spaces\u00bb css=\u00bb.vc_custom_1533057473282{margin-top: 0px !important;margin-bottom: 0px !important;padding-top: 0px !important;padding-bottom: 0px !important;}\u00bb][vc_column][vc_single_image image=\u00bb3186&#8243; img_size=\u00bbfull\u00bb alignment=\u00bbcenter\u00bb css=\u00bb.vc_custom_1603464343709{margin-top: 0px !important;margin-bottom: 0px !important;padding-top: 0px !important;padding-bottom: 0px !important;}\u00bb][\/vc_column][\/vc_row][vc_row full_width=\u00bbstretch_row\u00bb css=\u00bb.vc_custom_1525361190719{background-color: #eeeeee !important;}\u00bb][vc_column][vc_column_text]Denominaci\u00f3n:\u00a0Abogado T\u00edtulo intermedio:\u00a0T\u00e9cnico Jur\u00eddico de Empresas (Orient. Empresas) Instituci\u00f3n:\u00a0Universidad de San Pablo -Tucum\u00e1n Ubicaci\u00f3n en la estructura:\u00a0Instituto de Estudios Sociales, Pol\u00edtica y Cultura Modalidad:\u00a0Presencial[\/vc_column_text][\/vc_column][\/vc_row][vc_row][vc_column][vc_column_text] Perfil del Egresado Los abogados &hellip; <\/p>\n<p class=\"link-more\"><a href=\"https:\/\/uspt.edu.ar\/web\/institucional\/institutos\/instituto-de-estudios-sociales-politica-y-cultura\/abogacia\/\" class=\"more-link\">Continuar leyendo<span class=\"screen-reader-text\"> \u00abAbogac\u00eda\u00bb<\/span><\/a><\/p>\n","protected":false},"author":2,"featured_media":0,"parent":478,"menu_order":0,"comment_status":"closed","ping_status":"closed","template":"","meta":{"_acf_changed":false,"footnotes":""},"class_list":["post-575","page","type-page","status-publish","hentry"],"acf":[],"jetpack_sharing_enabled":true,"jetpack_shortlink":"https:\/\/wp.me\/P9JBoE-9h","jetpack-related-posts":[],"_links":{"self":[{"href":"https:\/\/uspt.edu.ar\/web\/wp-json\/wp\/v2\/pages\/575","targetHints":{"allow":["GET"]}}],"collection":[{"href":"https:\/\/uspt.edu.ar\/web\/wp-json\/wp\/v2\/pages"}],"about":[{"href":"https:\/\/uspt.edu.ar\/web\/wp-json\/wp\/v2\/types\/page"}],"author":[{"embeddable":true,"href":"https:\/\/uspt.edu.ar\/web\/wp-json\/wp\/v2\/users\/2"}],"replies":[{"embeddable":true,"href":"https:\/\/uspt.edu.ar\/web\/wp-json\/wp\/v2\/comments?post=575"}],"version-history":[{"count":4,"href":"https:\/\/uspt.edu.ar\/web\/wp-json\/wp\/v2\/pages\/575\/revisions"}],"predecessor-version":[{"id":2307,"href":"https:\/\/uspt.edu.ar\/web\/wp-json\/wp\/v2\/pages\/575\/revisions\/2307"}],"up":[{"embeddable":true,"href":"https:\/\/uspt.edu.ar\/web\/wp-json\/wp\/v2\/pages\/478"}],"wp:attachment":[{"href":"https:\/\/uspt.edu.ar\/web\/wp-json\/wp\/v2\/media?parent=575"}],"curies":[{"name":"wp","href":"https:\/\/api.w.org\/{rel}","templated":true}]}}