{"id":562,"date":"2018-05-03T09:54:43","date_gmt":"2018-05-03T12:54:43","guid":{"rendered":"http:\/\/uspt.edu.ar\/web\/?page_id=562"},"modified":"2020-10-23T21:01:32","modified_gmt":"2020-10-24T00:01:32","slug":"tecnico-en-administracion-en-salud","status":"publish","type":"page","link":"https:\/\/uspt.edu.ar\/web\/institucional\/institutos\/instituto-de-salud-y-calidad-de-vida\/tecnico-en-administracion-en-salud\/","title":{"rendered":"T\u00e9cnico en Administraci\u00f3n en Salud"},"content":{"rendered":"<p>[vc_row full_width=\u00bbstretch_row_content_no_spaces\u00bb css=\u00bb.vc_custom_1534952910794{margin-top: 0px !important;margin-bottom: 0px !important;padding-top: 0px !important;padding-bottom: 0px !important;}\u00bb][vc_column][vc_single_image image=\u00bb3218&#8243; img_size=\u00bbfull\u00bb alignment=\u00bbcenter\u00bb css=\u00bb.vc_custom_1603497644059{margin-top: 0px !important;margin-bottom: 0px !important;padding-top: 0px !important;padding-bottom: 0px !important;}\u00bb][\/vc_column][\/vc_row][vc_row full_width=\u00bbstretch_row\u00bb css=\u00bb.vc_custom_1525438432684{background-color: #eeeeee !important;}\u00bb][vc_column][vc_column_text]<strong>Denominaci\u00f3n:<\/strong> T\u00e9cnico en Administraci\u00f3n en Salud[\/vc_column_text][\/vc_column][\/vc_row][vc_row][vc_column][vc_column_text]<\/p>\n<h2>Alcances del T\u00edtulo:<\/h2>\n<ul>\n<li><strong>T\u00e9cnico\/a Universitario\/a de Administraci\u00f3n de Salud, que expide Universidad de San Pablo &#8211; Tucum\u00e1n, Instituto de Salud y Calidad de Vida<\/strong>.<\/li>\n<li>Gestionar en el \u00e1mbito administrativo de las instituciones de salud la documentaci\u00f3n espec\u00edfica vinculada a facturaci\u00f3n, convenios entre instituciones prestadoras de servicio, dise\u00f1o de documentaci\u00f3n para convenios y contrataciones, codificaciones de prestaciones de acuerdo a nomencladores nacionales generales y espec\u00edficos.<\/li>\n<li>Generar y organizar modelos de atenci\u00f3n de pacientes para optimizar recursos. Gesti\u00f3n de turnos, referencia y contrarreferencia, orientaci\u00f3n al paciente, triage administrativo.<\/li>\n<li>Gestionar los Procesos de Historia Cl\u00ednica, desde el enfoque t\u00e9cnico-administrativo. Apertura de la Documentaci\u00f3n cl\u00ednica del paciente, trazabilidad, archivo y resguardo de la Historia Cl\u00ednica.<\/li>\n<li>Participar en el dise\u00f1o y monitoreo de la planificaci\u00f3n institucional.<\/li>\n<li>Participar en la gesti\u00f3n de los Recursos Humanos, en conjunto con profesionales especializados, desarrollo de los programas de formaci\u00f3n, monitoreo del cumplimiento de objetivos y metas de la planificaci\u00f3n del RRHH.<\/li>\n<li>Intervenir en los programas de calidad institucional, formar parte de los comit\u00e9 multidisciplinarios de calidad, monitorear cumplimiento de requerimientos de calidad administrativos y\/o calidad en los servicios, participar en procesos de certificaci\u00f3n o acreditaci\u00f3n de calidad.<\/li>\n<li>Gestionar sistemas de informaci\u00f3n estad\u00edsticos, relacionados a tasas de utilizaci\u00f3n, producci\u00f3n y componentes administrativos contables.<\/li>\n<li>Desarrollar documentos estrat\u00e9gicos como mapas de procesos, tableros de control, indicadores de gesti\u00f3n, diagn\u00f3sticos de situaci\u00f3n.<\/li>\n<\/ul>\n<h2>Plan de Estudios<\/h2>\n<p>[\/vc_column_text][vc_btn title=\u00bbClick aqu\u00ed para ver el Plan de Estudios completo\u00bb style=\u00bbcustom\u00bb custom_background=\u00bb#3f306a\u00bb custom_text=\u00bb#ffffff\u00bb shape=\u00bbsquare\u00bb size=\u00bblg\u00bb align=\u00bbcenter\u00bb button_block=\u00bbtrue\u00bb link=\u00bburl:http%3A%2F%2Fuspt.edu.ar%2Fweb%2Fwp-content%2Fuploads%2F2018%2F07%2Fadministracion-salud-resolucion.pdf||target:%20_blank|\u00bb][vc_btn title=\u00bbPre &#8211; Inscripci\u00f3n 2021&#8243; style=\u00bbcustom\u00bb custom_background=\u00bb#3f306a\u00bb custom_text=\u00bb#ffffff\u00bb shape=\u00bbsquare\u00bb size=\u00bblg\u00bb align=\u00bbcenter\u00bb button_block=\u00bbtrue\u00bb link=\u00bburl:https%3A%2F%2Fuspt.edu.ar%2F2021%2Fcourse-single.php%3Fcarrera%3DSAL|||\u00bb][\/vc_column][\/vc_row][vc_row full_width=\u00bbstretch_row\u00bb css=\u00bb.vc_custom_1525438937145{background-color: #d8c9e2 !important;}\u00bb][vc_column][vc_column_text]<\/p>\n<p style=\"font-size: 20px;\"><i class=\"far fa-hand-point-right\" style=\"font-size: 22px; margin-right: 5px;\"><\/i>Inscripciones en 24 de Septiembre 476.<\/p>\n<p style=\"font-size: 20px;\"><i class=\"fas fa-phone\" style=\"font-size: 22px; margin-right: 5px;\"><\/i>Consultas al 4530630.<\/p>\n<p style=\"font-size: 20px;\"><i class=\"fab fa-whatsapp\" style=\"font-size: 22px; margin-right: 5px;\"><\/i>Whatsapp al 0381 6266870.<\/p>\n<p>[\/vc_column_text][\/vc_column][\/vc_row]<\/p>\n","protected":false},"excerpt":{"rendered":"<p>[vc_row full_width=\u00bbstretch_row_content_no_spaces\u00bb css=\u00bb.vc_custom_1534952910794{margin-top: 0px !important;margin-bottom: 0px !important;padding-top: 0px !important;padding-bottom: 0px !important;}\u00bb][vc_column][vc_single_image image=\u00bb3218&#8243; img_size=\u00bbfull\u00bb alignment=\u00bbcenter\u00bb css=\u00bb.vc_custom_1603497644059{margin-top: 0px !important;margin-bottom: 0px !important;padding-top: 0px !important;padding-bottom: 0px !important;}\u00bb][\/vc_column][\/vc_row][vc_row full_width=\u00bbstretch_row\u00bb css=\u00bb.vc_custom_1525438432684{background-color: #eeeeee !important;}\u00bb][vc_column][vc_column_text]Denominaci\u00f3n: T\u00e9cnico en Administraci\u00f3n en Salud[\/vc_column_text][\/vc_column][\/vc_row][vc_row][vc_column][vc_column_text] Alcances del T\u00edtulo: T\u00e9cnico\/a Universitario\/a de Administraci\u00f3n de Salud, que expide Universidad de San Pablo &#8211; Tucum\u00e1n, Instituto de Salud y Calidad de &hellip; <\/p>\n<p class=\"link-more\"><a href=\"https:\/\/uspt.edu.ar\/web\/institucional\/institutos\/instituto-de-salud-y-calidad-de-vida\/tecnico-en-administracion-en-salud\/\" class=\"more-link\">Continuar leyendo<span class=\"screen-reader-text\"> \u00abT\u00e9cnico en Administraci\u00f3n en Salud\u00bb<\/span><\/a><\/p>\n","protected":false},"author":2,"featured_media":0,"parent":479,"menu_order":0,"comment_status":"closed","ping_status":"closed","template":"","meta":{"_acf_changed":false,"footnotes":""},"class_list":["post-562","page","type-page","status-publish","hentry"],"acf":[],"jetpack_sharing_enabled":true,"jetpack_shortlink":"https:\/\/wp.me\/P9JBoE-94","jetpack-related-posts":[],"_links":{"self":[{"href":"https:\/\/uspt.edu.ar\/web\/wp-json\/wp\/v2\/pages\/562","targetHints":{"allow":["GET"]}}],"collection":[{"href":"https:\/\/uspt.edu.ar\/web\/wp-json\/wp\/v2\/pages"}],"about":[{"href":"https:\/\/uspt.edu.ar\/web\/wp-json\/wp\/v2\/types\/page"}],"author":[{"embeddable":true,"href":"https:\/\/uspt.edu.ar\/web\/wp-json\/wp\/v2\/users\/2"}],"replies":[{"embeddable":true,"href":"https:\/\/uspt.edu.ar\/web\/wp-json\/wp\/v2\/comments?post=562"}],"version-history":[{"count":3,"href":"https:\/\/uspt.edu.ar\/web\/wp-json\/wp\/v2\/pages\/562\/revisions"}],"predecessor-version":[{"id":3219,"href":"https:\/\/uspt.edu.ar\/web\/wp-json\/wp\/v2\/pages\/562\/revisions\/3219"}],"up":[{"embeddable":true,"href":"https:\/\/uspt.edu.ar\/web\/wp-json\/wp\/v2\/pages\/479"}],"wp:attachment":[{"href":"https:\/\/uspt.edu.ar\/web\/wp-json\/wp\/v2\/media?parent=562"}],"curies":[{"name":"wp","href":"https:\/\/api.w.org\/{rel}","templated":true}]}}