{"id":556,"date":"2018-05-03T09:45:38","date_gmt":"2018-05-03T12:45:38","guid":{"rendered":"http:\/\/uspt.edu.ar\/web\/?page_id=556"},"modified":"2020-10-23T21:03:54","modified_gmt":"2020-10-24T00:03:54","slug":"diseno-industrial","status":"publish","type":"page","link":"https:\/\/uspt.edu.ar\/web\/institucional\/institutos\/instituto-de-diseno-estrategia-creatividad\/diseno-industrial\/","title":{"rendered":"Dise\u00f1o Industrial"},"content":{"rendered":"<p>[vc_row full_width=\u00bbstretch_row_content_no_spaces\u00bb css=\u00bb.vc_custom_1533058617359{margin-top: 0px !important;margin-bottom: 0px !important;padding-top: 0px !important;padding-bottom: 0px !important;}\u00bb][vc_column][vc_single_image image=\u00bb3220&#8243; img_size=\u00bbfull\u00bb alignment=\u00bbcenter\u00bb css=\u00bb.vc_custom_1603497798802{margin-top: 0px !important;margin-bottom: 0px !important;padding-top: 0px !important;padding-bottom: 0px !important;}\u00bb][\/vc_column][\/vc_row][vc_row full_width=\u00bbstretch_row\u00bb css=\u00bb.vc_custom_1525438432684{background-color: #eeeeee !important;}\u00bb][vc_column][vc_column_text]<strong>Denominaci\u00f3n:<\/strong>\u00a0Licenciatura en Dise\u00f1o Industrial<br \/>\n<strong>T\u00edtulo intermedio:<\/strong>\u00a0T\u00e9cnico en Dise\u00f1o Industrial<br \/>\n<strong>Instituci\u00f3n:<\/strong>\u00a0Universidad de San Pablo -Tucum\u00e1n<br \/>\n<strong>Ubicaci\u00f3n en la estructura:<\/strong> Instituto de Dise\u00f1o, Estrategia &amp; Creatividad.<br \/>\n<strong>Modalidad:<\/strong>\u00a0Presencial[\/vc_column_text][\/vc_column][\/vc_row][vc_row][vc_column][vc_column_text]<\/p>\n<h2>Perfil del Egresado<\/h2>\n<p>El Dise\u00f1ador Industrial de la USP-T se orienta espec\u00edficamente a las \u00e1reas de Dise\u00f1o y Producci\u00f3n de objetos. Maneja aspectos formales y t\u00e9cnicos del dise\u00f1o, dominando ampliamente la utilizaci\u00f3n de sistemas inform\u00e1ticos y sistemas t\u00e9cnicos de tratamientos de materiales. Puede desarrollar actividades de servicio y asesor\u00eda, y est\u00e1 preparado para analizar, mejorar y proponer nuevos sistemas y procesos de producci\u00f3n, con conocimientos espec\u00edficos sobre gesti\u00f3n de oficinas t\u00e9cnicas. Sabe vender su producto a trav\u00e9s de un significativo lenguaje visual, y sobre todo, es un profesional que crea todo tipo de objetos para su producci\u00f3n en serie, tomando en cuenta factores t\u00e9cnicos, est\u00e9ticos y funcionales.<\/p>\n<p>Est\u00e1 capacitado para la creaci\u00f3n de l\u00edneas de productos, gr\u00e1ficas en general, presentaciones, planos t\u00e9cnicos, cat\u00e1logos, mobiliario, veh\u00edculos, utensilios, juegos, productos dom\u00e9sticos, equipamiento urbano, y muchos objetos de Producci\u00f3n Industrial.<\/p>\n<h2>Condiciones de Ingreso<\/h2>\n<ul>\n<li>Poseer t\u00edtulo de nivel medio o polimodal en cualquiera de sus modalidades otorgado por instituciones de gesti\u00f3n oficial y\/o privada reconocidas.<\/li>\n<li>Excepcionalmente, los mayores de 25 a\u00f1os que no re\u00fanan las condiciones previas, podr\u00e1n ingresar siempre que demuestren, mediante evaluaci\u00f3n a realizar por la Universidad, que tienen preparaci\u00f3n y\/o experiencia laboral acorde con los estudios que se proponen iniciar, as\u00ed com o aptitudes y conocimientos suficientes para cursarlos satisfactoriamente.<\/li>\n<li>Fotocopias del DNI.<\/li>\n<li>2 fotos carnet.<\/li>\n<li>Certificado anal\u00edtico del Nivel Secundario.<\/li>\n<li>Certificado M\u00e9dico de Aptitud F\u00edsica.<\/li>\n<li>Pago de Cuota Matr\u00edcula.<\/li>\n<\/ul>\n<h2>Condiciones de Egreso (Licenciatura)<\/h2>\n<ul>\n<li>Aprobar la totalidad de las asignaturas y dem\u00e1s obligaciones acad\u00e9micas que conforman el plan de estudios de la carrera.<\/li>\n<li>Realizar la pasant\u00eda establecida en el plan de estudio, cumpliendo con los requisitos de asistencia y presentaci\u00f3n de informe que el cuerpo acad\u00e9mico establezca.<\/li>\n<li>Haber cumplido con las normas acad\u00e9micas, arancelarias, \u00e9ticas, disciplinarias y otras que regulen las actividades en esta universidad.<\/li>\n<li>Elaborar y defender el trabajo de investigaci\u00f3n de acuerdo con los requisitos acad\u00e9micos establecidos.<\/li>\n<\/ul>\n<h2>Condiciones de Egreso (Tecnicatura)<\/h2>\n<ul>\n<li>Aprobar el Ciclo B\u00e1sico de 3 a\u00f1os, m\u00e1s las asignaturas: Electiva, Laboratorio de Gr\u00e1fica Digital III, Taller de Maqueter\u00eda y la Pr\u00e1ctica de Pasant\u00eda.<\/li>\n<li>Aprobar la defensa de un trabajo basado en la Pr\u00e1ctica de Pasant\u00eda.<\/li>\n<li>Obtener una calificaci\u00f3n de buen desempe\u00f1o en el \u201cInforme Final de Desempe\u00f1o\u201d elaborado por el tutor de la Pasant\u00eda.<\/li>\n<li>Haber cumplido con las normas acad\u00e9micas, arancelarias, \u00e9ticas, disciplinarias y otras que regulen las actividades en esta universidad.<\/li>\n<\/ul>\n<h2>Plan de Estudios<\/h2>\n<p>[\/vc_column_text][vc_btn title=\u00bbClick aqu\u00ed para ver el Plan de Estudios completo\u00bb style=\u00bbcustom\u00bb custom_background=\u00bb#3f306a\u00bb custom_text=\u00bb#ffffff\u00bb shape=\u00bbsquare\u00bb size=\u00bblg\u00bb align=\u00bbcenter\u00bb button_block=\u00bbtrue\u00bb link=\u00bburl:http%3A%2F%2Fuspt.edu.ar%2Fweb%2Fwp-content%2Fuploads%2F2018%2F05%2Fdiseno-industrial-1.pdf||target:%20_blank|\u00bb][vc_btn title=\u00bbPre &#8211; Inscripci\u00f3n 2021&#8243; style=\u00bbcustom\u00bb custom_background=\u00bb#3f306a\u00bb custom_text=\u00bb#ffffff\u00bb shape=\u00bbsquare\u00bb size=\u00bblg\u00bb align=\u00bbcenter\u00bb button_block=\u00bbtrue\u00bb link=\u00bburl:https%3A%2F%2Fuspt.edu.ar%2F2021%2Fcourse-single.php%3Fcarrera%3DIND||target:%20_blank|\u00bb][\/vc_column][\/vc_row][vc_row full_width=\u00bbstretch_row\u00bb css=\u00bb.vc_custom_1525438937145{background-color: #d8c9e2 !important;}\u00bb][vc_column][vc_column_text]<\/p>\n<p style=\"font-size: 20px;\"><i class=\"far fa-hand-point-right\" style=\"font-size: 22px; margin-right: 5px;\"><\/i>Inscripciones en 24 de Septiembre 476.<\/p>\n<p style=\"font-size: 20px;\"><i class=\"fas fa-phone\" style=\"font-size: 22px; margin-right: 5px;\"><\/i>Consultas al 4530630.<\/p>\n<p style=\"font-size: 20px;\"><i class=\"fab fa-whatsapp\" style=\"font-size: 22px; margin-right: 5px;\"><\/i>Whatsapp al 0381 6266870.<\/p>\n<p>[\/vc_column_text][\/vc_column][\/vc_row]<\/p>\n","protected":false},"excerpt":{"rendered":"<p>[vc_row full_width=\u00bbstretch_row_content_no_spaces\u00bb css=\u00bb.vc_custom_1533058617359{margin-top: 0px !important;margin-bottom: 0px !important;padding-top: 0px !important;padding-bottom: 0px !important;}\u00bb][vc_column][vc_single_image image=\u00bb3220&#8243; img_size=\u00bbfull\u00bb alignment=\u00bbcenter\u00bb css=\u00bb.vc_custom_1603497798802{margin-top: 0px !important;margin-bottom: 0px !important;padding-top: 0px !important;padding-bottom: 0px !important;}\u00bb][\/vc_column][\/vc_row][vc_row full_width=\u00bbstretch_row\u00bb css=\u00bb.vc_custom_1525438432684{background-color: #eeeeee !important;}\u00bb][vc_column][vc_column_text]Denominaci\u00f3n:\u00a0Licenciatura en Dise\u00f1o Industrial T\u00edtulo intermedio:\u00a0T\u00e9cnico en Dise\u00f1o Industrial Instituci\u00f3n:\u00a0Universidad de San Pablo -Tucum\u00e1n Ubicaci\u00f3n en la estructura: Instituto de Dise\u00f1o, Estrategia &amp; Creatividad. Modalidad:\u00a0Presencial[\/vc_column_text][\/vc_column][\/vc_row][vc_row][vc_column][vc_column_text] Perfil del Egresado El &hellip; <\/p>\n<p class=\"link-more\"><a href=\"https:\/\/uspt.edu.ar\/web\/institucional\/institutos\/instituto-de-diseno-estrategia-creatividad\/diseno-industrial\/\" class=\"more-link\">Continuar leyendo<span class=\"screen-reader-text\"> \u00abDise\u00f1o Industrial\u00bb<\/span><\/a><\/p>\n","protected":false},"author":2,"featured_media":0,"parent":480,"menu_order":0,"comment_status":"closed","ping_status":"closed","template":"","meta":{"_acf_changed":false,"footnotes":""},"class_list":["post-556","page","type-page","status-publish","hentry"],"acf":[],"jetpack_sharing_enabled":true,"jetpack_shortlink":"https:\/\/wp.me\/P9JBoE-8Y","jetpack-related-posts":[],"_links":{"self":[{"href":"https:\/\/uspt.edu.ar\/web\/wp-json\/wp\/v2\/pages\/556","targetHints":{"allow":["GET"]}}],"collection":[{"href":"https:\/\/uspt.edu.ar\/web\/wp-json\/wp\/v2\/pages"}],"about":[{"href":"https:\/\/uspt.edu.ar\/web\/wp-json\/wp\/v2\/types\/page"}],"author":[{"embeddable":true,"href":"https:\/\/uspt.edu.ar\/web\/wp-json\/wp\/v2\/users\/2"}],"replies":[{"embeddable":true,"href":"https:\/\/uspt.edu.ar\/web\/wp-json\/wp\/v2\/comments?post=556"}],"version-history":[{"count":4,"href":"https:\/\/uspt.edu.ar\/web\/wp-json\/wp\/v2\/pages\/556\/revisions"}],"predecessor-version":[{"id":3221,"href":"https:\/\/uspt.edu.ar\/web\/wp-json\/wp\/v2\/pages\/556\/revisions\/3221"}],"up":[{"embeddable":true,"href":"https:\/\/uspt.edu.ar\/web\/wp-json\/wp\/v2\/pages\/480"}],"wp:attachment":[{"href":"https:\/\/uspt.edu.ar\/web\/wp-json\/wp\/v2\/media?parent=556"}],"curies":[{"name":"wp","href":"https:\/\/api.w.org\/{rel}","templated":true}]}}