{"id":480,"date":"2018-04-03T11:54:03","date_gmt":"2018-04-03T14:54:03","guid":{"rendered":"http:\/\/uspt.edu.ar\/web\/?page_id=480"},"modified":"2019-04-05T13:00:41","modified_gmt":"2019-04-05T16:00:41","slug":"instituto-de-diseno-estrategia-creatividad","status":"publish","type":"page","link":"https:\/\/uspt.edu.ar\/web\/institucional\/institutos\/instituto-de-diseno-estrategia-creatividad\/","title":{"rendered":"Instituto de Dise\u00f1o, Estrategia &#038; Creatividad"},"content":{"rendered":"\n<h1>Instituto de Dise\u00f1o, Estrategia &amp; Creatividad<\/h1>\n<p><strong>Director:<\/strong>\u00a0Arq. Mat\u00edas Rohmer \u2013\u00a0mrohmer@uspt.edu.ar<br \/>\n<strong>Secretario:<\/strong> Ma. del Rosario Ponce \u2013 mponce@uspt.edu.ar \u2013 int 140<br \/>\n<strong>Horario de atenci\u00f3n:<\/strong>\u00a0Lunes a Viernes, de 14 a 20hs.<br \/>\n<strong>Ubicaci\u00f3n del Instituto:<\/strong>\u00a0Edificio de Dise\u00f1o, Campus Universidad de San Pablo \u2013 T<br \/>\n<strong>Tel\u00e9fono:<\/strong>\u00a054-381-4530630 int. 140<\/p>\n<p><strong>Misi\u00f3n<\/strong><\/p>\n<p>Realizar tareas de docencia, investigaci\u00f3n y extensi\u00f3n en las \u00e1reas de Dise\u00f1o y Creatividaddentro de la provincia y en la regi\u00f3n del NOA.<\/p>\n<p>Brindar a los alumnos de \u00e9sta instituci\u00f3n\u00a0la mayor excelencia en contenidos y conocimientos para el desarrollo de sus actividades, form\u00e1ndolos con un perfil emprendedor que les permita desenvolverse con soltura tanto en empresas propias como de terceros.<\/p>\n<p><strong>Objetivos<\/strong><\/p>\n<ul>\n<li>Fomentar un ambiente propicio para las actividades Creativas dentro del marco del NOA.<\/li>\n<li>Formar profesionales de gran capacidad t\u00e9cnica capaces de cubrir los requerimientos de la regi\u00f3n.<\/li>\n<li>Contribuir a la formaci\u00f3n de nuevos emprendimientos relacionados al dise\u00f1o y la creatividad.<\/li>\n<li>Investigar sobre problem\u00e1ticas vinculadas al dise\u00f1o, sobre todo relacionadas a la regi\u00f3n del NOA.<\/li>\n<li>Generar espacios de an\u00e1lisis y debate.<\/li>\n<li>Promover alianzas y convenios con empresas e instituciones que compartan los lineamientos y objetivos del Instituto.<\/li>\n<\/ul>\n<h2>Carreras<\/h2>\n<ul>\n<li><a href=\"http:\/\/uspt.edu.ar\/web\/institucional\/institutos\/instituto-de-diseno-estrategia-creatividad\/diseno-industrial\/\">Dise\u00f1o Industrial<\/a><\/li>\n<li><a href=\"http:\/\/uspt.edu.ar\/web\/institucional\/institutos\/instituto-de-diseno-estrategia-creatividad\/diseno-textil-y-de-la-indumentaria\/\">Dise\u00f1o Textil y de la Indumentaria<\/a><\/li>\n<\/ul>\n<h2>Staff Docente<\/h2>\n<ul>\n<li>Pr\u00f3ximamente&#8230;<\/li>\n<\/ul>\n","protected":false},"excerpt":{"rendered":"<p>Instituto de Dise\u00f1o, Estrategia &amp; Creatividad Director:\u00a0Arq. Mat\u00edas Rohmer \u2013\u00a0mrohmer@uspt.edu.ar Secretario: Ma. del Rosario Ponce \u2013 mponce@uspt.edu.ar \u2013 int 140 Horario de atenci\u00f3n:\u00a0Lunes a Viernes, de 14 a 20hs. Ubicaci\u00f3n del Instituto:\u00a0Edificio de Dise\u00f1o, Campus Universidad de San Pablo \u2013 T Tel\u00e9fono:\u00a054-381-4530630 int. 140 Misi\u00f3n Realizar tareas de docencia, investigaci\u00f3n y extensi\u00f3n en las \u00e1reas &hellip; <\/p>\n<p class=\"link-more\"><a href=\"https:\/\/uspt.edu.ar\/web\/institucional\/institutos\/instituto-de-diseno-estrategia-creatividad\/\" class=\"more-link\">Continuar leyendo<span class=\"screen-reader-text\"> \u00abInstituto de Dise\u00f1o, Estrategia &#038; Creatividad\u00bb<\/span><\/a><\/p>\n","protected":false},"author":2,"featured_media":0,"parent":148,"menu_order":0,"comment_status":"closed","ping_status":"closed","template":"","meta":{"_acf_changed":false,"footnotes":""},"class_list":["post-480","page","type-page","status-publish","hentry"],"acf":[],"jetpack_sharing_enabled":true,"jetpack_shortlink":"https:\/\/wp.me\/P9JBoE-7K","jetpack-related-posts":[],"_links":{"self":[{"href":"https:\/\/uspt.edu.ar\/web\/wp-json\/wp\/v2\/pages\/480","targetHints":{"allow":["GET"]}}],"collection":[{"href":"https:\/\/uspt.edu.ar\/web\/wp-json\/wp\/v2\/pages"}],"about":[{"href":"https:\/\/uspt.edu.ar\/web\/wp-json\/wp\/v2\/types\/page"}],"author":[{"embeddable":true,"href":"https:\/\/uspt.edu.ar\/web\/wp-json\/wp\/v2\/users\/2"}],"replies":[{"embeddable":true,"href":"https:\/\/uspt.edu.ar\/web\/wp-json\/wp\/v2\/comments?post=480"}],"version-history":[{"count":2,"href":"https:\/\/uspt.edu.ar\/web\/wp-json\/wp\/v2\/pages\/480\/revisions"}],"predecessor-version":[{"id":1784,"href":"https:\/\/uspt.edu.ar\/web\/wp-json\/wp\/v2\/pages\/480\/revisions\/1784"}],"up":[{"embeddable":true,"href":"https:\/\/uspt.edu.ar\/web\/wp-json\/wp\/v2\/pages\/148"}],"wp:attachment":[{"href":"https:\/\/uspt.edu.ar\/web\/wp-json\/wp\/v2\/media?parent=480"}],"curies":[{"name":"wp","href":"https:\/\/api.w.org\/{rel}","templated":true}]}}