{"id":477,"date":"2018-04-03T11:56:54","date_gmt":"2018-04-03T14:56:54","guid":{"rendered":"http:\/\/uspt.edu.ar\/web\/?page_id=477"},"modified":"2018-05-03T10:15:54","modified_gmt":"2018-05-03T13:15:54","slug":"instituto-de-desarrollo-e-innovacion-tecnologica-para-la-competitividad-territorial","status":"publish","type":"page","link":"https:\/\/uspt.edu.ar\/web\/institucional\/institutos\/instituto-de-desarrollo-e-innovacion-tecnologica-para-la-competitividad-territorial\/","title":{"rendered":"Instituto de Desarrollo e Innovaci\u00f3n Tecnol\u00f3gica para la Competitividad Territorial"},"content":{"rendered":"\n<h1>Instituto de Desarrollo e Innovaci\u00f3n Tecnol\u00f3gica para la Competitividad Territorial<\/h1>\n<p><strong>Director:<\/strong>\u00a0Dr. Federico Perez Zamora \u2013\u00a0fpzamora@uspt.edu.ar<br \/>\n<strong>Secretaria:<\/strong>\u00a0Mar\u00eda Cecilia Cabezas\u00a0 \u2013\u00a0mcabezas@uspt.edu.ar.<br \/>\n<strong>Horario de atenci\u00f3n:<\/strong>\u00a0Lunes a Viernes de 14 a 20 hs.<br \/>\n<strong>Ubicaci\u00f3n del Instituto:<\/strong>\u00a0Edificio Juan Lonac, Campus Universidad de San Pablo \u2013 T<br \/>\n<strong>Tel\u00e9fono:<\/strong>\u00a054-381-4530630 int. 106<\/p>\n<p><strong>Misi\u00f3n<\/strong><\/p>\n<p>Realizar tareas de investigaci\u00f3n y desarrollo en torno de factores tecnol\u00f3gicos que inciden en el desempe\u00f1o competitivo de las cadenas de valor agroindustrial y en la competitividad territorial, as\u00ed como en el campo de la reconversi\u00f3n y reactivaci\u00f3n de la industria de los derivados de la agroindustria en su relaci\u00f3n con la agricultura, alimentaci\u00f3n, salud y la industria.<\/p>\n<p>Las investigaciones estar\u00e1n orientadas a estudiar y resolver los problemas t\u00e9cnico-econ\u00f3micos de las agroindustrias de la regi\u00f3n que se vinculen con el uso eficiente de sus recursos materiales, energ\u00e9ticos y operativos, respetando el medio ambiente y empleando para tal fin instrumental de avanzada tecnolog\u00eda.<\/p>\n<p><strong>Objetivos<\/strong><\/p>\n<ul>\n<li>Generar desarrollos que favorezcan la innovaci\u00f3n tecnol\u00f3gica y la inclusi\u00f3n de las PYMES agropecuarias y agroindustriales a cadenas de valor competitivas en los mercados regionales e internacionales.<\/li>\n<li>Construcci\u00f3n de las ventajas competitivas regionales y de sus empresas, articulaci\u00f3n con los mercados.<\/li>\n<li>An\u00e1lisis de la \u201ccaja de herramientas\u201d o instrumentos de innovaci\u00f3n tecnol\u00f3gica. \u00c1reas de responsabilidad<\/li>\n<li>Innovaciones tecnol\u00f3gicas en procesos agroindustriales.<\/li>\n<li>Evaluaci\u00f3n de la Calidad de alimentos.<\/li>\n<li>Desarrollos sobre productos alternativos.<\/li>\n<li>Evaluaci\u00f3n tecnol\u00f3gica de la Competitividad Empresaria y Territorial.<\/li>\n<\/ul>\n<h2>Carreras<\/h2>\n<ul>\n<li><a href=\"http:\/\/uspt.edu.ar\/web\/institucional\/institutos\/instituto-de-desarrollo-e-innovacion-tecnologica-para-la-competitividad-territorial\/finanzas\/\">Finanzas<\/a><\/li>\n<li><a href=\"http:\/\/uspt.edu.ar\/web\/institucional\/institutos\/instituto-de-desarrollo-e-innovacion-tecnologica-para-la-competitividad-territorial\/gestion-de-empresas-agroindustriales\/\">Gesti\u00f3n de Empresas Agroindustriales<\/a><\/li>\n<li><a href=\"http:\/\/uspt.edu.ar\/web\/institucional\/institutos\/instituto-de-desarrollo-e-innovacion-tecnologica-para-la-competitividad-territorial\/ciencia-y-tecnologia-de-los-alimentos\/\">Ciencia y Tecnolog\u00eda de los Alimentos<\/a><\/li>\n<li><a href=\"http:\/\/uspt.edu.ar\/web\/institucional\/institutos\/instituto-de-desarrollo-e-innovacion-tecnologica-para-la-competitividad-territorial\/comercio-exterior\/\">Comercio Exterior<\/a><\/li>\n<\/ul>\n<h2>Staff Docente<\/h2>\n<ul>\n<li>Pr\u00f3ximamente&#8230;<\/li>\n<\/ul>\n","protected":false},"excerpt":{"rendered":"<p>Instituto de Desarrollo e Innovaci\u00f3n Tecnol\u00f3gica para la Competitividad Territorial Director:\u00a0Dr. Federico Perez Zamora \u2013\u00a0fpzamora@uspt.edu.ar Secretaria:\u00a0Mar\u00eda Cecilia Cabezas\u00a0 \u2013\u00a0mcabezas@uspt.edu.ar. Horario de atenci\u00f3n:\u00a0Lunes a Viernes de 14 a 20 hs. Ubicaci\u00f3n del Instituto:\u00a0Edificio Juan Lonac, Campus Universidad de San Pablo \u2013 T Tel\u00e9fono:\u00a054-381-4530630 int. 106 Misi\u00f3n Realizar tareas de investigaci\u00f3n y desarrollo en torno de factores &hellip; <\/p>\n<p class=\"link-more\"><a href=\"https:\/\/uspt.edu.ar\/web\/institucional\/institutos\/instituto-de-desarrollo-e-innovacion-tecnologica-para-la-competitividad-territorial\/\" class=\"more-link\">Continuar leyendo<span class=\"screen-reader-text\"> \u00abInstituto de Desarrollo e Innovaci\u00f3n Tecnol\u00f3gica para la Competitividad Territorial\u00bb<\/span><\/a><\/p>\n","protected":false},"author":2,"featured_media":0,"parent":148,"menu_order":0,"comment_status":"closed","ping_status":"closed","template":"","meta":{"_acf_changed":false,"footnotes":""},"class_list":["post-477","page","type-page","status-publish","hentry"],"acf":[],"jetpack_sharing_enabled":true,"jetpack_shortlink":"https:\/\/wp.me\/P9JBoE-7H","jetpack-related-posts":[],"_links":{"self":[{"href":"https:\/\/uspt.edu.ar\/web\/wp-json\/wp\/v2\/pages\/477","targetHints":{"allow":["GET"]}}],"collection":[{"href":"https:\/\/uspt.edu.ar\/web\/wp-json\/wp\/v2\/pages"}],"about":[{"href":"https:\/\/uspt.edu.ar\/web\/wp-json\/wp\/v2\/types\/page"}],"author":[{"embeddable":true,"href":"https:\/\/uspt.edu.ar\/web\/wp-json\/wp\/v2\/users\/2"}],"replies":[{"embeddable":true,"href":"https:\/\/uspt.edu.ar\/web\/wp-json\/wp\/v2\/comments?post=477"}],"version-history":[{"count":0,"href":"https:\/\/uspt.edu.ar\/web\/wp-json\/wp\/v2\/pages\/477\/revisions"}],"up":[{"embeddable":true,"href":"https:\/\/uspt.edu.ar\/web\/wp-json\/wp\/v2\/pages\/148"}],"wp:attachment":[{"href":"https:\/\/uspt.edu.ar\/web\/wp-json\/wp\/v2\/media?parent=477"}],"curies":[{"name":"wp","href":"https:\/\/api.w.org\/{rel}","templated":true}]}}