{"id":430,"date":"2018-03-28T10:56:21","date_gmt":"2018-03-28T13:56:21","guid":{"rendered":"http:\/\/uspt.edu.ar\/web\/?page_id=430"},"modified":"2018-05-16T12:41:11","modified_gmt":"2018-05-16T15:41:11","slug":"biblioteca","status":"publish","type":"page","link":"https:\/\/uspt.edu.ar\/web\/un-dia-en-usp-t\/biblioteca\/","title":{"rendered":"Biblioteca"},"content":{"rendered":"<p>[vc_row][vc_column][vc_column_text]<\/p>\n<h1>Biblioteca<\/h1>\n<p>[\/vc_column_text][\/vc_column][\/vc_row][vc_row][vc_column width=\u00bb2\/3&#8243;][vc_column_text]El objetivo de la Biblioteca de la Universidad De San Pablo-Tucum\u00e1n es favorecer el cumplimiento de las finalidades y objetivos previstos en el estatuto de la universidad y facilitar a los miembros de la comunidad universitaria y del Noroeste Argentino el acceso a la informaci\u00f3n que requieran para sus fines de aprendizaje, docencia, Investigaci\u00f3n y dem\u00e1s actividades relacionadas con los objetivos Institucionales; asegurando, en la medida de sus posibilidades, su uso por parte de otros estudiosos e investigadores nacionales e internacionales autorizados por la Universidad.-<\/p>\n<p>Pautas de uso para la utilizaci\u00f3n de material bibliogr\u00e1fico:<\/p>\n<p>Los libros son para USO EXCLUSIVO DENTRO DE LA SALA DE LECTURA, para consulta de docentes y alumnos<\/p>\n<p><strong>Servicio De Pr\u00e9stamo Externo:<\/strong> (Solo con respecto al material disponible en sala de Lectura)<\/p>\n<p><a href=\"http:\/\/uspt.edu.ar\/web\/wp-content\/uploads\/2018\/05\/RESOLUCION-584-13-REGLAMENTO-BIBLIOTECA.pdf\" target=\"_blank\" rel=\"noopener\">Reglamento<\/a>[\/vc_column_text][\/vc_column][vc_column width=\u00bb1\/3&#8243;][vc_column_text css=\u00bb.vc_custom_1526485266909{margin-top: -30px !important;}\u00bb]<\/p>\n<h2>CONTACTO:<\/h2>\n<p><strong>Responsable:<\/strong> Esc. Pedro D`Andrea<br \/>\n<strong>E-mail:<\/strong> <a href=\"mailto:pdandrea@uspt.edu.ar\">pdandrea@uspt.edu.ar<\/a><br \/>\n<strong>Tel:<\/strong> 54-0381-4530 630, int 114[\/vc_column_text][\/vc_column][\/vc_row][vc_row equal_height=\u00bbyes\u00bb css=\u00bb.vc_custom_1526484902541{background-color: #d5ceed !important;}\u00bb][vc_column width=\u00bb2\/3&#8243; css=\u00bb.vc_custom_1526485143579{background-image: url(http:\/\/uspt.edu.ar\/web\/wp-content\/uploads\/2018\/05\/va1.jpg?id=846) !important;background-position: center !important;background-repeat: no-repeat !important;background-size: cover !important;}\u00bb][\/vc_column][vc_column width=\u00bb1\/3&#8243;][vc_column_text]<\/p>\n<h2>Horario de atenci\u00f3n<\/h2>\n<p>[\/vc_column_text][vc_single_image image=\u00bb847&#8243; img_size=\u00bbfull\u00bb alignment=\u00bbcenter\u00bb][vc_column_text]<strong>Sede Campus<br \/>\n<\/strong><span style=\"font-size: 1rem;\">Lunes a viernes de 10 a 20h<br \/>\n<\/span><strong>Tel:<\/strong>\u00a054-0381-4530 630, int 114<br \/>\n<strong>E-mail:<\/strong>\u00a0<a href=\"mailto:pdandrea@uspt.edu.ar\">pdandrea@uspt.edu.ar<\/a><br \/>\n<strong>E-mail:<\/strong>\u00a0<a href=\"mailto:ssantillan@uspt.edu.ar\">ssantillan@uspt.edu.ar<\/a><\/p>\n<p><strong>Sede Centro \u2013 San Mart\u00edn 435<\/strong><br \/>\nLunes a viernes de 8 a 21h<br \/>\n<strong>Tel:<\/strong>\u00a054-0381-4530 630, int\u00a0152<br \/>\n<strong>E-mail:<\/strong>\u00a0<a href=\"mailto:mvieyracolombres@uspt.edu.ar\">mvieyracolombres@uspt.edu.ar<\/a>[\/vc_column_text][vc_single_image image=\u00bb848&#8243; img_size=\u00bbfull\u00bb alignment=\u00bbcenter\u00bb][\/vc_column][\/vc_row][vc_row][vc_column][vc_column_text]<\/p>\n<h2>Nuevos T\u00edtulos En Biblioteca USP-T Sede Campus:<\/h2>\n<p>BRIC Gigantes Emergentes: Procesos pol\u00edticos econ\u00f3micos y empresa en Brasil, Rusia,India Y China.- Castro Claudio,Vigliero Sebasti\u00e1n \u00a0 \u00a0 \u00a0Lenguaje Claro Editora.- ISBN 978-987-3764-07-3.-<\/p>\n<p>Multilateralismo:Perspectivas Latinoamericanas.- Rojas Aravena Francisco<\/p>\n<p>FLACSO CHILE Editorial Nueva Sociedad.-ISBN 980-317-167-4.-<\/p>\n<p>Am\u00e9rica Latina:Tiempo De Violencias.- Ansaldi Waldo\/Giordano Ver\u00f3nica \u00a0 Ariel Historia.- ISBN 978-987-1496-89-1.-<\/p>\n<p>Colecci\u00f3n Arte Y Dise\u00f1o Vol. I Manifestaciones Art\u00edsticas En Los Pueblos Ind\u00edgenas De Am\u00e9rica.- Accornierro Mariana \u00a0 Editorial Brujas.-ISBN 978-987-591-080-5<\/p>\n<p>Colecci\u00f3n Arte Y Dise\u00f1o Vol. II El Arte Y El Dise\u00f1o Dise\u00f1o \u00a0En La Cosmovisi\u00f3n Y Pensamiento Americano.- Accornierro Mariana \u00a0 Editorial Brujas.-ISBN 978-987-591-086-7-.<\/p>\n<p>Colecci\u00f3n Arte Y Dise\u00f1o Vol. III El Rol del Dise\u00f1o Y Los Sistemas Simb\u00f3licos En Am\u00e9rica Prehisp\u00e1nica Accornierro Mariana \u00a0 Editorial Brujas.-ISBN 987-591-086-4.-[\/vc_column_text][\/vc_column][\/vc_row]<\/p>\n","protected":false},"excerpt":{"rendered":"<p>[vc_row][vc_column][vc_column_text] Biblioteca [\/vc_column_text][\/vc_column][\/vc_row][vc_row][vc_column width=\u00bb2\/3&#8243;][vc_column_text]El objetivo de la Biblioteca de la Universidad De San Pablo-Tucum\u00e1n es favorecer el cumplimiento de las finalidades y objetivos previstos en el estatuto de la universidad y facilitar a los miembros de la comunidad universitaria y del Noroeste Argentino el acceso a la informaci\u00f3n que requieran para sus fines de aprendizaje, &hellip; <\/p>\n<p class=\"link-more\"><a href=\"https:\/\/uspt.edu.ar\/web\/un-dia-en-usp-t\/biblioteca\/\" class=\"more-link\">Continuar leyendo<span class=\"screen-reader-text\"> \u00abBiblioteca\u00bb<\/span><\/a><\/p>\n","protected":false},"author":2,"featured_media":0,"parent":426,"menu_order":0,"comment_status":"closed","ping_status":"closed","template":"","meta":{"_acf_changed":false,"footnotes":""},"class_list":["post-430","page","type-page","status-publish","hentry"],"acf":[],"jetpack_sharing_enabled":true,"jetpack_shortlink":"https:\/\/wp.me\/P9JBoE-6W","jetpack-related-posts":[],"_links":{"self":[{"href":"https:\/\/uspt.edu.ar\/web\/wp-json\/wp\/v2\/pages\/430","targetHints":{"allow":["GET"]}}],"collection":[{"href":"https:\/\/uspt.edu.ar\/web\/wp-json\/wp\/v2\/pages"}],"about":[{"href":"https:\/\/uspt.edu.ar\/web\/wp-json\/wp\/v2\/types\/page"}],"author":[{"embeddable":true,"href":"https:\/\/uspt.edu.ar\/web\/wp-json\/wp\/v2\/users\/2"}],"replies":[{"embeddable":true,"href":"https:\/\/uspt.edu.ar\/web\/wp-json\/wp\/v2\/comments?post=430"}],"version-history":[{"count":0,"href":"https:\/\/uspt.edu.ar\/web\/wp-json\/wp\/v2\/pages\/430\/revisions"}],"up":[{"embeddable":true,"href":"https:\/\/uspt.edu.ar\/web\/wp-json\/wp\/v2\/pages\/426"}],"wp:attachment":[{"href":"https:\/\/uspt.edu.ar\/web\/wp-json\/wp\/v2\/media?parent=430"}],"curies":[{"name":"wp","href":"https:\/\/api.w.org\/{rel}","templated":true}]}}