{"id":3282,"date":"2020-11-16T11:58:03","date_gmt":"2020-11-16T14:58:03","guid":{"rendered":"https:\/\/uspt.edu.ar\/web\/?page_id=3282"},"modified":"2020-11-19T11:11:07","modified_gmt":"2020-11-19T14:11:07","slug":"licenciatura-en-ciencias-de-datos","status":"publish","type":"page","link":"https:\/\/uspt.edu.ar\/web\/institucional\/institutos\/instituto-de-educacion-a-distancia-y-tecnologia-educativa\/licenciatura-en-ciencias-de-datos\/","title":{"rendered":"Licenciatura en Ciencias de Datos"},"content":{"rendered":"<p>[vc_row full_width=\u00bbstretch_row_content_no_spaces\u00bb equal_height=\u00bbyes\u00bb css=\u00bb.vc_custom_1593100977859{margin-top: 0px !important;margin-bottom: 0px !important;padding-top: 0px !important;padding-bottom: 0px !important;}\u00bb][vc_column css=\u00bb.vc_custom_1593100628944{padding: 0px !important;background-position: center !important;background-repeat: no-repeat !important;background-size: cover !important;}\u00bb][vc_single_image image=\u00bb3287&#8243; img_size=\u00bbfull\u00bb css=\u00bb.vc_custom_1605794997130{margin-top: 0px !important;margin-bottom: 0px !important;padding-top: 0px !important;padding-bottom: 0px !important;}\u00bb][\/vc_column][\/vc_row][vc_row][vc_column][vc_column_text]<strong>Denominaci\u00f3n:<\/strong> Licenciatura en Ciencias de Datos<br \/>\n<strong>Instituci\u00f3n:<\/strong>\u00a0Universidad de San Pablo -Tucum\u00e1n<br \/>\n<strong>Ubicaci\u00f3n en la estructura:<\/strong> Instituto de Educaci\u00f3n a Distancia y Tecnolog\u00eda Educativa<br \/>\n<strong>Modalidad:<\/strong> A distancia[\/vc_column_text][\/vc_column][\/vc_row][vc_row][vc_column][vc_column_text]<\/p>\n<h2>T\u00edtulo: Licenciatura en Ciencias de Datos<\/h2>\n<p>Duraci\u00f3n de la carrera: 4 a\u00f1os<\/p>\n<h2>Perfil del egresado:<\/h2>\n<p>El egresado de la Licenciatura en Ciencias de Datos de la Universidad de San Pablo Tucum\u00e1n es un profesional que tendr\u00e1 las competencias que le permitan:<\/p>\n<p>\u25cf\u00a0\u00a0\u00a0\u00a0\u00a0Explorar, manipular, limpiar, transformar y preparar grandes vol\u00famenes de datos.<\/p>\n<p>\u25cf\u00a0\u00a0\u00a0\u00a0\u00a0Dise\u00f1ar, ejecutar y auditar un proceso de an\u00e1lisis de datos para la toma de decisi\u00f3n que involucre la utilizaci\u00f3n de modelos predictivos, sistemas de recomendaci\u00f3n, puntajes, clasificaci\u00f3n, agrupamientos etc.<\/p>\n<p>\u25cf\u00a0\u00a0\u00a0\u00a0\u00a0Dise\u00f1ar visualizaciones que faciliten el entendimiento de los resultados obtenidos del an\u00e1lisis de datos y comunicar eficazmente las conclusiones obtenidas del an\u00e1lisis.<\/p>\n<p>\u25cf\u00a0\u00a0\u00a0\u00a0\u00a0Desempe\u00f1ar tareas de asesoramiento a empresas, organismos y\/o instituciones, ya sean de \u00edndole p\u00fablica o privada.<\/p>\n<p>\u25cf\u00a0\u00a0\u00a0\u00a0\u00a0Dirigir y\/o integrar equipos de trabajos interdisciplinarios referidos al an\u00e1lisis de datos.<\/p>\n<p>\u25cf\u00a0\u00a0 \u00a0 \u00a0Realizar auditor\u00edas, arbitrajes y pericias en el \u00e1rea de proyectos relacionados con el an\u00e1lisis de datos.<\/p>\n<h2>Plan de estudios:<\/h2>\n<h2 style=\"font-weight: 400;\">Primer a\u00f1o:<\/h2>\n<table style=\"font-weight: 400;\" width=\"100%\">\n<tbody>\n<tr>\n<td width=\"38%\">\u00c1lgebra y Geometr\u00eda Anal\u00edtica<\/td>\n<\/tr>\n<tr>\n<td width=\"38%\">An\u00e1lisis Matem\u00e1tico I<\/td>\n<\/tr>\n<tr>\n<td width=\"38%\">Programaci\u00f3n I<\/td>\n<\/tr>\n<tr>\n<td width=\"38%\">Protocolo<\/td>\n<\/tr>\n<tr>\n<td width=\"38%\">Programaci\u00f3n II<\/td>\n<\/tr>\n<tr>\n<td width=\"38%\">An\u00e1lisis Matem\u00e1ticos II<\/td>\n<\/tr>\n<tr>\n<td width=\"38%\">Ingl\u00e9s I<\/td>\n<\/tr>\n<\/tbody>\n<\/table>\n<h2>Segundo A\u00f1o<\/h2>\n<table width=\"100%\">\n<tbody>\n<tr>\n<td width=\"39%\">Bases de Datos y Data warehouse<\/td>\n<\/tr>\n<tr>\n<td width=\"39%\">Probabilidades y Estad\u00edsticas<\/td>\n<\/tr>\n<tr>\n<td width=\"39%\">Introducci\u00f3n al An\u00e1lisis Exploratorio de Datos<\/td>\n<\/tr>\n<tr>\n<td width=\"39%\">\u00c9tica y Aspectos Legales de los Datos<\/td>\n<\/tr>\n<\/tbody>\n<\/table>\n<table width=\"100%\">\n<tbody>\n<tr>\n<td width=\"39%\">Redes de Informaci\u00f3n<\/td>\n<\/tr>\n<tr>\n<td width=\"39%\">Estad\u00edstica Descriptiva<\/td>\n<\/tr>\n<tr>\n<td width=\"39%\">Fundamentos de la Transformaci\u00f3n Digital<\/td>\n<\/tr>\n<tr>\n<td width=\"39%\">Ingl\u00e9s II<\/td>\n<\/tr>\n<\/tbody>\n<\/table>\n<h2 style=\"font-weight: 400;\">Tercer A\u00f1o<\/h2>\n<table width=\"100%\">\n<tbody>\n<tr>\n<td width=\"31%\">Visualizaci\u00f3n de Datos<\/td>\n<\/tr>\n<tr>\n<td width=\"31%\">An\u00e1lisis de Regresi\u00f3n<\/td>\n<\/tr>\n<tr>\n<td width=\"31%\">Aprendizaje Autom\u00e1tico<\/td>\n<\/tr>\n<tr>\n<td width=\"31%\">Introducci\u00f3n al An\u00e1lisis de Datos<\/td>\n<\/tr>\n<tr>\n<td width=\"31%\">Plataformas Tecnol\u00f3gicas<\/td>\n<\/tr>\n<tr>\n<td width=\"31%\">Introducci\u00f3n a la Inteligencia Artificial<\/td>\n<\/tr>\n<tr>\n<td width=\"31%\">Computaci\u00f3n en la Nube<\/td>\n<\/tr>\n<tr>\n<td width=\"31%\">Redes Neuronales<\/td>\n<\/tr>\n<\/tbody>\n<\/table>\n<h2 style=\"font-weight: 400;\">Cuarto a\u00f1o:<\/h2>\n<table width=\"100%\">\n<tbody>\n<tr>\n<td width=\"38%\">Serie de tiempo y pron\u00f3stico<\/td>\n<\/tr>\n<tr>\n<td width=\"38%\">Aprendizaje Profundo<\/td>\n<\/tr>\n<tr>\n<td width=\"38%\">Miner\u00eda de Texto<\/td>\n<\/tr>\n<tr>\n<td width=\"38%\">Proyecto Final<\/td>\n<\/tr>\n<tr>\n<td width=\"38%\">Startups y emprededorismo<\/td>\n<\/tr>\n<tr>\n<td width=\"38%\">Algoritmos Metaheur\u00edsticos<\/td>\n<\/tr>\n<tr>\n<td width=\"38%\">Fundamentos de los Sistemas Multiagentes<\/td>\n<\/tr>\n<tr>\n<td width=\"38%\">Sistemas de Informaci\u00f3n Geogr\u00e1fico<\/td>\n<\/tr>\n<tr>\n<td width=\"38%\">Pr\u00e1ctica Profesional Supervisada<\/td>\n<\/tr>\n<\/tbody>\n<\/table>\n<p>[\/vc_column_text][\/vc_column][\/vc_row][vc_row][vc_column][vc_btn title=\u00bbPre-Inscripci\u00f3n 2021&#8243; style=\u00bbcustom\u00bb custom_background=\u00bb#3f306a\u00bb custom_text=\u00bb#ffffff\u00bb shape=\u00bbsquare\u00bb size=\u00bblg\u00bb link=\u00bburl:https%3A%2F%2Fuspt.edu.ar%2F2021%2Fcourse-single.php%3Fcarrera%3DLCD||target:%20_blank|\u00bb css=\u00bb.vc_custom_1605539191731{background-position: center !important;background-repeat: no-repeat !important;background-size: contain !important;}\u00bb][\/vc_column][\/vc_row]<\/p>\n","protected":false},"excerpt":{"rendered":"<p>[vc_row full_width=\u00bbstretch_row_content_no_spaces\u00bb equal_height=\u00bbyes\u00bb css=\u00bb.vc_custom_1593100977859{margin-top: 0px !important;margin-bottom: 0px !important;padding-top: 0px !important;padding-bottom: 0px !important;}\u00bb][vc_column css=\u00bb.vc_custom_1593100628944{padding: 0px !important;background-position: center !important;background-repeat: no-repeat !important;background-size: cover !important;}\u00bb][vc_single_image image=\u00bb3287&#8243; img_size=\u00bbfull\u00bb css=\u00bb.vc_custom_1605794997130{margin-top: 0px !important;margin-bottom: 0px !important;padding-top: 0px !important;padding-bottom: 0px !important;}\u00bb][\/vc_column][\/vc_row][vc_row][vc_column][vc_column_text]Denominaci\u00f3n: Licenciatura en Ciencias de Datos Instituci\u00f3n:\u00a0Universidad de San Pablo -Tucum\u00e1n Ubicaci\u00f3n en la estructura: Instituto de Educaci\u00f3n a Distancia y Tecnolog\u00eda Educativa Modalidad: &hellip; <\/p>\n<p class=\"link-more\"><a href=\"https:\/\/uspt.edu.ar\/web\/institucional\/institutos\/instituto-de-educacion-a-distancia-y-tecnologia-educativa\/licenciatura-en-ciencias-de-datos\/\" class=\"more-link\">Continuar leyendo<span class=\"screen-reader-text\"> \u00abLicenciatura en Ciencias de Datos\u00bb<\/span><\/a><\/p>\n","protected":false},"author":2,"featured_media":0,"parent":2631,"menu_order":0,"comment_status":"closed","ping_status":"closed","template":"","meta":{"_acf_changed":false,"footnotes":""},"class_list":["post-3282","page","type-page","status-publish","hentry"],"acf":[],"jetpack_sharing_enabled":true,"jetpack_shortlink":"https:\/\/wp.me\/P9JBoE-QW","jetpack-related-posts":[],"_links":{"self":[{"href":"https:\/\/uspt.edu.ar\/web\/wp-json\/wp\/v2\/pages\/3282","targetHints":{"allow":["GET"]}}],"collection":[{"href":"https:\/\/uspt.edu.ar\/web\/wp-json\/wp\/v2\/pages"}],"about":[{"href":"https:\/\/uspt.edu.ar\/web\/wp-json\/wp\/v2\/types\/page"}],"author":[{"embeddable":true,"href":"https:\/\/uspt.edu.ar\/web\/wp-json\/wp\/v2\/users\/2"}],"replies":[{"embeddable":true,"href":"https:\/\/uspt.edu.ar\/web\/wp-json\/wp\/v2\/comments?post=3282"}],"version-history":[{"count":4,"href":"https:\/\/uspt.edu.ar\/web\/wp-json\/wp\/v2\/pages\/3282\/revisions"}],"predecessor-version":[{"id":3288,"href":"https:\/\/uspt.edu.ar\/web\/wp-json\/wp\/v2\/pages\/3282\/revisions\/3288"}],"up":[{"embeddable":true,"href":"https:\/\/uspt.edu.ar\/web\/wp-json\/wp\/v2\/pages\/2631"}],"wp:attachment":[{"href":"https:\/\/uspt.edu.ar\/web\/wp-json\/wp\/v2\/media?parent=3282"}],"curies":[{"name":"wp","href":"https:\/\/api.w.org\/{rel}","templated":true}]}}