{"id":3273,"date":"2020-11-13T10:19:40","date_gmt":"2020-11-13T13:19:40","guid":{"rendered":"https:\/\/uspt.edu.ar\/web\/?page_id=3273"},"modified":"2021-02-17T15:44:42","modified_gmt":"2021-02-17T18:44:42","slug":"tecnicatura-en-maquinarias-agricolas-precisas","status":"publish","type":"page","link":"https:\/\/uspt.edu.ar\/web\/institucional\/institutos\/instituto-de-desarrollo-e-innovacion-tecnologica-para-la-competitividad-territorial\/tecnicatura-en-maquinarias-agricolas-precisas\/","title":{"rendered":"Tecnicatura en Maquinarias Agr\u00edcolas Precisas"},"content":{"rendered":"<p>[vc_row full_width=\u00bbstretch_row_content_no_spaces\u00bb equal_height=\u00bbyes\u00bb css=\u00bb.vc_custom_1593100977859{margin-top: 0px !important;margin-bottom: 0px !important;padding-top: 0px !important;padding-bottom: 0px !important;}\u00bb][vc_column css=\u00bb.vc_custom_1593100628944{padding: 0px !important;background-position: center !important;background-repeat: no-repeat !important;background-size: cover !important;}\u00bb][vc_single_image image=\u00bb3373&#8243; img_size=\u00bbfull\u00bb css=\u00bb.vc_custom_1613587477126{margin-top: 0px !important;margin-bottom: 0px !important;padding-top: 0px !important;padding-bottom: 0px !important;}\u00bb][\/vc_column][\/vc_row][vc_row][vc_column][vc_column_text]<strong>Denominaci\u00f3n:<\/strong> <b>Tecnicatura en Maquinarias Agr\u00edcolas Precisas<\/b><br \/>\n<strong>Instituci\u00f3n:<\/strong>\u00a0Universidad de San Pablo -Tucum\u00e1n<br \/>\n<strong>Ubicaci\u00f3n en la estructura: <\/strong>Instituto de Desarrollo e Innovaci\u00f3n Tecnol\u00f3gica para a Competitividad Territorial<br \/>\n<strong>Modalidad:<\/strong>\u00a0Presencial[\/vc_column_text][\/vc_column][\/vc_row][vc_row][vc_column][vc_column_text]<\/p>\n<h2>T\u00edtulo: T\u00e9cnico Universitario en Maquinarias Agr\u00edcolas Precisas<\/h2>\n<p><strong>Modalidad:<\/strong>\u00a0Presencial<\/p>\n<p><strong>T\u00edtulo de Pregrado a otorgar:<\/strong>\u00a0T\u00e9cnico Universitario en Maquinarias Agr\u00edcolas Precisas<\/p>\n<h2><strong>Alcances Generales del T\u00edtulo:<\/strong><\/h2>\n<p>El\u00a0<strong>t\u00e9cnico en m\u00e1quinas agr\u00edcolas precisas\u00a0<\/strong>podr\u00e1 desempe\u00f1arse como personal altamente capacitado y adiestrado en gestionar sistemas de producci\u00f3n que utilicen estas nuevas tecnolog\u00edas. Trabajar\u00e1 de forma interdisciplinaria con los responsables de gestionar el campo agr\u00edcola.\u00a0 Tendr\u00e1 la capacidad de analizar e interpretar los resultados que emitan la maquinaria y equipos tecnol\u00f3gicos para facilitar la toma de decisiones y proyectarse hacia una agricultura de menor riesgo econ\u00f3mico, soluciones sostenibles y ambientalmente responsables. Adem\u00e1s, podr\u00e1 impactar socialmente al planificar la capacitaci\u00f3n de\u00a0operadores encargados de la utilizaci\u00f3n de la maquinaria agr\u00edcola en el sector productivo, garantizando un talento humano calificado.<\/p>\n<p>&nbsp;<\/p>\n<p>&nbsp;<\/p>\n<h2><strong>Alcances Espec\u00edficos del T\u00edtulo:<\/strong><\/h2>\n<p>El egresado podr\u00e1 utilizar con alto grado de competencias, los recursos tecnol\u00f3gicos siguientes:<\/p>\n<ul>\n<li>Sistemas de informaci\u00f3n geogr\u00e1ficos (GIS)<\/li>\n<li>Softwear de los monitores de las distintas marcas del mercado<\/li>\n<li>Interpretaci\u00f3n de im\u00e1genes multiespectrales<\/li>\n<li>Conversi\u00f3n de algoritmos de distintos sistemas de informaci\u00f3n para adaptaci\u00f3n de bases de datos.<\/li>\n<li>Calibraci\u00f3n y puesta a punto de sistemas de aplicaci\u00f3n variable.<\/li>\n<\/ul>\n<h2><strong>Perfil del T\u00edtulo:<\/strong><\/h2>\n<p>Las capacidades en los egresados se lograr\u00e1n impartiendo t\u00f3picos espec\u00edficos en las \u00e1reas siguientes:<\/p>\n<ol>\n<li>Gesti\u00f3n y Planificaci\u00f3n: Gesti\u00f3n y Administraci\u00f3n, Sistemas de producci\u00f3n agr\u00edcola.<\/li>\n<li>Tecnolog\u00edas. Interpretaci\u00f3n y uso de im\u00e1genes satelitales, trazabilidad, nano sat\u00e9lites, manejo por ambiente, certificaciones agregado de valor en origen, BPA, sustentabilidad, robotizaci\u00f3n, drones, telemetr\u00eda.<\/li>\n<li>Pensamiento, uso de los recursos humanos.<\/li>\n<li>Uso de banderilleros satelitales y sistemas de dosificaci\u00f3n precisa de semillas e insumos.<\/li>\n<\/ol>\n<h2><strong>Requisitos de ingreso y egreso a la carrera:<\/strong><\/h2>\n<p>Condiciones de Ingreso<\/p>\n<p>Aquellos que deseen ingresar a la carrera deber\u00e1n reunir los requisitos siguientes:<\/p>\n<p>T\u00edtulo de nivel Medio o Polimodal en cualquiera de sus modalidades otorgado por instituciones de gesti\u00f3n oficial y\/o privada reconocidas.\u00a0Requisito previsto en el art\u00edculo 7\u00ba de la Ley de Educaci\u00f3n Superior, es decir t\u00edtulo secundario<\/p>\n<p>Excepcionalmente, los mayores de 25 a\u00f1os que no re\u00fanan las condiciones previas, podr\u00e1n ingresar siempre que demuestren, mediante evaluaci\u00f3n a realizar por la Universidad, que tienen preparaci\u00f3n y\/o experiencia laboral acorde con los estudios que se proponen iniciar, as\u00ed como aptitudes y conocimientos suficientes para cursarlos satisfactoriamente.<\/p>\n<p>Titulaci\u00f3n extranjera equivalente a nivel medio con reconocimiento en nuestro pa\u00eds. Graduados\/as en instituciones extranjeras deber\u00e1n presentar la revalidaci\u00f3n o convalidaci\u00f3n de su t\u00edtulo por parte del Ministerio de Educaci\u00f3n de la Rep\u00fablica Argentina.<\/p>\n<h2>Plan de estudios<\/h2>\n<p>&nbsp;<\/p>\n<h2>1 a\u00f1o<\/h2>\n<table width=\"822\">\n<tbody>\n<tr>\n<td width=\"208\"><strong>Matem\u00e1tica<\/strong><\/td>\n<\/tr>\n<tr>\n<td width=\"208\"><strong>Sistema de producci\u00f3n Agraria<\/strong><\/td>\n<\/tr>\n<tr>\n<td width=\"208\"><strong>Introducci\u00f3n a las Tecnolog\u00edas Agr\u00edcolas<\/strong><\/td>\n<\/tr>\n<tr>\n<td width=\"208\"><strong>Sistemas informatizados<\/strong><\/td>\n<\/tr>\n<tr>\n<td width=\"208\"><strong>Principios de M\u00e1quinas y Equipos Precisos I<\/strong><\/td>\n<\/tr>\n<tr>\n<td width=\"208\"><strong>F\u00edsica aplicada al uso de sensores remotos<\/strong><\/td>\n<\/tr>\n<tr>\n<td width=\"208\"><strong>Metodolog\u00eda de la Planificaci\u00f3n agr\u00edcola estrat\u00e9gica<\/strong><\/td>\n<\/tr>\n<tr>\n<td width=\"208\"><strong>Sistemas de informaci\u00f3n geogr\u00e1fica I<\/strong><\/td>\n<\/tr>\n<tr>\n<td width=\"208\"><strong>Recursos Humanos<\/strong><\/td>\n<\/tr>\n<tr>\n<td width=\"208\"><strong>Pr\u00e1ctica Profesional I: Implementaci\u00f3n tecnol\u00f3gica<\/strong><\/td>\n<\/tr>\n<\/tbody>\n<\/table>\n<p>&nbsp;<\/p>\n<h2>2 a\u00f1o<\/h2>\n<table width=\"822\">\n<tbody>\n<tr>\n<td width=\"208\"><strong>Buenas Pr\u00e1cticas agr\u00edcolas usando equipos precisos<\/strong><\/td>\n<\/tr>\n<tr>\n<td width=\"208\"><strong>Contabilidad<\/strong><\/td>\n<\/tr>\n<tr>\n<td width=\"208\"><strong>Estad\u00edstica<\/strong><\/td>\n<\/tr>\n<tr>\n<td width=\"208\"><strong>Sistemas de Informaci\u00f3n Geogr\u00e1fica II<\/strong><\/td>\n<\/tr>\n<tr>\n<td width=\"208\"><strong>Sociolog\u00eda Rural<\/strong><\/td>\n<\/tr>\n<tr>\n<td width=\"208\"><strong>Manejo de Malezas con m\u00e1quinas precisas<\/strong><\/td>\n<\/tr>\n<tr>\n<td width=\"208\"><strong>Manejo de Plagas y Enfermedades con m\u00e1quinas precisas \u2013 C\u00edtricos.<\/strong><\/td>\n<\/tr>\n<tr>\n<td width=\"208\"><strong>Manejo de suelos con m\u00e1quinas precisas<\/strong><\/td>\n<\/tr>\n<tr>\n<td width=\"208\"><strong>Talleres de an\u00e1lisis contempor\u00e1neo<\/strong><\/td>\n<\/tr>\n<tr>\n<td width=\"208\"><strong>Principios de Administraci\u00f3n<\/strong><\/td>\n<\/tr>\n<\/tbody>\n<\/table>\n<p>[\/vc_column_text][\/vc_column][\/vc_row][vc_row][vc_column][vc_btn title=\u00bbPre-Inscripci\u00f3n 2021&#8243; style=\u00bbcustom\u00bb custom_background=\u00bb#3f306a\u00bb custom_text=\u00bb#ffffff\u00bb shape=\u00bbsquare\u00bb size=\u00bblg\u00bb link=\u00bburl:https%3A%2F%2Fuspt.edu.ar%2F2021%2Fcourse-single.php%3Fcarrera%3DMAP||target:%20_blank|\u00bb css=\u00bb.vc_custom_1605274399794{background-position: center !important;background-repeat: no-repeat !important;background-size: contain !important;}\u00bb][\/vc_column][\/vc_row]<\/p>\n","protected":false},"excerpt":{"rendered":"<p>[vc_row full_width=\u00bbstretch_row_content_no_spaces\u00bb equal_height=\u00bbyes\u00bb css=\u00bb.vc_custom_1593100977859{margin-top: 0px !important;margin-bottom: 0px !important;padding-top: 0px !important;padding-bottom: 0px !important;}\u00bb][vc_column css=\u00bb.vc_custom_1593100628944{padding: 0px !important;background-position: center !important;background-repeat: no-repeat !important;background-size: cover !important;}\u00bb][vc_single_image image=\u00bb3373&#8243; img_size=\u00bbfull\u00bb css=\u00bb.vc_custom_1613587477126{margin-top: 0px !important;margin-bottom: 0px !important;padding-top: 0px !important;padding-bottom: 0px !important;}\u00bb][\/vc_column][\/vc_row][vc_row][vc_column][vc_column_text]Denominaci\u00f3n: Tecnicatura en Maquinarias Agr\u00edcolas Precisas Instituci\u00f3n:\u00a0Universidad de San Pablo -Tucum\u00e1n Ubicaci\u00f3n en la estructura: Instituto de Desarrollo e Innovaci\u00f3n Tecnol\u00f3gica para a Competitividad &hellip; <\/p>\n<p class=\"link-more\"><a href=\"https:\/\/uspt.edu.ar\/web\/institucional\/institutos\/instituto-de-desarrollo-e-innovacion-tecnologica-para-la-competitividad-territorial\/tecnicatura-en-maquinarias-agricolas-precisas\/\" class=\"more-link\">Continuar leyendo<span class=\"screen-reader-text\"> \u00abTecnicatura en Maquinarias Agr\u00edcolas Precisas\u00bb<\/span><\/a><\/p>\n","protected":false},"author":2,"featured_media":0,"parent":477,"menu_order":0,"comment_status":"closed","ping_status":"closed","template":"","meta":{"_acf_changed":false,"footnotes":""},"class_list":["post-3273","page","type-page","status-publish","hentry"],"acf":[],"jetpack_sharing_enabled":true,"jetpack_shortlink":"https:\/\/wp.me\/P9JBoE-QN","jetpack-related-posts":[],"_links":{"self":[{"href":"https:\/\/uspt.edu.ar\/web\/wp-json\/wp\/v2\/pages\/3273","targetHints":{"allow":["GET"]}}],"collection":[{"href":"https:\/\/uspt.edu.ar\/web\/wp-json\/wp\/v2\/pages"}],"about":[{"href":"https:\/\/uspt.edu.ar\/web\/wp-json\/wp\/v2\/types\/page"}],"author":[{"embeddable":true,"href":"https:\/\/uspt.edu.ar\/web\/wp-json\/wp\/v2\/users\/2"}],"replies":[{"embeddable":true,"href":"https:\/\/uspt.edu.ar\/web\/wp-json\/wp\/v2\/comments?post=3273"}],"version-history":[{"count":6,"href":"https:\/\/uspt.edu.ar\/web\/wp-json\/wp\/v2\/pages\/3273\/revisions"}],"predecessor-version":[{"id":3374,"href":"https:\/\/uspt.edu.ar\/web\/wp-json\/wp\/v2\/pages\/3273\/revisions\/3374"}],"up":[{"embeddable":true,"href":"https:\/\/uspt.edu.ar\/web\/wp-json\/wp\/v2\/pages\/477"}],"wp:attachment":[{"href":"https:\/\/uspt.edu.ar\/web\/wp-json\/wp\/v2\/media?parent=3273"}],"curies":[{"name":"wp","href":"https:\/\/api.w.org\/{rel}","templated":true}]}}