{"id":3246,"date":"2020-10-27T10:51:19","date_gmt":"2020-10-27T13:51:19","guid":{"rendered":"https:\/\/uspt.edu.ar\/web\/?page_id=3246"},"modified":"2020-10-29T11:54:21","modified_gmt":"2020-10-29T14:54:21","slug":"3246-2","status":"publish","type":"page","link":"https:\/\/uspt.edu.ar\/web\/3246-2\/","title":{"rendered":"Tecnicatura Universitaria en Administraci\u00f3n de Farmacias"},"content":{"rendered":"<p>[vc_row full_width=\u00bbstretch_row_content_no_spaces\u00bb equal_height=\u00bbyes\u00bb css=\u00bb.vc_custom_1593100977859{margin-top: 0px !important;margin-bottom: 0px !important;padding-top: 0px !important;padding-bottom: 0px !important;}\u00bb][vc_column css=\u00bb.vc_custom_1593100628944{padding: 0px !important;background-position: center !important;background-repeat: no-repeat !important;background-size: cover !important;}\u00bb][vc_single_image image=\u00bb3261&#8243; img_size=\u00bbfull\u00bb css=\u00bb.vc_custom_1603983252840{margin-top: 0px !important;margin-bottom: 0px !important;padding-top: 0px !important;padding-bottom: 0px !important;}\u00bb][\/vc_column][\/vc_row][vc_row][vc_column][vc_column_text]<strong>Denominaci\u00f3n:<\/strong> Tecnicatura Universitaria en Administraci\u00f3n de Farmacias<br \/>\n<strong>Instituci\u00f3n:<\/strong>\u00a0Universidad de San Pablo -Tucum\u00e1n<br \/>\n<strong>Ubicaci\u00f3n en la estructura: <\/strong>Instituto de Desarrollo e Innovaci\u00f3n Tecnol\u00f3gica para la Competitividad Territorial<br \/>\n<strong>Modalidad:<\/strong>\u00a0Presencial[\/vc_column_text][\/vc_column][\/vc_row][vc_row][vc_column][vc_column_text]<\/p>\n<h2>T\u00edtulo: Tecnicatura Universitaria en Administraci\u00f3n de Farmacias<\/h2>\n<p>Duraci\u00f3n de la carrera: 3 a\u00f1os<\/p>\n<h2>Perfil del egresado:<\/h2>\n<p>El\/la T\u00e9cnico\/a tendr\u00e1 los siguientes conocimientos y habilidades espec\u00edficas:<\/p>\n<ul>\n<li>Conocimientos avanzados en administraci\u00f3n y funcionamiento de todo lo referente a una Farmacia p\u00fablica y privada.<\/li>\n<li>Conocimientos t\u00e9cnicos necesarios y suficientes de Auditor\u00eda de Obras Sociales, pilar importante en el funcionamiento de una farmacia.<\/li>\n<li>Conocimientos t\u00e9cnicos suficientes en Atenci\u00f3n Farmac\u00e9utica para lograr la funci\u00f3n de colaborador del profesional Farmac\u00e9utico en forma eficaz.<\/li>\n<li>Conocimientos t\u00e9cnicos avanzados en herramientas tecnol\u00f3gicas importantes para facturaci\u00f3n de obras sociales.<\/li>\n<li>Conocimientos de Ingl\u00e9s t\u00e9cnico para desarrollar estrategias de lectura e interpretaci\u00f3n de textos.<\/li>\n<li>Conocimientos legales para interpretar fehacientemente su labor en una oficina de farmacia.<\/li>\n<\/ul>\n<h2>Objetivos de la carrera:<\/h2>\n<p>La carrera tiene como objetivos:<\/p>\n<ul>\n<li>Formar t\u00e9cnicos profesionales, con capacidad de realizar, actividades espec\u00edficas y complementarias a la profesi\u00f3n farmac\u00e9utica.<\/li>\n<li>Formar a los alumnos, cient\u00edfica y t\u00e9cnicamente, para su correcto desenvolvimiento en \u00e1mbitos farmac\u00e9uticos; sean estos p\u00fablicos o privados.<\/li>\n<li>Ense\u00f1ar la correcta aplicaci\u00f3n de todas las t\u00e9cnicas, tanto te\u00f3ricas como pr\u00e1cticas; en el \u00e1rea farmac\u00e9utica.<\/li>\n<li>Ense\u00f1ar al alumno, el correcto desenvolvimiento, en el marco \u00e9tico y legal; correspondiente a las farmacias p\u00fablicas y privadas.<\/li>\n<\/ul>\n<h2>Condiciones de ingreso:<\/h2>\n<p>Aquellos que deseen ingresar a la carrera deber\u00e1n reunir los siguientes requisitos:<\/p>\n<ul>\n<li>T\u00edtulo de nivel Medio o Polimodal en cualquiera de sus modalidades otorgado por instituciones de gesti\u00f3n oficial y\/o privada reconocidas.<\/li>\n<\/ul>\n<p>Excepcionalmente, los mayores de 25 a\u00f1os que no re\u00fanan las condiciones previas, podr\u00e1n ingresar siempre que demuestren, mediante evaluaci\u00f3n a realizar por la universidad, que tienen preparaci\u00f3n y\/o experiencia laboral acorde con los estudios que se proponen iniciar, as\u00ed como aptitudes y conocimientos suficientes para cursarlos satisfactoriamente.<\/p>\n<p>Condiciones de egreso:<\/p>\n<p>Constituyen requisitos de egreso:<\/p>\n<ul>\n<li>Completar el cursado y aprobaci\u00f3n de todas las materias del plan de estudios.<\/li>\n<li>Completar y aprobar las pr\u00e1cticas previstas en el plan de estudios.<\/li>\n<li>Presentar y defender satisfactoriamente el proyecto final de la Tecnicatura.<\/li>\n<\/ul>\n<h2>Organizaci\u00f3n del Plan de Estudios:<\/h2>\n<p>El Plan de estudios se estructura en 6 semestres, previendo una duraci\u00f3n general de la carrera de 3 a\u00f1os de cursado, para el t\u00edtulo T\u00e9cnico Superior Administrativo de Farmacia El Plan est\u00e1 subdivido en tres Ciclos. El Primer Ciclo (B\u00e1sico), contiene las materias de conocimientos generales y las espec\u00edficas del perfil del egresado; que tiene un car\u00e1cter de formaci\u00f3n m\u00e1s general. El Segundo Ciclo (B\u00e1sico Orientado), contiene asignaturas espec\u00edficas del perfil del egresado; que tienen una relaci\u00f3n m\u00e1s directa con la tem\u00e1tica de la carrera. El Tercer Ciclo (Intensificaci\u00f3n); prev\u00e9 la intensificaci\u00f3n de los contenidos desarrollados a lo largo de los dos primeros ciclos; y va preparando al Egresado para el ejercicio Pr\u00e1ctico de la Profesi\u00f3n. Se prev\u00e9 en el plan de estudios, materias obligatorias y opcionales. Dada las caracter\u00edsticas particulares del T\u00e9cnico Superior Administrativo de Farmacia, el Plan de estudios, prev\u00e9 espacios curriculares destinados a las pasant\u00edas en Farmacias p\u00fablicas y privadas ; para familiarizar al egresado con el medio Farmac\u00e9utico de la regi\u00f3n, donde ejercer\u00e1 su actividad Profesional. Asimismo para la obtenci\u00f3n del t\u00edtulo es necesario completar y defender un Proyecto Final de investigaci\u00f3n basado en la pasant\u00eda y cursado de la Carrera.<\/p>\n<h2>Plan de estudios:<\/h2>\n<p>CH:\u00a0\u00a0\u00a0\u00a0 Carga horaria (horas reloj)<\/p>\n<p>R:\u00a0\u00a0\u00a0\u00a0\u00a0\u00a0 R\u00e9gimen (C.1: 1er cuatrimestre, C.2: 2do cuatrimestre, A: anual)<\/p>\n<p>H\/S:\u00a0\u00a0\u00a0 Horas semanales<\/p>\n<p>Ver resoluci\u00f3n haciendo <a href=\"https:\/\/uspt.edu.ar\/web\/0253-2020-tecnicatura-universitaria-en-administracion-de-farmacias-version-final\/\">Clic Aqu\u00ed<\/a>[\/vc_column_text][\/vc_column][\/vc_row][vc_row][vc_column][vc_btn title=\u00bbPre-Inscripci\u00f3n 2021&#8243; style=\u00bbcustom\u00bb custom_background=\u00bb#3f306a\u00bb custom_text=\u00bb#ffffff\u00bb shape=\u00bbsquare\u00bb size=\u00bblg\u00bb link=\u00bburl:https%3A%2F%2Fuspt.edu.ar%2F2021%2Fcourse-single.php%3Fcarrera%3DFAR||target:%20_blank|\u00bb css=\u00bb.vc_custom_1603808118003{background-position: center !important;background-repeat: no-repeat !important;background-size: contain !important;}\u00bb][\/vc_column][\/vc_row]<\/p>\n","protected":false},"excerpt":{"rendered":"<p>[vc_row full_width=\u00bbstretch_row_content_no_spaces\u00bb equal_height=\u00bbyes\u00bb css=\u00bb.vc_custom_1593100977859{margin-top: 0px !important;margin-bottom: 0px !important;padding-top: 0px !important;padding-bottom: 0px !important;}\u00bb][vc_column css=\u00bb.vc_custom_1593100628944{padding: 0px !important;background-position: center !important;background-repeat: no-repeat !important;background-size: cover !important;}\u00bb][vc_single_image image=\u00bb3261&#8243; img_size=\u00bbfull\u00bb css=\u00bb.vc_custom_1603983252840{margin-top: 0px !important;margin-bottom: 0px !important;padding-top: 0px !important;padding-bottom: 0px !important;}\u00bb][\/vc_column][\/vc_row][vc_row][vc_column][vc_column_text]Denominaci\u00f3n: Tecnicatura Universitaria en Administraci\u00f3n de Farmacias Instituci\u00f3n:\u00a0Universidad de San Pablo -Tucum\u00e1n Ubicaci\u00f3n en la estructura: Instituto de Desarrollo e Innovaci\u00f3n Tecnol\u00f3gica para la &hellip; <\/p>\n<p class=\"link-more\"><a href=\"https:\/\/uspt.edu.ar\/web\/3246-2\/\" class=\"more-link\">Continuar leyendo<span class=\"screen-reader-text\"> \u00abTecnicatura Universitaria en Administraci\u00f3n de Farmacias\u00bb<\/span><\/a><\/p>\n","protected":false},"author":2,"featured_media":0,"parent":0,"menu_order":0,"comment_status":"closed","ping_status":"closed","template":"","meta":{"_acf_changed":false,"footnotes":""},"class_list":["post-3246","page","type-page","status-publish","hentry"],"acf":[],"jetpack_sharing_enabled":true,"jetpack_shortlink":"https:\/\/wp.me\/P9JBoE-Qm","jetpack-related-posts":[],"_links":{"self":[{"href":"https:\/\/uspt.edu.ar\/web\/wp-json\/wp\/v2\/pages\/3246","targetHints":{"allow":["GET"]}}],"collection":[{"href":"https:\/\/uspt.edu.ar\/web\/wp-json\/wp\/v2\/pages"}],"about":[{"href":"https:\/\/uspt.edu.ar\/web\/wp-json\/wp\/v2\/types\/page"}],"author":[{"embeddable":true,"href":"https:\/\/uspt.edu.ar\/web\/wp-json\/wp\/v2\/users\/2"}],"replies":[{"embeddable":true,"href":"https:\/\/uspt.edu.ar\/web\/wp-json\/wp\/v2\/comments?post=3246"}],"version-history":[{"count":6,"href":"https:\/\/uspt.edu.ar\/web\/wp-json\/wp\/v2\/pages\/3246\/revisions"}],"predecessor-version":[{"id":3262,"href":"https:\/\/uspt.edu.ar\/web\/wp-json\/wp\/v2\/pages\/3246\/revisions\/3262"}],"wp:attachment":[{"href":"https:\/\/uspt.edu.ar\/web\/wp-json\/wp\/v2\/media?parent=3246"}],"curies":[{"name":"wp","href":"https:\/\/api.w.org\/{rel}","templated":true}]}}