{"id":2840,"date":"2020-06-25T14:02:55","date_gmt":"2020-06-25T17:02:55","guid":{"rendered":"https:\/\/uspt.edu.ar\/web\/?page_id=2840"},"modified":"2020-10-23T22:04:51","modified_gmt":"2020-10-24T01:04:51","slug":"licenciatura-en-gestion-deportiva","status":"publish","type":"page","link":"https:\/\/uspt.edu.ar\/web\/licenciatura-en-gestion-deportiva\/","title":{"rendered":"Licenciatura en Gesti\u00f3n Deportiva"},"content":{"rendered":"<p>[vc_row full_width=\u00bbstretch_row_content_no_spaces\u00bb equal_height=\u00bbyes\u00bb css=\u00bb.vc_custom_1593100977859{margin-top: 0px !important;margin-bottom: 0px !important;padding-top: 0px !important;padding-bottom: 0px !important;}\u00bb][vc_column css=\u00bb.vc_custom_1593100628944{padding: 0px !important;background-position: center !important;background-repeat: no-repeat !important;background-size: cover !important;}\u00bb][vc_single_image image=\u00bb3236&#8243; img_size=\u00bbfull\u00bb css=\u00bb.vc_custom_1603501411014{margin-top: 0px !important;margin-bottom: 0px !important;padding-top: 0px !important;padding-bottom: 0px !important;}\u00bb][\/vc_column][\/vc_row][vc_row][vc_column][vc_column_text]<strong>Denominaci\u00f3n:<\/strong> Licenciatura en Gesti\u00f3n Deportiva<br \/>\n<strong>Instituci\u00f3n:<\/strong>\u00a0Universidad de San Pablo -Tucum\u00e1n<br \/>\n<strong>Ubicaci\u00f3n en la estructura:<\/strong> Instituto de Educaci\u00f3n y Gesti\u00f3n deportiva<br \/>\n<strong>Modalidad:<\/strong>\u00a0Presencial[\/vc_column_text][\/vc_column][\/vc_row][vc_row][vc_column][vc_column_text]<\/p>\n<h2>T\u00edtulo: Licenciatura en Gesti\u00f3n Deportiva<\/h2>\n<p>Duraci\u00f3n de la carrera: 4 a\u00f1os<\/p>\n<h2>Perfil del egresado:<\/h2>\n<p>El egresado de la licenciatura en Gesti\u00f3n Deportiva de la Universidad De San Pablo Tucum\u00e1n es un profesional que cuenta con s\u00f3lidos conocimientos en administraci\u00f3n, gesti\u00f3n, pol\u00edtica y planeamiento que le permitir\u00e1n liderar, gestionar y administrar entidades deportivas, como as\u00ed tambi\u00e9n tiene formaci\u00f3n en marketing, coaching y negocios que le permitir\u00e1n llevar adelante la coordinaci\u00f3n, planificaci\u00f3n y organizaci\u00f3n de eventos, torneos y competencias deportivas. Adem\u00e1s posee saberes relacionados con las finanzas que favorecer\u00e1n la gesti\u00f3n, el an\u00e1lisis y la evaluaci\u00f3n de planes, proyectos y programas de inversi\u00f3n y administraci\u00f3n de recursos.<\/p>\n<h2>Objetivos de la carrera:<\/h2>\n<p>-Crear y Desarrollar un espacio educativo destinado a la formaci\u00f3n de profesionales en Gesti\u00f3n deportiva brindando una s\u00f3lida formaci\u00f3n que logre fortalecer las tareas de conducci\u00f3n de las entidades deportivas.<\/p>\n<p>-Contribuir a la formaci\u00f3n de dirigentes, profesionales y l\u00edderes de entidades deportivas a trav\u00e9s de una propuesta formativa que atienda a las necesidades actuales y del contexto.<\/p>\n<p>-Favorecer el desarrollo de los conocimientos sobre la gesti\u00f3n\u00a0 en el \u00e1mbito deportivo a partir de fundamentos te\u00f3ricos, t\u00e9cnicos y metodol\u00f3gicos.<\/p>\n<p>-Formar recursos humanos para desempe\u00f1ar funciones de gesti\u00f3n, direcci\u00f3n, supervisi\u00f3n y funciones dirigenciales en diversas instituciones que favorezcan el desarrollo deportivo.<\/p>\n<h2>Condiciones de ingreso:<\/h2>\n<p>Para ingresar a la carrera el postulante deber\u00e1:<\/p>\n<ul>\n<li>Poseer t\u00edtulo de nivel medio o polimodal en cualquiera de sus modalidades otorgado por instituciones de gesti\u00f3n oficial y\/o privada reconocidas.<\/li>\n<li>Excepcionalmente, los mayores de 25 a\u00f1os que no re\u00fanan las condiciones previas, podr\u00e1n ingresar siempre que demuestren, mediante evaluaci\u00f3n a realizar por la Universidad, que tienen preparaci\u00f3n y\/o experiencia laboral\u00a0acorde con los estudios que se proponen iniciar, as\u00ed como aptitudes y conocimientos suficientes para cursarlos satisfactoriamente.<\/li>\n<li>Fotocopias del DNI.<\/li>\n<li>2 fotos carnet.<\/li>\n<li>Certificado anal\u00edtico del Nivel Secundario.<\/li>\n<li>Certificado M\u00e9dico de Aptitud F\u00edsica.<\/li>\n<li>Pago de Cuota Matr\u00edcula.<\/li>\n<\/ul>\n<p>.<\/p>\n<h2>Condiciones de egreso:<\/h2>\n<ul>\n<li>Aprobar la totalidad de las asignaturas y dem\u00e1s obligaciones acad\u00e9micas que conforman el plan de estudios de la carrera.<\/li>\n<li>Realizar la pasant\u00eda establecida en el plan de estudio, cumpliendo con los requisitos de asistencia y presentaci\u00f3n de informe que el cuerpo acad\u00e9mico establezca.<\/li>\n<li>Haber cumplido con las normas acad\u00e9micas, arancelarias, \u00e9ticas, disciplinarias y otras que regulen las actividades en esta universidad.<\/li>\n<\/ul>\n<h2>Organizaci\u00f3n del Plan de Estudios:<\/h2>\n<p>La licenciatura cuenta con un total de 40 asignaturas de car\u00e1cter obligatorio y con una dedicaci\u00f3n cuatrimestral. Se estructura en cuatro a\u00f1os de duraci\u00f3n.<\/p>\n<h3 style=\"font-weight: 400;\">1 a\u00f1o<\/h3>\n<p style=\"font-weight: 400;\">Econom\u00eda y administraci\u00f3n general<\/p>\n<p style=\"font-weight: 400;\">Introducci\u00f3n al deporte<\/p>\n<p style=\"font-weight: 400;\">Filosof\u00eda<\/p>\n<p style=\"font-weight: 400;\">Ingl\u00e9s I<\/p>\n<p style=\"font-weight: 400;\">Gesti\u00f3n y Pol\u00edtica Deportiva<\/p>\n<p style=\"font-weight: 400;\">Introducci\u00f3n al Marketing<\/p>\n<p style=\"font-weight: 400;\">Cultura y Estrategia Organizacional<\/p>\n<p style=\"font-weight: 400;\">Entidades deportivas en la argentina y el mundo<\/p>\n<p style=\"font-weight: 400;\">Torneos y Competencias deportivas<\/p>\n<p style=\"font-weight: 400;\">Taller de an\u00e1lisis Contempor\u00e1neo<\/p>\n<h3 style=\"font-weight: 400;\">2 a\u00f1o<\/h3>\n<p style=\"font-weight: 400;\">Econom\u00eda del deporte<\/p>\n<p style=\"font-weight: 400;\">Ingl\u00e9s II<\/p>\n<p style=\"font-weight: 400;\">Coaching Deportivo<\/p>\n<p style=\"font-weight: 400;\">Taller de An\u00e1lisis Contempor\u00e1neo II<\/p>\n<p style=\"font-weight: 400;\">Medios de Comunicaci\u00f3n en el deporte<\/p>\n<p style=\"font-weight: 400;\">Administraci\u00f3n de Recursos Humanos<\/p>\n<p style=\"font-weight: 400;\">Marketing Deportivo<\/p>\n<p style=\"font-weight: 400;\">Gesti\u00f3n y Organizaci\u00f3n de Eventos Deportivos<\/p>\n<p style=\"font-weight: 400;\">Derecho y \u00e9tica Deportiva<\/p>\n<p style=\"font-weight: 400;\">R\u00e9gimen impositivo de entidades deportivas<\/p>\n<h3 style=\"font-weight: 400;\">3 a\u00f1o<\/h3>\n<p style=\"font-weight: 400;\">Direcci\u00f3n institucional estrat\u00e9gica<\/p>\n<p style=\"font-weight: 400;\">Ingl\u00e9s III<\/p>\n<p style=\"font-weight: 400;\">Management deportivo<\/p>\n<p style=\"font-weight: 400;\">Metodolog\u00eda de la Planificaci\u00f3n<\/p>\n<p style=\"font-weight: 400;\">Negociaci\u00f3n de conflictos<\/p>\n<p style=\"font-weight: 400;\">Gesti\u00f3n financiera de entidades deportivas<\/p>\n<p style=\"font-weight: 400;\">Comunicaci\u00f3n y publicidad de eventos deportivos<\/p>\n<p style=\"font-weight: 400;\">Metodolog\u00eda de la Investigaci\u00f3n<\/p>\n<p style=\"font-weight: 400;\">Dise\u00f1o y Gesti\u00f3n de competencias y eventos deportivos<\/p>\n<p style=\"font-weight: 400;\">Formulaci\u00f3n y evaluaci\u00f3n de proyectos de inversi\u00f3n<\/p>\n<h3 style=\"font-weight: 400;\">4 a\u00f1o<\/h3>\n<p style=\"font-weight: 400;\">Eventos deportivos y gesti\u00f3n de la seguridad<\/p>\n<p style=\"font-weight: 400;\">Taller de an\u00e1lisis contempor\u00e1neo III<\/p>\n<h3 style=\"font-weight: 400;\">Protocolo<\/h3>\n<p style=\"font-weight: 400;\">Pr\u00e1ctica en entidades deportivas<\/p>\n<p style=\"font-weight: 400;\">Negocios internacionales en el deporte<\/p>\n<p style=\"font-weight: 400;\">Innovaci\u00f3n en el deporte<\/p>\n<p style=\"font-weight: 400;\">Tecnolog\u00edas en el deporte<\/p>\n<p style=\"font-weight: 400;\">Pr\u00e1ctica en eventos deportivos<\/p>\n<p style=\"font-weight: 400;\">Planificaci\u00f3n estrat\u00e9gica de instalaciones deportivas<\/p>\n<h3 style=\"font-weight: 400;\">Taller de tesis<\/h3>\n<p>&nbsp;[\/vc_column_text][\/vc_column][\/vc_row][vc_row][vc_column][vc_btn title=\u00bbPre-Inscripci\u00f3n 2021&#8243; style=\u00bbcustom\u00bb custom_background=\u00bb#3f306a\u00bb custom_text=\u00bb#ffffff\u00bb shape=\u00bbsquare\u00bb size=\u00bblg\u00bb align=\u00bbcenter\u00bb button_block=\u00bbtrue\u00bb link=\u00bburl:https%3A%2F%2Fuspt.edu.ar%2F2021%2Fcourse-single.php%3Fcarrera%3DLGA||target:%20_blank|\u00bb css=\u00bb.vc_custom_1603501474623{background-position: center !important;background-repeat: no-repeat !important;background-size: contain !important;}\u00bb][\/vc_column][\/vc_row]<\/p>\n","protected":false},"excerpt":{"rendered":"<p>[vc_row full_width=\u00bbstretch_row_content_no_spaces\u00bb equal_height=\u00bbyes\u00bb css=\u00bb.vc_custom_1593100977859{margin-top: 0px !important;margin-bottom: 0px !important;padding-top: 0px !important;padding-bottom: 0px !important;}\u00bb][vc_column css=\u00bb.vc_custom_1593100628944{padding: 0px !important;background-position: center !important;background-repeat: no-repeat !important;background-size: cover !important;}\u00bb][vc_single_image image=\u00bb3236&#8243; img_size=\u00bbfull\u00bb css=\u00bb.vc_custom_1603501411014{margin-top: 0px !important;margin-bottom: 0px !important;padding-top: 0px !important;padding-bottom: 0px !important;}\u00bb][\/vc_column][\/vc_row][vc_row][vc_column][vc_column_text]Denominaci\u00f3n: Licenciatura en Gesti\u00f3n Deportiva Instituci\u00f3n:\u00a0Universidad de San Pablo -Tucum\u00e1n Ubicaci\u00f3n en la estructura: Instituto de Educaci\u00f3n y Gesti\u00f3n deportiva Modalidad:\u00a0Presencial[\/vc_column_text][\/vc_column][\/vc_row][vc_row][vc_column][vc_column_text] T\u00edtulo: Licenciatura en &hellip; <\/p>\n<p class=\"link-more\"><a href=\"https:\/\/uspt.edu.ar\/web\/licenciatura-en-gestion-deportiva\/\" class=\"more-link\">Continuar leyendo<span class=\"screen-reader-text\"> \u00abLicenciatura en Gesti\u00f3n Deportiva\u00bb<\/span><\/a><\/p>\n","protected":false},"author":2,"featured_media":0,"parent":0,"menu_order":0,"comment_status":"closed","ping_status":"closed","template":"","meta":{"_acf_changed":false,"footnotes":""},"class_list":["post-2840","page","type-page","status-publish","hentry"],"acf":[],"jetpack_sharing_enabled":true,"jetpack_shortlink":"https:\/\/wp.me\/P9JBoE-JO","jetpack-related-posts":[],"_links":{"self":[{"href":"https:\/\/uspt.edu.ar\/web\/wp-json\/wp\/v2\/pages\/2840","targetHints":{"allow":["GET"]}}],"collection":[{"href":"https:\/\/uspt.edu.ar\/web\/wp-json\/wp\/v2\/pages"}],"about":[{"href":"https:\/\/uspt.edu.ar\/web\/wp-json\/wp\/v2\/types\/page"}],"author":[{"embeddable":true,"href":"https:\/\/uspt.edu.ar\/web\/wp-json\/wp\/v2\/users\/2"}],"replies":[{"embeddable":true,"href":"https:\/\/uspt.edu.ar\/web\/wp-json\/wp\/v2\/comments?post=2840"}],"version-history":[{"count":8,"href":"https:\/\/uspt.edu.ar\/web\/wp-json\/wp\/v2\/pages\/2840\/revisions"}],"predecessor-version":[{"id":3237,"href":"https:\/\/uspt.edu.ar\/web\/wp-json\/wp\/v2\/pages\/2840\/revisions\/3237"}],"wp:attachment":[{"href":"https:\/\/uspt.edu.ar\/web\/wp-json\/wp\/v2\/media?parent=2840"}],"curies":[{"name":"wp","href":"https:\/\/api.w.org\/{rel}","templated":true}]}}