{"id":2814,"date":"2020-06-25T11:59:03","date_gmt":"2020-06-25T14:59:03","guid":{"rendered":"https:\/\/uspt.edu.ar\/web\/?page_id=2814"},"modified":"2020-06-25T13:27:49","modified_gmt":"2020-06-25T16:27:49","slug":"instituto-de-educacion-y-gestion-deportiva","status":"publish","type":"page","link":"https:\/\/uspt.edu.ar\/web\/institucional\/institutos\/instituto-de-educacion-y-gestion-deportiva\/","title":{"rendered":"Instituto de Educaci\u00f3n y Gesti\u00f3n deportiva"},"content":{"rendered":"\n<h1>Instituto de Educaci\u00f3n y Gesti\u00f3n deportiva<\/h1>\n<p><!--<strong>Director:<\/strong> -\n<strong>Secretaria:<\/strong> -\n<strong>Horario de atenci\u00f3n:<\/strong>\u00a0Lunes a Viernes de 14 a 20 hs.\n<strong>Ubicaci\u00f3n del Instituto:<\/strong> Campus Universidad de San Pablo \u2013 T\n<strong>Tel\u00e9fono:<\/strong>\u00a054-381-4530630 int. 106\n\n<strong>Misi\u00f3n<\/strong>\n\nFavorecer la construcci\u00f3n de un enfoque integral y cr\u00edtico de entrenamiento deportivo, a los efectos de facilitar la comprensi\u00f3n de las caracter\u00edsticas esenciales de cada especialidad, como tambi\u00e9n de los complejos procesos intervinientes en el desarrollo individual y grupal para el logro de m\u00e1ximos niveles de competitividad.\n\nFacilitar la apropiaci\u00f3n de conocimientos de car\u00e1cter te\u00f3rico- conceptuales y t\u00e9cnico instrumentales para el dise\u00f1o y gesti\u00f3n de planes, programas, proyectos y eventos de Alto Rendimiento Deportivo, en un contexto de articulaci\u00f3n de las racionalidades pol\u00edtica, t\u00e9cnica y administrativa para su ejecuci\u00f3n.\n\nPromover la investigaci\u00f3n cient\u00edfica en el Campo del Alto Rendimiento Deportivo, desde un enfoque interdisciplinario que resulte superador de la tensi\u00f3n entre el abstraccionismo te\u00f3rico y el empirismo f\u00e1ctico para el logro de v\u00e1lidos y pertinentes \u00a0niveles de resoluci\u00f3n de los problemas en cuesti\u00f3n.\n\n<strong>Objetivos<\/strong>\n\n\n<ul>\n \t\n\n<li>Crear y desarrollar un espacio educativo de excelencia que contribuya a la formaci\u00f3n de profesionales de Alto Rendimiento Deportivo que, por su nivel de calificaci\u00f3n, logren intervenir con pertinencia y eficiencia en los procesos de entrenamiento de los destacados atletas del pa\u00eds.<\/li>\n\n\n \t\n\n<li>\u00a0Contribuir al desarrollo de un marco te\u00f3rico conceptual referido a la relaci\u00f3n Alto Rendimiento Deportivo \u2013 Sociedad en los actuales escenarios, con el prop\u00f3sito de identificar nuevos t\u00e9rminos de an\u00e1lisis que operen como base de sustentaci\u00f3n para la definici\u00f3n e implementaci\u00f3n de adecuadas pol\u00edticas deportivas para el sector.<\/li>\n\n\n<\/ul>\n\n\n--><\/p>\n<h2>Carreras<\/h2>\n<ul>\n<li><a href=\"https:\/\/uspt.edu.ar\/web\/institucional\/institutos\/instituto-de-educacion-y-gestion-deportiva\/2828-2\/\" target=\"_blank\" rel=\"noopener noreferrer\">Licenciatura en Alto rendimiento Deportivo<\/a><\/li>\n<li>Licenciatura en Gesti\u00f3n deportiva<\/li>\n<\/ul>\n<p>&nbsp;<\/p>\n","protected":false},"excerpt":{"rendered":"<p>Instituto de Educaci\u00f3n y Gesti\u00f3n deportiva Carreras Licenciatura en Alto rendimiento Deportivo Licenciatura en Gesti\u00f3n deportiva &nbsp;<\/p>\n","protected":false},"author":2,"featured_media":0,"parent":148,"menu_order":0,"comment_status":"closed","ping_status":"closed","template":"","meta":{"_acf_changed":false,"footnotes":""},"class_list":["post-2814","page","type-page","status-publish","hentry"],"acf":[],"jetpack_sharing_enabled":true,"jetpack_shortlink":"https:\/\/wp.me\/P9JBoE-Jo","jetpack-related-posts":[],"_links":{"self":[{"href":"https:\/\/uspt.edu.ar\/web\/wp-json\/wp\/v2\/pages\/2814","targetHints":{"allow":["GET"]}}],"collection":[{"href":"https:\/\/uspt.edu.ar\/web\/wp-json\/wp\/v2\/pages"}],"about":[{"href":"https:\/\/uspt.edu.ar\/web\/wp-json\/wp\/v2\/types\/page"}],"author":[{"embeddable":true,"href":"https:\/\/uspt.edu.ar\/web\/wp-json\/wp\/v2\/users\/2"}],"replies":[{"embeddable":true,"href":"https:\/\/uspt.edu.ar\/web\/wp-json\/wp\/v2\/comments?post=2814"}],"version-history":[{"count":8,"href":"https:\/\/uspt.edu.ar\/web\/wp-json\/wp\/v2\/pages\/2814\/revisions"}],"predecessor-version":[{"id":2836,"href":"https:\/\/uspt.edu.ar\/web\/wp-json\/wp\/v2\/pages\/2814\/revisions\/2836"}],"up":[{"embeddable":true,"href":"https:\/\/uspt.edu.ar\/web\/wp-json\/wp\/v2\/pages\/148"}],"wp:attachment":[{"href":"https:\/\/uspt.edu.ar\/web\/wp-json\/wp\/v2\/media?parent=2814"}],"curies":[{"name":"wp","href":"https:\/\/api.w.org\/{rel}","templated":true}]}}