{"id":2401,"date":"2019-12-30T12:22:52","date_gmt":"2019-12-30T15:22:52","guid":{"rendered":"https:\/\/uspt.edu.ar\/web\/?page_id=2401"},"modified":"2020-10-23T21:29:32","modified_gmt":"2020-10-24T00:29:32","slug":"lic-en-gestion-de-entidades-culturales-titulo-intermedio-de-tecnico-en-gestion-cultural","status":"publish","type":"page","link":"https:\/\/uspt.edu.ar\/web\/lic-en-gestion-de-entidades-culturales-titulo-intermedio-de-tecnico-en-gestion-cultural\/","title":{"rendered":"Lic. en Gesti\u00f3n de Entidades Culturales (T\u00edtulo intermedio de T\u00e9cnico en Gesti\u00f3n Cultural)"},"content":{"rendered":"<p>[vc_row full_width=\u00bbstretch_row_content_no_spaces\u00bb][vc_column][vc_single_image image=\u00bb3228&#8243; img_size=\u00bbfull\u00bb][\/vc_column][\/vc_row][vc_row][vc_column][vc_column_text]<strong>Instituci\u00f3n:<\/strong>\u00a0Universidad de San Pablo-Tucum\u00e1n<br \/>\n<strong>Ubicaci\u00f3n en la estructura:<\/strong> Lic. en Gesti\u00f3n de Entidades Culturales<br \/>\n<strong>Modalidad:<\/strong>\u00a0Presencial<br \/>\n<strong>Nivel:<\/strong> Licenciatura<br \/>\n<strong>T\u00edtulo de grado a otorgar:<\/strong> Lic. en Gesti\u00f3n de Entidades Culturales (T\u00edtulo intermedio de T\u00e9cnico en Gesti\u00f3n Cultural)<span style=\"font-size: 1rem;\">[\/vc_column_text][\/vc_column][\/vc_row][vc_row][vc_column][vc_column_text]&nbsp;<\/p>\n<p><strong>Egresado:<\/strong><\/p>\n<p>El egresado podr\u00e1 gestionar organismos culturales p\u00fablicos o privados, asesorar a las \u00e1reas directivas sobre el dise\u00f1o de pol\u00edticas p\u00fablicas culturales para organismos p\u00fablicos o privados, administrar, dirigir organismos con actividades que tengan que ver con el arte, la ciencia y la cultura general en organizaciones p\u00fablicas y privadas. Implementar las actividades culturales previstas en planes o pol\u00edticas P\u00fablicas Culturales en Organismo P\u00fablicos o Privados. Interpretar las necesidades locales en materia de cultura y armonizarlas con las tendencias mundiales a los fines de propender a un adecuado y arm\u00f3nico desarrollo integral del ciudadano.<\/p>\n<h2>DOCUMENTACI\u00d3N A PRESENTAR<\/h2>\n<p>Para la inscripci\u00f3n, la Universidad de San Pablo \u2013 Tucum\u00e1n exigir\u00e1 la siguiente documentaci\u00f3n:<\/p>\n<ul>\n<li>Fotocopia del DNI<\/li>\n<li>Fotocopia autenticada del T\u00edtulo Secundario<\/li>\n<li>Alumnos Mayores de 25 a\u00f1os sin Titulo Secundario. (Consultar en Informes)<\/li>\n<\/ul>\n<h2>PLAN DE ESTUDIOS<\/h2>\n<p style=\"font-weight: 400;\">Plan de estudios<\/p>\n<p style=\"font-weight: 400;\">1\u00b0 A\u00f1o<\/p>\n<p style=\"font-weight: 400;\">Teor\u00eda de la Cultura<\/p>\n<p style=\"font-weight: 400;\">Introducci\u00f3n a los lenguajes Art\u00edsticos<\/p>\n<p style=\"font-weight: 400;\">Historia General<\/p>\n<p style=\"font-weight: 400;\">Econom\u00eda<\/p>\n<p style=\"font-weight: 400;\">Teor\u00eda de la Comunicaci\u00f3n<\/p>\n<p style=\"font-weight: 400;\">Principios de Administraci\u00f3n<\/p>\n<p style=\"font-weight: 400;\">Filosof\u00eda<\/p>\n<p style=\"font-weight: 400;\">Ingl\u00e9s I<\/p>\n<p style=\"font-weight: 400;\">Ingl\u00e9s II<\/p>\n<p style=\"font-weight: 400;\">Inform\u00e1tica<\/p>\n<p style=\"font-weight: 400;\">Introducci\u00f3n a la Gesti\u00f3n Cultural<\/p>\n<p style=\"font-weight: 400;\">Estad\u00edstica I<\/p>\n<p style=\"font-weight: 400;\">Optativa I<\/p>\n<p style=\"font-weight: 400;\">2\u00b0 A\u00f1o<\/p>\n<p style=\"font-weight: 400;\">Derecho Privado III (Contratos Civiles y Comerciales)<\/p>\n<p style=\"font-weight: 400;\">Gesti\u00f3n Cultural I<\/p>\n<p style=\"font-weight: 400;\">Historia del Arte<\/p>\n<p style=\"font-weight: 400;\">Ingl\u00e9s III<\/p>\n<p style=\"font-weight: 400;\">Legislaci\u00f3n de Protecci\u00f3n del Patrimonio Tangible e Intangible<\/p>\n<p style=\"font-weight: 400;\">Lenguajes art\u00edsticos I (Letras)<\/p>\n<p style=\"font-weight: 400;\">Comportamiento Organizacional<\/p>\n<p style=\"font-weight: 400;\">Pol\u00edtica y Sociedad en Am\u00e9rica Latina<\/p>\n<p style=\"font-weight: 400;\">Lenguajes Art\u00edsticos II (Teatro)<\/p>\n<p style=\"font-weight: 400;\">Optativa II<\/p>\n<p style=\"font-weight: 400;\">Metodolog\u00eda de la Planificaci\u00f3n<\/p>\n<p style=\"font-weight: 400;\">Lenguajes Art\u00edsticos III (Artes Audiovisules)<\/p>\n<p style=\"font-weight: 400;\">3\u00b0 A\u00f1o<\/p>\n<p style=\"font-weight: 400;\">Ciclo de Intensificaci\u00f3n<\/p>\n<p style=\"font-weight: 400;\">Gesti\u00f3n Cultural II<\/p>\n<p style=\"font-weight: 400;\">Cooperaci\u00f3n Cultural<\/p>\n<p style=\"font-weight: 400;\">Ceremonial y\u00a0 Organizaci\u00f3n de eventos culturales<\/p>\n<p style=\"font-weight: 400;\">Lenguajes art\u00edsticos IV (M\u00fasica)<\/p>\n<p style=\"font-weight: 400;\">Lenguajes Art\u00edsticos V (Cultura Popular)<\/p>\n<p style=\"font-weight: 400;\">Pol\u00edtica y Sociedad en Argentina<\/p>\n<p style=\"font-weight: 400;\">Historia y Cultura de Tucum\u00e1n y la regi\u00f3n<\/p>\n<p style=\"font-weight: 400;\">Lenguajes art\u00edsticos VI (Artes visuales)<\/p>\n<p style=\"font-weight: 400;\">Derecho P\u00fablico (Administrativo)<\/p>\n<p style=\"font-weight: 400;\">Pasant\u00eda<\/p>\n<p style=\"font-weight: 400;\">Optativa III<\/p>\n<p style=\"font-weight: 400;\">Proyecto Final Tecnicatura<\/p>\n<p style=\"font-weight: 400;\">4\u00b0 A\u00f1o<\/p>\n<p style=\"font-weight: 400;\">Marketing Cultural<\/p>\n<p style=\"font-weight: 400;\">Nuevas Tecnolog\u00edas de la Comunicaci\u00f3n y Manejo de Redes Sociales<\/p>\n<p style=\"font-weight: 400;\">Patrimonio Cultural y Natural<\/p>\n<p style=\"font-weight: 400;\">Gesti\u00f3n Cultural III (Proyecto Cultural)<\/p>\n<p style=\"font-weight: 400;\">Metodolog\u00eda de la Investigaci\u00f3n<\/p>\n<p style=\"font-weight: 400;\">Patrimonio Cultural y Natural de la Regi\u00f3n Noa<\/p>\n<p style=\"font-weight: 400;\">Taller de Tesis<\/p>\n<p style=\"font-weight: 400;\">Proyecto de Tesis<\/p>\n<p style=\"font-weight: 400;\">Optativa IV<\/p>\n<p style=\"font-weight: 400;\">Optativa V<\/p>\n<h2>CERTIFICACI\u00d3N<\/h2>\n<p>Se otorgar\u00e1 el certificado de \u201cLic. en Gesti\u00f3n de Entidades Culturales\u201d.<\/p>\n<p>Se otorgar\u00e1 el certificado de \u201cT\u00e9cnico en Gesti\u00f3n de Entidades Culturales\u201d.<\/p>\n<p>&nbsp;[\/vc_column_text][\/vc_column][\/vc_row][vc_row][vc_column][vc_btn title=\u00bbInscripcion 2021&#8243; style=\u00bbcustom\u00bb custom_background=\u00bb#3f306a\u00bb custom_text=\u00bb#ffffff\u00bb shape=\u00bbsquare\u00bb size=\u00bblg\u00bb align=\u00bbcenter\u00bb button_block=\u00bbtrue\u00bb link=\u00bburl:https%3A%2F%2Fuspt.edu.ar%2F2021%2Fcourse-single.php%3Fcarrera%3DGEC||target:%20_blank|\u00bb][\/vc_column][\/vc_row][vc_row][vc_column][vc_column_text]<\/span><\/h2>\n<p>[\/vc_column_text][\/vc_column][\/vc_row]<\/p>\n","protected":false},"excerpt":{"rendered":"<p>[vc_row full_width=\u00bbstretch_row_content_no_spaces\u00bb][vc_column][vc_single_image image=\u00bb3228&#8243; img_size=\u00bbfull\u00bb][\/vc_column][\/vc_row][vc_row][vc_column][vc_column_text]Instituci\u00f3n:\u00a0Universidad de San Pablo-Tucum\u00e1n Ubicaci\u00f3n en la estructura: Lic. en Gesti\u00f3n de Entidades Culturales Modalidad:\u00a0Presencial Nivel: Licenciatura T\u00edtulo de grado a otorgar: Lic. en Gesti\u00f3n de Entidades Culturales (T\u00edtulo intermedio de T\u00e9cnico en Gesti\u00f3n Cultural)[\/vc_column_text][\/vc_column][\/vc_row][vc_row][vc_column][vc_column_text]&nbsp; Egresado: El egresado podr\u00e1 gestionar organismos culturales p\u00fablicos o privados, asesorar a las \u00e1reas directivas sobre el &hellip; <\/p>\n<p class=\"link-more\"><a href=\"https:\/\/uspt.edu.ar\/web\/lic-en-gestion-de-entidades-culturales-titulo-intermedio-de-tecnico-en-gestion-cultural\/\" class=\"more-link\">Continuar leyendo<span class=\"screen-reader-text\"> \u00abLic. en Gesti\u00f3n de Entidades Culturales (T\u00edtulo intermedio de T\u00e9cnico en Gesti\u00f3n Cultural)\u00bb<\/span><\/a><\/p>\n","protected":false},"author":2,"featured_media":0,"parent":0,"menu_order":0,"comment_status":"closed","ping_status":"closed","template":"","meta":{"_acf_changed":false,"footnotes":""},"class_list":["post-2401","page","type-page","status-publish","hentry"],"acf":[],"jetpack_sharing_enabled":true,"jetpack_shortlink":"https:\/\/wp.me\/P9JBoE-CJ","jetpack-related-posts":[],"_links":{"self":[{"href":"https:\/\/uspt.edu.ar\/web\/wp-json\/wp\/v2\/pages\/2401","targetHints":{"allow":["GET"]}}],"collection":[{"href":"https:\/\/uspt.edu.ar\/web\/wp-json\/wp\/v2\/pages"}],"about":[{"href":"https:\/\/uspt.edu.ar\/web\/wp-json\/wp\/v2\/types\/page"}],"author":[{"embeddable":true,"href":"https:\/\/uspt.edu.ar\/web\/wp-json\/wp\/v2\/users\/2"}],"replies":[{"embeddable":true,"href":"https:\/\/uspt.edu.ar\/web\/wp-json\/wp\/v2\/comments?post=2401"}],"version-history":[{"count":12,"href":"https:\/\/uspt.edu.ar\/web\/wp-json\/wp\/v2\/pages\/2401\/revisions"}],"predecessor-version":[{"id":3229,"href":"https:\/\/uspt.edu.ar\/web\/wp-json\/wp\/v2\/pages\/2401\/revisions\/3229"}],"wp:attachment":[{"href":"https:\/\/uspt.edu.ar\/web\/wp-json\/wp\/v2\/media?parent=2401"}],"curies":[{"name":"wp","href":"https:\/\/api.w.org\/{rel}","templated":true}]}}