{"id":2355,"date":"2019-12-06T10:53:48","date_gmt":"2019-12-06T13:53:48","guid":{"rendered":"https:\/\/uspt.edu.ar\/web\/?page_id=2355"},"modified":"2021-09-06T17:50:44","modified_gmt":"2021-09-06T20:50:44","slug":"licenciatura-en-ceremonial-protocolo-y-organizacion-de-eventos","status":"publish","type":"page","link":"https:\/\/uspt.edu.ar\/web\/licenciatura-en-ceremonial-protocolo-y-organizacion-de-eventos\/","title":{"rendered":"Licenciatura en Ceremonial, Protocolo y Organizaci\u00f3n de Eventos"},"content":{"rendered":"<p>[vc_row full_width=\u00bbstretch_row_content_no_spaces\u00bb][vc_column][vc_single_image image=\u00bb3211&#8243; img_size=\u00bbfull\u00bb][\/vc_column][\/vc_row][vc_row][vc_column][vc_column_text]<strong>Instituci\u00f3n:<\/strong>\u00a0Universidad de San Pablo-Tucum\u00e1n<br \/>\n<strong>Ubicaci\u00f3n en la estructura:<\/strong>\u00a0Instituto de Estudios Sociales, Pol\u00edticos y Cultura<br \/>\n<strong>Modalidad:<\/strong> Presencial y a Distancia<br \/>\n<strong>Nivel:<\/strong> Licenciatura<br \/>\n<strong>T\u00edtulo de grado a otorgar:<\/strong> Licenciado en Protocolo, Ceremonial y Organizaci\u00f3n de eventos<span style=\"font-size: 1rem;\">[\/vc_column_text][\/vc_column][\/vc_row][vc_row][vc_column][vc_column_text]<\/span><\/p>\n<p><strong>Destinatarios:<\/strong><\/p>\n<p>Los destinatarios primarios podr\u00e1n ser los agentes del Poder Legislativo, Poder Ejecutivo, Municipios, Intendencias, Comunas y dem\u00e1s reparticiones de la Provincia de Tucum\u00e1n en sus diferentes niveles y jurisdicciones, que posean nivel de formaci\u00f3n secundaria.<\/p>\n<h2>DOCUMENTACI\u00d3N A PRESENTAR<\/h2>\n<p>Para la inscripci\u00f3n, la Universidad de San Pablo \u2013 Tucum\u00e1n exigir\u00e1 la siguiente documentaci\u00f3n:<\/p>\n<ul>\n<li>Fotocopia del DNI<\/li>\n<li>Fotocopia autenticada del T\u00edtulo Universitario<\/li>\n<\/ul>\n<h2>CONDICIONES DE APROBACI\u00d3N<\/h2>\n<p>Para la obtenci\u00f3n del t\u00edtulo, se deber\u00e1n haber cursado todas las materias te\u00f3ricas y los talleres fijados en el plan de estudios habiendo resultado aprobado en la evaluaci\u00f3n final de cada asignatura con un m\u00ednimo de asistencia del 75% y una nota m\u00ednima de 5 (cinco) en escala de 0 (cero) a 10 (diez), para todas las evaluaciones que se realicen en el conjunto de actividades programadas.<\/p>\n<h2>CERTIFICACI\u00d3N<\/h2>\n<p>Se otorgar\u00e1 el certificado de \u201cLicenciado en Protocolo, Ceremonial y Organizaci\u00f3n de Eventos\u201d.<\/p>\n<h2>PLAN DE ESTUDIOS<\/h2>\n<p>\n<table id=\"tablepress-131\" class=\"tablepress tablepress-id-131\">\n<thead>\n<tr class=\"row-1\">\n\t<th colspan=\"2\" class=\"column-1\"><B>1\u00b0 A\u00d1O<\/B><\/th>\n<\/tr>\n<\/thead>\n<tbody class=\"row-striping row-hover\">\n<tr class=\"row-2\">\n\t<td class=\"column-1\">1<\/td><td class=\"column-2\">Ceremonial V (Ceremonias especiales)<\/td>\n<\/tr>\n<tr class=\"row-3\">\n\t<td class=\"column-1\">2<\/td><td class=\"column-2\">Derecho internacional P\u00fablico y Organismos Internacionales<\/td>\n<\/tr>\n<tr class=\"row-4\">\n\t<td class=\"column-1\">3<\/td><td class=\"column-2\">Ingl\u00e9s II<\/td>\n<\/tr>\n<tr class=\"row-5\">\n\t<td class=\"column-1\">4<\/td><td class=\"column-2\">Portugu\u00e9s I<\/td>\n<\/tr>\n<tr class=\"row-6\">\n\t<td class=\"column-1\">5<\/td><td class=\"column-2\">Cultura popular y Tradiciones Argentinas<\/td>\n<\/tr>\n<tr class=\"row-7\">\n\t<td class=\"column-1\">6<\/td><td class=\"column-2\">Introducci\u00f3n al Derecho de la Empresa de eventos<\/td>\n<\/tr>\n<tr class=\"row-8\">\n\t<td class=\"column-1\">7<\/td><td class=\"column-2\">Integraci\u00f3n y Cooperaci\u00f3n Internacional<\/td>\n<\/tr>\n<tr class=\"row-9\">\n\t<td class=\"column-1\">8<\/td><td class=\"column-2\">Ingl\u00e9s III<\/td>\n<\/tr>\n<tr class=\"row-10\">\n\t<td class=\"column-1\">9<\/td><td class=\"column-2\">Portugu\u00e9s II<\/td>\n<\/tr>\n<tr class=\"row-11\">\n\t<td class=\"column-1\">10<\/td><td class=\"column-2\">Derecho Diplom\u00e1tico y consular<\/td>\n<\/tr>\n<tr class=\"row-12\">\n\t<td class=\"column-1\">11<\/td><td class=\"column-2\">Taller de Producci\u00f3n Audiovisual<\/td>\n<\/tr>\n<tr class=\"row-13\">\n\t<td class=\"column-1\">12<\/td><td class=\"column-2\">Pr\u00e1ctica Profesional III<\/td>\n<\/tr>\n<tr class=\"row-14\">\n\t<td class=\"column-1\">13<\/td><td class=\"column-2\">Culturas Comparadas I<\/td>\n<\/tr>\n<\/tbody>\n<\/table>\n<br \/>\n\n<table id=\"tablepress-132\" class=\"tablepress tablepress-id-132\">\n<thead>\n<tr class=\"row-1\">\n\t<th colspan=\"2\" class=\"column-1\"><B>2\u00b0 A\u00d1O<\/B><\/th>\n<\/tr>\n<\/thead>\n<tbody class=\"row-striping row-hover\">\n<tr class=\"row-2\">\n\t<td class=\"column-1\">1<\/td><td class=\"column-2\">Culturas Comparadas II<\/td>\n<\/tr>\n<tr class=\"row-3\">\n\t<td class=\"column-1\">2<\/td><td class=\"column-2\">Portugu\u00e9s III<\/td>\n<\/tr>\n<tr class=\"row-4\">\n\t<td class=\"column-1\">3<\/td><td class=\"column-2\">Opini\u00f3n p\u00fablica y Comunicaci\u00f3n Pol\u00edtica<\/td>\n<\/tr>\n<tr class=\"row-5\">\n\t<td class=\"column-1\">4<\/td><td class=\"column-2\">Direcci\u00f3n y Administraci\u00f3n de Empresas<\/td>\n<\/tr>\n<tr class=\"row-6\">\n\t<td class=\"column-1\">5<\/td><td class=\"column-2\">Taller de Nuevas Tecnolog\u00edas Comunicacionales<\/td>\n<\/tr>\n<tr class=\"row-7\">\n\t<td class=\"column-1\">6<\/td><td class=\"column-2\">Sistemas Pol\u00edticos Comparados I<\/td>\n<\/tr>\n<tr class=\"row-8\">\n\t<td class=\"column-1\">7<\/td><td class=\"column-2\">Elementos de Dise\u00f1o y Comunicaci\u00f3n Visual<\/td>\n<\/tr>\n<tr class=\"row-9\">\n\t<td class=\"column-1\">8<\/td><td class=\"column-2\">Ambientaci\u00f3n y T\u00e9cnicas Escenogr\u00e1ficas para Eventos<\/td>\n<\/tr>\n<tr class=\"row-10\">\n\t<td class=\"column-1\">9<\/td><td class=\"column-2\">Liderazgo, Mediaci\u00f3n y negociaci\u00f3n para organizadores<\/td>\n<\/tr>\n<tr class=\"row-11\">\n\t<td class=\"column-1\">10<\/td><td class=\"column-2\">Sociolog\u00eda del Ocio<\/td>\n<\/tr>\n<tr class=\"row-12\">\n\t<td class=\"column-1\">11<\/td><td class=\"column-2\">Sistemas Pol\u00edticos Comparados II<\/td>\n<\/tr>\n<tr class=\"row-13\">\n\t<td class=\"column-1\">12<\/td><td class=\"column-2\">Trabajo Integrador Final<\/td>\n<\/tr>\n<\/tbody>\n<\/table>\n<\/p>\n<h2><span style=\"color: #333333; font-size: 1rem;\">[\/vc_column_text][\/vc_column][\/vc_row][vc_row][vc_column][vc_btn title=\u00bbInscripci\u00f3n 2021&#8243; style=\u00bbcustom\u00bb custom_background=\u00bb#3f306a\u00bb custom_text=\u00bb#ffffff\u00bb shape=\u00bbsquare\u00bb size=\u00bblg\u00bb align=\u00bbcenter\u00bb button_block=\u00bbtrue\u00bb link=\u00bburl:https%3A%2F%2Fuspt.edu.ar%2F2021%2Fcourse-single.php%3Fcarrera%3DCER||target:%20_blank|\u00bb][\/vc_column][\/vc_row][vc_row][vc_column][vc_column_text]<\/span><\/h2>\n<p>[\/vc_column_text][\/vc_column][\/vc_row]<\/p>\n","protected":false},"excerpt":{"rendered":"<p>[vc_row full_width=\u00bbstretch_row_content_no_spaces\u00bb][vc_column][vc_single_image image=\u00bb3211&#8243; img_size=\u00bbfull\u00bb][\/vc_column][\/vc_row][vc_row][vc_column][vc_column_text]Instituci\u00f3n:\u00a0Universidad de San Pablo-Tucum\u00e1n Ubicaci\u00f3n en la estructura:\u00a0Instituto de Estudios Sociales, Pol\u00edticos y Cultura Modalidad: Presencial y a Distancia Nivel: Licenciatura T\u00edtulo de grado a otorgar: Licenciado en Protocolo, Ceremonial y Organizaci\u00f3n de eventos[\/vc_column_text][\/vc_column][\/vc_row][vc_row][vc_column][vc_column_text] Destinatarios: Los destinatarios primarios podr\u00e1n ser los agentes del Poder Legislativo, Poder Ejecutivo, Municipios, Intendencias, Comunas y dem\u00e1s &hellip; <\/p>\n<p class=\"link-more\"><a href=\"https:\/\/uspt.edu.ar\/web\/licenciatura-en-ceremonial-protocolo-y-organizacion-de-eventos\/\" class=\"more-link\">Continuar leyendo<span class=\"screen-reader-text\"> \u00abLicenciatura en Ceremonial, Protocolo y Organizaci\u00f3n de Eventos\u00bb<\/span><\/a><\/p>\n","protected":false},"author":2,"featured_media":0,"parent":0,"menu_order":0,"comment_status":"closed","ping_status":"closed","template":"","meta":{"_acf_changed":false,"footnotes":""},"class_list":["post-2355","page","type-page","status-publish","hentry"],"acf":[],"jetpack_sharing_enabled":true,"jetpack_shortlink":"https:\/\/wp.me\/P9JBoE-BZ","jetpack-related-posts":[],"_links":{"self":[{"href":"https:\/\/uspt.edu.ar\/web\/wp-json\/wp\/v2\/pages\/2355","targetHints":{"allow":["GET"]}}],"collection":[{"href":"https:\/\/uspt.edu.ar\/web\/wp-json\/wp\/v2\/pages"}],"about":[{"href":"https:\/\/uspt.edu.ar\/web\/wp-json\/wp\/v2\/types\/page"}],"author":[{"embeddable":true,"href":"https:\/\/uspt.edu.ar\/web\/wp-json\/wp\/v2\/users\/2"}],"replies":[{"embeddable":true,"href":"https:\/\/uspt.edu.ar\/web\/wp-json\/wp\/v2\/comments?post=2355"}],"version-history":[{"count":10,"href":"https:\/\/uspt.edu.ar\/web\/wp-json\/wp\/v2\/pages\/2355\/revisions"}],"predecessor-version":[{"id":3902,"href":"https:\/\/uspt.edu.ar\/web\/wp-json\/wp\/v2\/pages\/2355\/revisions\/3902"}],"wp:attachment":[{"href":"https:\/\/uspt.edu.ar\/web\/wp-json\/wp\/v2\/media?parent=2355"}],"curies":[{"name":"wp","href":"https:\/\/api.w.org\/{rel}","templated":true}]}}