{"id":2247,"date":"2019-12-04T09:43:16","date_gmt":"2019-12-04T12:43:16","guid":{"rendered":"https:\/\/uspt.edu.ar\/web\/?page_id=2247"},"modified":"2020-10-27T11:24:53","modified_gmt":"2020-10-27T14:24:53","slug":"profesorado-y-licenciatura-en-ingles","status":"publish","type":"page","link":"https:\/\/uspt.edu.ar\/web\/profesorado-y-licenciatura-en-ingles\/","title":{"rendered":"Profesorado y Licenciatura en Ingles"},"content":{"rendered":"<p>[vc_row full_width=\u00bbstretch_row_content_no_spaces\u00bb][vc_column][vc_single_image image=\u00bb3254&#8243; img_size=\u00bbfull\u00bb][\/vc_column][\/vc_row][vc_row][vc_column][vc_column_text]<strong>Denominaci\u00f3n:<\/strong> Licenciatura y Profesorado de Ingl\u00e9s<br \/>\n<strong>Instituci\u00f3n:<\/strong> Universidad de San Pablo &#8211; Tucum\u00e1n<br \/>\n<strong>Ubicaci\u00f3n en la estructura:<\/strong> : Instituto Estudios Sociales, Pol\u00edtica y Cultura<br \/>\n<strong>Modalidad:<\/strong>\u00a0Presencial[\/vc_column_text][\/vc_column][\/vc_row][vc_row][vc_column][vc_column_text]<\/p>\n<h2>Perfil del Egresado<\/h2>\n<p>El graduado universitario del profesorado de ingl\u00e9s tendr\u00e1 s\u00f3lidos conocimientos de la lengua ingl\u00e9s\u00a0 y de la propia lengua espa\u00f1ola, as\u00ed como una formaci\u00f3n filos\u00f3fica, hist\u00f3rica y social para comprender al individuo en su entorno. Poseer\u00e1 una formaci\u00f3n pedag\u00f3gica did\u00e1ctica que le permitir\u00e1 conducir procesos de ense\u00f1anza aprendizaje del ingl\u00e9s y ejercer su rol docente en las distintas instituciones educativas del \u00e1mbito privado y estatal, as\u00ed como tambi\u00e9n en empresas o academias que deseen capacitar a su personal.\u00a0 Estar\u00e1 capacitado para dise\u00f1ar, desarrollar y evaluar proyectos de investigaci\u00f3n educativa , asesorar en los aspectos concernientes a la metodolog\u00eda de la ense\u00f1anza del ingl\u00e9s \u00a0y realizar dise\u00f1os curriculares acordes al desarrollo integral de sus alumnos.<\/p>\n<h2>Condiciones de Ingreso<\/h2>\n<ul>\n<li>Poseer t\u00edtulo de nivel medio o polimodal en cualquiera de sus modalidades otorgado por instituciones de gesti\u00f3n oficial y\/o privada reconocidas.<\/li>\n<li>Fotocopias del DNI.<\/li>\n<li>2 fotos carnet.<\/li>\n<li>Certificado anal\u00edtico del Nivel Secundario.<\/li>\n<li>Certificado M\u00e9dico de Aptitud F\u00edsica.<\/li>\n<li>Pago de Cuota Matr\u00edcula.<\/li>\n<\/ul>\n<h2>Plan de Estudios<\/h2>\n\n<table id=\"tablepress-124\" class=\"tablepress tablepress-id-124 tbody-has-connected-cells\">\n<thead>\n<tr class=\"row-1\">\n\t<th colspan=\"2\" class=\"column-1\">Plan de estudios<\/th>\n<\/tr>\n<\/thead>\n<tbody class=\"row-striping row-hover\">\n<tr class=\"row-2\">\n\t<td rowspan=\"8\" class=\"column-1\">1\u00b0 a\u00f1o<\/td><td class=\"column-2\">Lengua inglesa I<\/td>\n<\/tr>\n<tr class=\"row-3\">\n\t<td class=\"column-2\">Fon\u00e9tica y fonolog\u00eda inglesa I<\/td>\n<\/tr>\n<tr class=\"row-4\">\n\t<td class=\"column-2\">Gram\u00e1tica inglesa I<\/td>\n<\/tr>\n<tr class=\"row-5\">\n\t<td class=\"column-2\">Filosof\u00eda<\/td>\n<\/tr>\n<tr class=\"row-6\">\n\t<td class=\"column-2\">Fundamentos b\u00e1sicos de la educaci\u00f3n<\/td>\n<\/tr>\n<tr class=\"row-7\">\n\t<td class=\"column-2\">Sistema educativo argentino y tucumano<\/td>\n<\/tr>\n<tr class=\"row-8\">\n\t<td class=\"column-2\">Taller de lengua espa\u00f1ola<\/td>\n<\/tr>\n<tr class=\"row-9\">\n\t<td class=\"column-2\">Taller de literatura de habla inglesa<\/td>\n<\/tr>\n<tr class=\"row-10\">\n\t<td class=\"column-1\"><\/td><td class=\"column-2\"><\/td>\n<\/tr>\n<tr class=\"row-11\">\n\t<td rowspan=\"8\" class=\"column-1\">2\u00b0 a\u00f1o<\/td><td class=\"column-2\">Lengua inglesa II<\/td>\n<\/tr>\n<tr class=\"row-12\">\n\t<td class=\"column-2\">Fon\u00e9tica y fonolog\u00eda inglesa II<\/td>\n<\/tr>\n<tr class=\"row-13\">\n\t<td class=\"column-2\">Gram\u00e1tica inglesa II<\/td>\n<\/tr>\n<tr class=\"row-14\">\n\t<td class=\"column-2\">Literatura de habla inglesa I<\/td>\n<\/tr>\n<tr class=\"row-15\">\n\t<td class=\"column-2\">Introducci\u00f3n a la ling\u00fc\u00edstica<\/td>\n<\/tr>\n<tr class=\"row-16\">\n\t<td class=\"column-2\">Psicolog\u00eda educativa<\/td>\n<\/tr>\n<tr class=\"row-17\">\n\t<td class=\"column-2\">Did\u00e1ctica general<\/td>\n<\/tr>\n<tr class=\"row-18\">\n\t<td class=\"column-2\"><\/td>\n<\/tr>\n<tr class=\"row-19\">\n\t<td rowspan=\"7\" class=\"column-1\">3\u00b0 a\u00f1o<\/td><td class=\"column-2\">Lengua inglesa III<\/td>\n<\/tr>\n<tr class=\"row-20\">\n\t<td class=\"column-2\">Gram\u00e1tica inglesa III<\/td>\n<\/tr>\n<tr class=\"row-21\">\n\t<td class=\"column-2\">Literatura de habla inglesa II<\/td>\n<\/tr>\n<tr class=\"row-22\">\n\t<td class=\"column-2\">Cultura de los pueblos de habla inglesa I<\/td>\n<\/tr>\n<tr class=\"row-23\">\n\t<td class=\"column-2\">An\u00e1lisis del discurso<\/td>\n<\/tr>\n<tr class=\"row-24\">\n\t<td class=\"column-2\">Did\u00e1ctica espec\u00edfica y pr\u00e1ctica de la ense\u00f1anza I<\/td>\n<\/tr>\n<tr class=\"row-25\">\n\t<td class=\"column-2\">Electiva: taller de an\u00e1lisis contempor\u00e1neo I<\/td>\n<\/tr>\n<tr class=\"row-26\">\n\t<td class=\"column-1\"><\/td><td class=\"column-2\"><\/td>\n<\/tr>\n<tr class=\"row-27\">\n\t<td rowspan=\"7\" class=\"column-1\">4\u00b0 a\u00f1o<\/td><td class=\"column-2\">Lengua Inglesa IV<\/td>\n<\/tr>\n<tr class=\"row-28\">\n\t<td class=\"column-2\">Taller de ESP (ingl\u00e9s con fines espec\u00edficos)<\/td>\n<\/tr>\n<tr class=\"row-29\">\n\t<td class=\"column-2\">Cultura de los pueblos de habla inglesa II<\/td>\n<\/tr>\n<tr class=\"row-30\">\n\t<td class=\"column-2\">Did\u00e1ctica espec\u00edfica y pr\u00e1ctica de la ense\u00f1anza II<\/td>\n<\/tr>\n<tr class=\"row-31\">\n\t<td class=\"column-2\">Taller: Las Tics y la ense\u00f1anza de la lengua extranjera<\/td>\n<\/tr>\n<tr class=\"row-32\">\n\t<td class=\"column-2\">Adquisici\u00f3n de una segunda lengua<\/td>\n<\/tr>\n<tr class=\"row-33\">\n\t<td class=\"column-2\">Electiva: Taller de an\u00e1lisis contempor\u00e1neo II<\/td>\n<\/tr>\n<\/tbody>\n<\/table>\n<!-- #tablepress-124 from cache -->\n<h2>Licenciatura en Ingles<\/h2>\n<h2>Plan de Estudios<\/h2>\n<p>\n<table id=\"tablepress-125\" class=\"tablepress tablepress-id-125 tbody-has-connected-cells\">\n<thead>\n<tr class=\"row-1\">\n\t<th colspan=\"2\" class=\"column-1\">Licenciatura en ingl\u00e9s<\/th>\n<\/tr>\n<\/thead>\n<tbody class=\"row-striping row-hover\">\n<tr class=\"row-2\">\n\t<td class=\"column-1\"><\/td><td class=\"column-2\"><\/td>\n<\/tr>\n<tr class=\"row-3\">\n\t<td colspan=\"2\" class=\"column-1\">Ciclo de complementaci\u00f3n del Profesorado de Ingl\u00e9s<\/td>\n<\/tr>\n<tr class=\"row-4\">\n\t<td class=\"column-1\"><\/td><td class=\"column-2\"><\/td>\n<\/tr>\n<tr class=\"row-5\">\n\t<td colspan=\"2\" class=\"column-1\">Duraci\u00f3n 1 a\u00f1o<\/td>\n<\/tr>\n<tr class=\"row-6\">\n\t<td class=\"column-1\"><\/td><td class=\"column-2\"><\/td>\n<\/tr>\n<tr class=\"row-7\">\n\t<td rowspan=\"8\" class=\"column-1\">5\u00b0 a\u00f1o<\/td><td class=\"column-2\">Taller de tesis<\/td>\n<\/tr>\n<tr class=\"row-8\">\n\t<td class=\"column-2\">Metodolog\u00eda de la investigaci\u00f3n<\/td>\n<\/tr>\n<tr class=\"row-9\">\n\t<td class=\"column-2\">Taller de an\u00e1lisis contempor\u00e1neo<\/td>\n<\/tr>\n<tr class=\"row-10\">\n\t<td class=\"column-2\">Sociolinguistica<\/td>\n<\/tr>\n<tr class=\"row-11\">\n\t<td class=\"column-2\">Psicolinguistica<\/td>\n<\/tr>\n<tr class=\"row-12\">\n\t<td class=\"column-2\">Gram\u00e1tica comparada espa\u00f1ol \u0096 ingl\u00e9s<\/td>\n<\/tr>\n<tr class=\"row-13\">\n\t<td class=\"column-2\">Estad{istica<\/td>\n<\/tr>\n<tr class=\"row-14\">\n\t<td class=\"column-2\">Tesis<\/td>\n<\/tr>\n<\/tbody>\n<\/table>\n<!-- #tablepress-125 from cache -->[\/vc_column_text][\/vc_column][\/vc_row][vc_row][vc_column][vc_btn title=\u00bbInscripcion 2021&#8243; style=\u00bbcustom\u00bb custom_background=\u00bb#3f306a\u00bb custom_text=\u00bb#ffffff\u00bb shape=\u00bbsquare\u00bb size=\u00bblg\u00bb align=\u00bbcenter\u00bb button_block=\u00bbtrue\u00bb link=\u00bburl:https%3A%2F%2Fuspt.edu.ar%2F2021%2Fcourse-single.php%3Fcarrera%3DING||target:%20_blank|\u00bb][\/vc_column][\/vc_row]<\/p>\n","protected":false},"excerpt":{"rendered":"<p>[vc_row full_width=\u00bbstretch_row_content_no_spaces\u00bb][vc_column][vc_single_image image=\u00bb3254&#8243; img_size=\u00bbfull\u00bb][\/vc_column][\/vc_row][vc_row][vc_column][vc_column_text]Denominaci\u00f3n: Licenciatura y Profesorado de Ingl\u00e9s Instituci\u00f3n: Universidad de San Pablo &#8211; Tucum\u00e1n Ubicaci\u00f3n en la estructura: : Instituto Estudios Sociales, Pol\u00edtica y Cultura Modalidad:\u00a0Presencial[\/vc_column_text][\/vc_column][\/vc_row][vc_row][vc_column][vc_column_text] Perfil del Egresado El graduado universitario del profesorado de ingl\u00e9s tendr\u00e1 s\u00f3lidos conocimientos de la lengua ingl\u00e9s\u00a0 y de la propia lengua espa\u00f1ola, as\u00ed como una formaci\u00f3n &hellip; <\/p>\n<p class=\"link-more\"><a href=\"https:\/\/uspt.edu.ar\/web\/profesorado-y-licenciatura-en-ingles\/\" class=\"more-link\">Continuar leyendo<span class=\"screen-reader-text\"> \u00abProfesorado y Licenciatura en Ingles\u00bb<\/span><\/a><\/p>\n","protected":false},"author":2,"featured_media":0,"parent":0,"menu_order":0,"comment_status":"closed","ping_status":"closed","template":"","meta":{"_acf_changed":false,"footnotes":""},"class_list":["post-2247","page","type-page","status-publish","hentry"],"acf":[],"jetpack_sharing_enabled":true,"jetpack_shortlink":"https:\/\/wp.me\/P9JBoE-Af","jetpack-related-posts":[],"_links":{"self":[{"href":"https:\/\/uspt.edu.ar\/web\/wp-json\/wp\/v2\/pages\/2247","targetHints":{"allow":["GET"]}}],"collection":[{"href":"https:\/\/uspt.edu.ar\/web\/wp-json\/wp\/v2\/pages"}],"about":[{"href":"https:\/\/uspt.edu.ar\/web\/wp-json\/wp\/v2\/types\/page"}],"author":[{"embeddable":true,"href":"https:\/\/uspt.edu.ar\/web\/wp-json\/wp\/v2\/users\/2"}],"replies":[{"embeddable":true,"href":"https:\/\/uspt.edu.ar\/web\/wp-json\/wp\/v2\/comments?post=2247"}],"version-history":[{"count":14,"href":"https:\/\/uspt.edu.ar\/web\/wp-json\/wp\/v2\/pages\/2247\/revisions"}],"predecessor-version":[{"id":3255,"href":"https:\/\/uspt.edu.ar\/web\/wp-json\/wp\/v2\/pages\/2247\/revisions\/3255"}],"wp:attachment":[{"href":"https:\/\/uspt.edu.ar\/web\/wp-json\/wp\/v2\/media?parent=2247"}],"curies":[{"name":"wp","href":"https:\/\/api.w.org\/{rel}","templated":true}]}}