{"id":178,"date":"2018-03-21T12:56:10","date_gmt":"2018-03-21T15:56:10","guid":{"rendered":"http:\/\/uspt.edu.ar\/web\/?page_id=178"},"modified":"2019-01-02T12:15:06","modified_gmt":"2019-01-02T15:15:06","slug":"carreras-de-posgrado-en-curso","status":"publish","type":"page","link":"https:\/\/uspt.edu.ar\/web\/posgrado\/carreras-de-posgrado-en-curso\/","title":{"rendered":"Carreras de posgrado en curso"},"content":{"rendered":"\n<h1>Carreras de posgrado en curso<\/h1>\n<ul>\n<li>Maestr\u00eda en Derecho Parlamentario. Aprobada por Resoluci\u00f3n Ministerial N\u00ba 2178. Acta de Coneau N\u00b0 358<\/li>\n<li>Especializaci\u00f3n en Ca\u00f1a de Az\u00facar. Aprobada por Resoluci\u00f3n Ministerial N\u00b0 1671. Acta de Coneau N\u00b0 398<\/li>\n<li>Maestr\u00eda en Pol\u00edtica y Gobierno. Aprobada por Resoluci\u00f3n Ministerial N\u00ba 1959. Acta Coneau N\u00ba 391.<\/li>\n<li><a href=\"http:\/\/uspt.edu.ar\/web\/wp-content\/uploads\/2019\/01\/Aviso_16x26-cm-02.jpg\"  target=\"_blank\" >Maestr\u00eda en Direcci\u00f3n y Gesti\u00f3n de Empresas<\/a> &#8211; Aprobada por Resoluci\u00f3n Ministerial\u00a0 \u00a0N\u00ba 3477 Acta Coneau 413<\/li>\n<\/ul>\n","protected":false},"excerpt":{"rendered":"<p>Carreras de posgrado en curso Maestr\u00eda en Derecho Parlamentario. Aprobada por Resoluci\u00f3n Ministerial N\u00ba 2178. Acta de Coneau N\u00b0 358 Especializaci\u00f3n en Ca\u00f1a de Az\u00facar. Aprobada por Resoluci\u00f3n Ministerial N\u00b0 1671. Acta de Coneau N\u00b0 398 Maestr\u00eda en Pol\u00edtica y Gobierno. Aprobada por Resoluci\u00f3n Ministerial N\u00ba 1959. Acta Coneau N\u00ba 391. Maestr\u00eda en Direcci\u00f3n y &hellip; <\/p>\n<p class=\"link-more\"><a href=\"https:\/\/uspt.edu.ar\/web\/posgrado\/carreras-de-posgrado-en-curso\/\" class=\"more-link\">Continuar leyendo<span class=\"screen-reader-text\"> \u00abCarreras de posgrado en curso\u00bb<\/span><\/a><\/p>\n","protected":false},"author":2,"featured_media":0,"parent":176,"menu_order":0,"comment_status":"closed","ping_status":"closed","template":"","meta":{"_acf_changed":false,"footnotes":""},"class_list":["post-178","page","type-page","status-publish","hentry"],"acf":[],"jetpack_sharing_enabled":true,"jetpack_shortlink":"https:\/\/wp.me\/P9JBoE-2S","jetpack-related-posts":[],"_links":{"self":[{"href":"https:\/\/uspt.edu.ar\/web\/wp-json\/wp\/v2\/pages\/178","targetHints":{"allow":["GET"]}}],"collection":[{"href":"https:\/\/uspt.edu.ar\/web\/wp-json\/wp\/v2\/pages"}],"about":[{"href":"https:\/\/uspt.edu.ar\/web\/wp-json\/wp\/v2\/types\/page"}],"author":[{"embeddable":true,"href":"https:\/\/uspt.edu.ar\/web\/wp-json\/wp\/v2\/users\/2"}],"replies":[{"embeddable":true,"href":"https:\/\/uspt.edu.ar\/web\/wp-json\/wp\/v2\/comments?post=178"}],"version-history":[{"count":0,"href":"https:\/\/uspt.edu.ar\/web\/wp-json\/wp\/v2\/pages\/178\/revisions"}],"up":[{"embeddable":true,"href":"https:\/\/uspt.edu.ar\/web\/wp-json\/wp\/v2\/pages\/176"}],"wp:attachment":[{"href":"https:\/\/uspt.edu.ar\/web\/wp-json\/wp\/v2\/media?parent=178"}],"curies":[{"name":"wp","href":"https:\/\/api.w.org\/{rel}","templated":true}]}}