{"id":172,"date":"2018-03-21T12:52:44","date_gmt":"2018-03-21T15:52:44","guid":{"rendered":"http:\/\/uspt.edu.ar\/web\/?page_id=172"},"modified":"2018-05-07T11:56:17","modified_gmt":"2018-05-07T14:56:17","slug":"capacitacion-docente","status":"publish","type":"page","link":"https:\/\/uspt.edu.ar\/web\/oferta-academica\/capacitacion-docente\/","title":{"rendered":"Capacitaci\u00f3n Docente"},"content":{"rendered":"<p>[vc_row][vc_column][\/vc_column][\/vc_row][vc_row][vc_column][vc_column_text]<\/p>\n<h1>Capacitaci\u00f3n Docente<\/h1>\n<p><strong>Para informes:<\/strong> Sede Centro Cultural de la USP-T, 24 de Septiembre 476, San Miguel de Tucum\u00e1n.<\/p>\n<p><strong>Tel\u00e9fono:<\/strong> 4530630 interno 243<\/p>\n<p><strong>Referente pedag\u00f3gico:<\/strong> Dra. Carolina L\u00f3pez Flores<\/p>\n<p><strong>Correo electr\u00f3nico:<\/strong> clopezflores@uspt.edu.ar[\/vc_column_text][\/vc_column][\/vc_row]<\/p>\n","protected":false},"excerpt":{"rendered":"<p>[vc_row][vc_column][\/vc_column][\/vc_row][vc_row][vc_column][vc_column_text] Capacitaci\u00f3n Docente Para informes: Sede Centro Cultural de la USP-T, 24 de Septiembre 476, San Miguel de Tucum\u00e1n. Tel\u00e9fono: 4530630 interno 243 Referente pedag\u00f3gico: Dra. Carolina L\u00f3pez Flores Correo electr\u00f3nico: clopezflores@uspt.edu.ar[\/vc_column_text][\/vc_column][\/vc_row]<\/p>\n","protected":false},"author":2,"featured_media":0,"parent":170,"menu_order":0,"comment_status":"closed","ping_status":"closed","template":"","meta":{"_acf_changed":false,"footnotes":""},"class_list":["post-172","page","type-page","status-publish","hentry"],"acf":[],"jetpack_sharing_enabled":true,"jetpack_shortlink":"https:\/\/wp.me\/P9JBoE-2M","jetpack-related-posts":[],"_links":{"self":[{"href":"https:\/\/uspt.edu.ar\/web\/wp-json\/wp\/v2\/pages\/172","targetHints":{"allow":["GET"]}}],"collection":[{"href":"https:\/\/uspt.edu.ar\/web\/wp-json\/wp\/v2\/pages"}],"about":[{"href":"https:\/\/uspt.edu.ar\/web\/wp-json\/wp\/v2\/types\/page"}],"author":[{"embeddable":true,"href":"https:\/\/uspt.edu.ar\/web\/wp-json\/wp\/v2\/users\/2"}],"replies":[{"embeddable":true,"href":"https:\/\/uspt.edu.ar\/web\/wp-json\/wp\/v2\/comments?post=172"}],"version-history":[{"count":0,"href":"https:\/\/uspt.edu.ar\/web\/wp-json\/wp\/v2\/pages\/172\/revisions"}],"up":[{"embeddable":true,"href":"https:\/\/uspt.edu.ar\/web\/wp-json\/wp\/v2\/pages\/170"}],"wp:attachment":[{"href":"https:\/\/uspt.edu.ar\/web\/wp-json\/wp\/v2\/media?parent=172"}],"curies":[{"name":"wp","href":"https:\/\/api.w.org\/{rel}","templated":true}]}}