{"id":148,"date":"2018-03-21T12:26:02","date_gmt":"2018-03-21T15:26:02","guid":{"rendered":"http:\/\/uspt.edu.ar\/web\/?page_id=148"},"modified":"2020-06-25T12:13:57","modified_gmt":"2020-06-25T15:13:57","slug":"institutos","status":"publish","type":"page","link":"https:\/\/uspt.edu.ar\/web\/institucional\/institutos\/","title":{"rendered":"Institutos"},"content":{"rendered":"\n<h1>Institutos<\/h1>\n<h2><a href=\"http:\/\/uspt.edu.ar\/web\/institucional\/institutos\/instituto-de-desarrollo-e-innovacion-tecnologica-para-la-competitividad-territorial\/\">Desarrollo e Innovaci\u00f3n Tecnol\u00f3gica para la Competitividad Territorial<\/a><\/h2>\n<h2><a href=\"http:\/\/uspt.edu.ar\/web\/institucional\/institutos\/instituto-de-estudios-sociales-politica-y-cultura\/\">Estudios Sociales, Pol\u00edtica y Cultura<\/a><\/h2>\n<h2><a href=\"http:\/\/uspt.edu.ar\/web\/institucional\/institutos\/instituto-de-salud-y-calidad-de-vida\/\">Salud y Calidad de Vida<\/a><\/h2>\n<h2><a href=\"http:\/\/uspt.edu.ar\/web\/institucional\/institutos\/instituto-de-diseno-estrategia-creatividad\/\">Dise\u00f1o, Estrategia &amp; Creatividad<\/a><\/h2>\n<h2><a href=\"https:\/\/uspt.edu.ar\/web\/institucional\/institutos\/instituto-de-educacion-a-distancia-y-tecnologia-educativa\/\">Instituto de Educaci\u00f3n a Distancia y Tecnolog\u00eda Educativa<\/a><\/h2>\n<h2><a href=\"https:\/\/uspt.edu.ar\/web\/institucional\/institutos\/instituto-de-educacion-y-gestion-deportiva\/\">Instituto de Educaci\u00f3n y Gesti\u00f3n Deportiva<\/a><\/h2>\n<p>&nbsp;<\/p>\n<p>&nbsp;<\/p>\n","protected":false},"excerpt":{"rendered":"<p>Institutos Desarrollo e Innovaci\u00f3n Tecnol\u00f3gica para la Competitividad Territorial Estudios Sociales, Pol\u00edtica y Cultura Salud y Calidad de Vida Dise\u00f1o, Estrategia &amp; Creatividad Instituto de Educaci\u00f3n a Distancia y Tecnolog\u00eda Educativa Instituto de Educaci\u00f3n y Gesti\u00f3n Deportiva &nbsp; &nbsp;<\/p>\n","protected":false},"author":2,"featured_media":0,"parent":13,"menu_order":0,"comment_status":"closed","ping_status":"closed","template":"","meta":{"_acf_changed":false,"footnotes":""},"class_list":["post-148","page","type-page","status-publish","hentry"],"acf":[],"jetpack_sharing_enabled":true,"jetpack_shortlink":"https:\/\/wp.me\/P9JBoE-2o","jetpack-related-posts":[],"_links":{"self":[{"href":"https:\/\/uspt.edu.ar\/web\/wp-json\/wp\/v2\/pages\/148","targetHints":{"allow":["GET"]}}],"collection":[{"href":"https:\/\/uspt.edu.ar\/web\/wp-json\/wp\/v2\/pages"}],"about":[{"href":"https:\/\/uspt.edu.ar\/web\/wp-json\/wp\/v2\/types\/page"}],"author":[{"embeddable":true,"href":"https:\/\/uspt.edu.ar\/web\/wp-json\/wp\/v2\/users\/2"}],"replies":[{"embeddable":true,"href":"https:\/\/uspt.edu.ar\/web\/wp-json\/wp\/v2\/comments?post=148"}],"version-history":[{"count":6,"href":"https:\/\/uspt.edu.ar\/web\/wp-json\/wp\/v2\/pages\/148\/revisions"}],"predecessor-version":[{"id":2825,"href":"https:\/\/uspt.edu.ar\/web\/wp-json\/wp\/v2\/pages\/148\/revisions\/2825"}],"up":[{"embeddable":true,"href":"https:\/\/uspt.edu.ar\/web\/wp-json\/wp\/v2\/pages\/13"}],"wp:attachment":[{"href":"https:\/\/uspt.edu.ar\/web\/wp-json\/wp\/v2\/media?parent=148"}],"curies":[{"name":"wp","href":"https:\/\/api.w.org\/{rel}","templated":true}]}}